{"id":896,"date":"2021-01-22T20:46:53","date_gmt":"2021-01-23T01:46:53","guid":{"rendered":"http:\/\/emcglobalindustrial.com\/?post_type=product&#038;p=896"},"modified":"2025-10-29T14:55:31","modified_gmt":"2025-10-29T18:55:31","slug":"c4040-container-shelter","status":"publish","type":"product","link":"https:\/\/emcglobalindustrial.com\/fr\/produit\/c4040-container-shelter\/","title":{"rendered":"C4040 Container Shelter-ModelC404015"},"content":{"rendered":"<h2><strong>Mod\u00e8le:<\/strong> EMC-C404015<\/h2>\n<h2><strong>Sp\u00e9cification<\/strong><\/h2>\n<ul>\n<li>Size: 40\u00d7 40\u00d7 15 ft (12 x 12 x 4.5)m<\/li>\n<li>Single trussed galvanized tube<\/li>\n<li>Arch space 2m,<\/li>\n<li>7 groups Arches: 76*2mm<\/li>\n<li>7 groups Purlins: 60*1.5mm<\/li>\n<li>Porte de treuil : 18 pi * 15,4 pi<\/li>\n<li>Cadre : tube galvanis\u00e9 solide<\/li>\n<li>Fabric Cover: Durable 300g PE,\u00a0 PVC 450g, PVC 610g<\/li>\n<li>Caract\u00e9ristique du tissu : imperm\u00e9able, r\u00e9sistant aux UV, avec propri\u00e9t\u00e9 autonettoyante<\/li>\n<li>Syst\u00e8me de tension\u00a0: syst\u00e8me d'arrimage \u00e0 tuyau et \u00e0 cliquet<\/li>\n<li>Emballage: Bo\u00eete en acier solide et navigable<\/li>\n<\/ul>\n<h2><strong>Warranty<\/strong><\/h2>\n<ul>\n<li><a href=\"http:\/\/emcglobalindustrial.com\/wp-content\/uploads\/2025\/10\/EMC-Farm-Industrial-Inc.-Warranty-Terms-and-Conditions-EN.pdf\" target=\"_blank\" rel=\"noopener\">Warranty Terms and Conditions (EN)<\/a><\/li>\n<li><a href=\"http:\/\/emcglobalindustrial.com\/wp-content\/uploads\/2025\/10\/EMC-Farm-Industrial-Inc.-Conditions-de-Garantie-FR.pdf\" target=\"_blank\" rel=\"noopener\">Conditions de Garantie (FR)<\/a><\/li>\n<\/ul>\n<h2><strong>D\u00e9tail d'emballage<\/strong><\/h2>\n<ul>\n<li>Packing Size (Inch): 102*30*49<\/li>\n<li>Weight (lb): 2142<\/li>\n<li>Price: PE300g 5600$ | PVC450g 6100$ | PVC610g 6800$<\/li>\n<\/ul>","protected":false},"excerpt":{"rendered":"<p>Model: EMC-C404015 Specification Size: 40\u00d7 40\u00d7 15 ft (12 x 12 x 4.5)m Single trussed galvanized tube Arch space 2m, 7 groups Arches: 76*2mm 7 groups Purlins: 60*1.5mm Winch Door: 18ft*15.4ft Frame: Strong Galvanized Tube Fabric Cover: Durable 300g PE,\u00a0 PVC 450g, PVC 610g Fabric Feature: Waterproof, UV resistant, with&hellip; <\/p>","protected":false},"featured_media":822,"comment_status":"open","ping_status":"closed","template":"","meta":[],"product_brand":[],"product_cat":[62,63],"product_tag":[],"class_list":{"0":"post-896","1":"product","2":"type-product","3":"status-publish","4":"has-post-thumbnail","6":"product_cat-storage-equipment","7":"product_cat-storage-shelter-storage-equipment","9":"first","10":"instock","11":"shipping-taxable","12":"purchasable","13":"product-type-simple"},"_links":{"self":[{"href":"https:\/\/emcglobalindustrial.com\/fr\/wp-json\/wp\/v2\/product\/896","targetHints":{"allow":["GET"]}}],"collection":[{"href":"https:\/\/emcglobalindustrial.com\/fr\/wp-json\/wp\/v2\/product"}],"about":[{"href":"https:\/\/emcglobalindustrial.com\/fr\/wp-json\/wp\/v2\/types\/product"}],"replies":[{"embeddable":true,"href":"https:\/\/emcglobalindustrial.com\/fr\/wp-json\/wp\/v2\/comments?post=896"}],"wp:featuredmedia":[{"embeddable":true,"href":"https:\/\/emcglobalindustrial.com\/fr\/wp-json\/wp\/v2\/media\/822"}],"wp:attachment":[{"href":"https:\/\/emcglobalindustrial.com\/fr\/wp-json\/wp\/v2\/media?parent=896"}],"wp:term":[{"taxonomy":"product_brand","embeddable":true,"href":"https:\/\/emcglobalindustrial.com\/fr\/wp-json\/wp\/v2\/product_brand?post=896"},{"taxonomy":"product_cat","embeddable":true,"href":"https:\/\/emcglobalindustrial.com\/fr\/wp-json\/wp\/v2\/product_cat?post=896"},{"taxonomy":"product_tag","embeddable":true,"href":"https:\/\/emcglobalindustrial.com\/fr\/wp-json\/wp\/v2\/product_tag?post=896"}],"curies":[{"name":"wp","href":"https:\/\/api.w.org\/{rel}","templated":true}]}}