{"id":895,"date":"2021-01-22T20:45:20","date_gmt":"2021-01-23T01:45:20","guid":{"rendered":"http:\/\/emcglobalindustrial.com\/?post_type=product&#038;p=895"},"modified":"2025-10-29T11:11:11","modified_gmt":"2025-10-29T15:11:11","slug":"c2020-container-shelter-202065","status":"publish","type":"product","link":"https:\/\/emcglobalindustrial.com\/fr\/produit\/c2020-container-shelter-202065\/","title":{"rendered":"C2020 Container Shelter\u00a0(W20\u2019\u00d7L20\u2019\u00d7H6.5\u2019)"},"content":{"rendered":"<h2><strong><b>Model: EMC-C2020<\/b><\/strong><\/h2>\n<h2><strong><b>Caract\u00e9ristiques:<\/b><\/strong><\/h2>\n<ul>\n<li>The container shelter features a huge space capacity to store and collect belongings<\/li>\n<li>It is easier to mount on containers or other surface<\/li>\n<li>Durable cover: Fire retardant, Leak proof, UV Protected\u200b<\/li>\n<li>Commercial grade, 3-layer galvanized steel frame structure is long lasting, much higher corrosion<br \/>\nprotection than the traditional single layer of zinc\u200b<\/li>\n<\/ul>\n<h2>Sp\u00e9cifications:<\/h2>\n<ul>\n<li>W20FT\u00d7L20FT\u00d7H6.5FT(6m\u00d76m\u00d72m)<\/li>\n<li>Frame: Round Single Truss Galvanized Tube<\/li>\n<li>Cover: white color with grey edge<\/li>\n<li>Truss Tube: 48\u00d71.5mm<\/li>\n<li>Horizontal Tube: 32\u00d71.2mm<\/li>\n<li>Approximate Truss Spacing: 5FT(1.5m)<\/li>\n<li>Number of Trusses: 5<\/li>\n<li>Number of Large Anchor Plates: 10<\/li>\n<\/ul>\n<h2><strong>Warranty<\/strong><\/h2>\n<ul>\n<li><a href=\"http:\/\/emcglobalindustrial.com\/wp-content\/uploads\/2025\/10\/EMC-Farm-Industrial-Inc.-Warranty-Terms-and-Conditions-EN.pdf\" target=\"_blank\" rel=\"noopener\">Warranty Terms and Conditions (EN)<\/a><\/li>\n<li><a href=\"http:\/\/emcglobalindustrial.com\/wp-content\/uploads\/2025\/10\/EMC-Farm-Industrial-Inc.-Conditions-de-Garantie-FR.pdf\" target=\"_blank\" rel=\"noopener\">Conditions de Garantie (FR)<\/a><\/li>\n<\/ul>\n<h2>D\u00e9tail d'emballage<\/h2>\n<ul>\n<li><strong><b>Taille d'emballage:<\/b><\/strong> :\u00a088*29*18 Inches<\/li>\n<li><strong><b>Poids d'emballage :\u00a0<\/b><\/strong>586 lbs(300GSM PE) \/ 600 lbs (450GSM PVC)<\/li>\n<li><strong><b>Price: <\/b><\/strong>300GSM PE: $1600\u00a0\u00a0 450GSM PVC: $1800<\/li>\n<\/ul>","protected":false},"excerpt":{"rendered":"<p>Model: EMC-C2020 Features: The container shelter features a huge space capacity to store and collect belongings It is easier to mount on containers or other surface Durable cover: Fire retardant, Leak proof, UV Protected\u200b Commercial grade, 3-layer galvanized steel frame structure is long lasting, much higher corrosion protection than the&hellip; <\/p>","protected":false},"featured_media":825,"comment_status":"open","ping_status":"closed","template":"","meta":[],"product_brand":[],"product_cat":[62,63],"product_tag":[],"class_list":{"0":"post-895","1":"product","2":"type-product","3":"status-publish","4":"has-post-thumbnail","6":"product_cat-storage-equipment","7":"product_cat-storage-shelter-storage-equipment","9":"first","10":"instock","11":"shipping-taxable","12":"purchasable","13":"product-type-simple"},"_links":{"self":[{"href":"https:\/\/emcglobalindustrial.com\/fr\/wp-json\/wp\/v2\/product\/895","targetHints":{"allow":["GET"]}}],"collection":[{"href":"https:\/\/emcglobalindustrial.com\/fr\/wp-json\/wp\/v2\/product"}],"about":[{"href":"https:\/\/emcglobalindustrial.com\/fr\/wp-json\/wp\/v2\/types\/product"}],"replies":[{"embeddable":true,"href":"https:\/\/emcglobalindustrial.com\/fr\/wp-json\/wp\/v2\/comments?post=895"}],"wp:featuredmedia":[{"embeddable":true,"href":"https:\/\/emcglobalindustrial.com\/fr\/wp-json\/wp\/v2\/media\/825"}],"wp:attachment":[{"href":"https:\/\/emcglobalindustrial.com\/fr\/wp-json\/wp\/v2\/media?parent=895"}],"wp:term":[{"taxonomy":"product_brand","embeddable":true,"href":"https:\/\/emcglobalindustrial.com\/fr\/wp-json\/wp\/v2\/product_brand?post=895"},{"taxonomy":"product_cat","embeddable":true,"href":"https:\/\/emcglobalindustrial.com\/fr\/wp-json\/wp\/v2\/product_cat?post=895"},{"taxonomy":"product_tag","embeddable":true,"href":"https:\/\/emcglobalindustrial.com\/fr\/wp-json\/wp\/v2\/product_tag?post=895"}],"curies":[{"name":"wp","href":"https:\/\/api.w.org\/{rel}","templated":true}]}}