{"id":880,"date":"2021-01-22T19:29:59","date_gmt":"2021-01-23T00:29:59","guid":{"rendered":"http:\/\/emcglobalindustrial.com\/?post_type=product&#038;p=880"},"modified":"2025-11-10T15:32:41","modified_gmt":"2025-11-10T20:32:41","slug":"10ft-40d-3-workbench-cabinet","status":"publish","type":"product","link":"https:\/\/emcglobalindustrial.com\/fr\/produit\/10ft-40d-3-workbench-cabinet\/","title":{"rendered":"10Pi-40T-3 Armoire d'\u00e9tabli"},"content":{"rendered":"<h2><strong>Caract\u00e9ristiques<\/strong><\/h2>\n<p>Ce 10FT-40D-3 est une combinaison d'\u00e9tabli et d'armoire, il vous offre la possibilit\u00e9 d'avoir une vari\u00e9t\u00e9 de choix de tiroirs \u00e0 outils parmi 4 tiroirs extra-larges, 10 tiroirs larges et 26 tiroirs \u00e9troits. Deux portes battantes sur le meuble haut. Il y a un grand panneau perfor\u00e9 d'environ 68 pouces de large pour accrocher des outils et \u00e0 d'autres fins id\u00e9ales. Tous les tiroirs de l'\u00e9tabli ont des glissi\u00e8res \u00e0 roulement \u00e0 billes \u00e0 extension compl\u00e8te et la capacit\u00e9 de charge de chaque tiroir est sup\u00e9rieure \u00e0 100 lb. Chaque 5 tiroirs d'\u00e9tabli est livr\u00e9 avec une serrure.<\/p>\n<h2><strong>Sp\u00e9cifications<\/strong><\/h2>\n<ul>\n<li>Dessus de table en acier inoxydable avec dessous en bois massif<\/li>\n<li>Glissi\u00e8res \u00e0 roulement \u00e0 billes \u00e0 extension compl\u00e8te sur les 30 tiroirs<\/li>\n<li>Chaque 5 tiroirs d'\u00e9tabli est livr\u00e9 avec une serrure.<\/li>\n<li>Deux armoires \u00e0 portes battantes avec tiroirs et \u00e9tag\u00e8res r\u00e9glables<\/li>\n<li>Trois types de tiroirs diff\u00e9rents pour votre choix de vari\u00e9t\u00e9<\/li>\n<li>Drawer internal dimensions: W19.2\u201d\u00d7D11.8\u201d\u00d7H2.9\u201d 10pcs W20.2\u201d\u00d7D17.7\u201d\u00d7H2.9\u201d 16pcs\u00a0\u00a0 W20.2\u201d\u00d7D17.7\u201d\u00d7H4.9\u201d 10pcs W20.2\u201d\u00d7D17.7\u201d\u00d7H6.5\u201d 4pcs<\/li>\n<li>21-gauge frame, 19-gauge base and drawer<\/li>\n<li>\u00c9tabli : 113\u2033 (L) x 27 1\/2\u2033(L) x 37 3\u20448\u2033(H) + Armoire : 40\u2033(H)<\/li>\n<li>Armoire sup\u00e9rieure (gauche) : 22*13*40 pouces 79 lb<\/li>\n<li>Armoire sup\u00e9rieure (droite) : 22 x 13 x 40 pouces 79 lb<\/li>\n<\/ul>\n<h2><strong>Warranty<\/strong><\/h2>\n<ul>\n<li><a href=\"http:\/\/emcglobalindustrial.com\/wp-content\/uploads\/2025\/10\/EMC-Farm-Industrial-Inc.-Warranty-Terms-and-Conditions-EN.pdf\" target=\"_blank\" rel=\"noopener\">Warranty Terms and Conditions (EN)<\/a><\/li>\n<li><a href=\"http:\/\/emcglobalindustrial.com\/wp-content\/uploads\/2025\/10\/EMC-Farm-Industrial-Inc.-Conditions-de-Garantie-FR.pdf\" target=\"_blank\" rel=\"noopener\">Conditions de Garantie (FR)<\/a><\/li>\n<\/ul>\n<h2><strong>D\u00e9tails d'emballage<\/strong><\/h2>\n<ul>\n<li>Taille d'emballage (pouces) : 115L*28W*84H<\/li>\n<li>Poids (lb): 847<\/li>\n<\/ul>\n<p><iframe title=\"Comment installer notre \u00e9tabli?\" width=\"1170\" height=\"658\" src=\"https:\/\/www.youtube.com\/embed\/bXyZkyBh50s?feature=oembed\" frameborder=\"0\" allow=\"accelerometer; autoplay; clipboard-write; encrypted-media; gyroscope; picture-in-picture; web-share\" referrerpolicy=\"strict-origin-when-cross-origin\" allowfullscreen><\/iframe><\/p>\n<div style=\"width: 640px;\" class=\"wp-video\"><video class=\"wp-video-shortcode\" id=\"video-880-1\" width=\"640\" height=\"360\" preload=\"metadata\" controls=\"controls\"><source type=\"video\/mp4\" src=\"http:\/\/emcglobalindustrial.com\/wp-content\/uploads\/2025\/03\/3c03a82bded9c9afe032ef1d315de416.mp4?_=1\" \/><a href=\"http:\/\/emcglobalindustrial.com\/wp-content\/uploads\/2025\/03\/3c03a82bded9c9afe032ef1d315de416.mp4\">http:\/\/emcglobalindustrial.com\/wp-content\/uploads\/2025\/03\/3c03a82bded9c9afe032ef1d315de416.mp4<\/a><\/video><\/div>","protected":false},"excerpt":{"rendered":"<p>Features This 10FT-40D-3 is a combo of workbench and cabinet, it gives you the flexibility to have a variety of choice of tool drawers which is from 4 extra-wide drawers, 10 wide drawers, and 26 narrow drawers. Two swinging doors on the top Cabinet. There is a great pegboard about&hellip; <\/p>","protected":false},"featured_media":2152,"comment_status":"open","ping_status":"closed","template":"","meta":[],"product_brand":[],"product_cat":[60],"product_tag":[],"class_list":{"0":"post-880","1":"product","2":"type-product","3":"status-publish","4":"has-post-thumbnail","6":"product_cat-workbench","8":"first","9":"instock","10":"shipping-taxable","11":"purchasable","12":"product-type-simple"},"_links":{"self":[{"href":"https:\/\/emcglobalindustrial.com\/fr\/wp-json\/wp\/v2\/product\/880","targetHints":{"allow":["GET"]}}],"collection":[{"href":"https:\/\/emcglobalindustrial.com\/fr\/wp-json\/wp\/v2\/product"}],"about":[{"href":"https:\/\/emcglobalindustrial.com\/fr\/wp-json\/wp\/v2\/types\/product"}],"replies":[{"embeddable":true,"href":"https:\/\/emcglobalindustrial.com\/fr\/wp-json\/wp\/v2\/comments?post=880"}],"wp:featuredmedia":[{"embeddable":true,"href":"https:\/\/emcglobalindustrial.com\/fr\/wp-json\/wp\/v2\/media\/2152"}],"wp:attachment":[{"href":"https:\/\/emcglobalindustrial.com\/fr\/wp-json\/wp\/v2\/media?parent=880"}],"wp:term":[{"taxonomy":"product_brand","embeddable":true,"href":"https:\/\/emcglobalindustrial.com\/fr\/wp-json\/wp\/v2\/product_brand?post=880"},{"taxonomy":"product_cat","embeddable":true,"href":"https:\/\/emcglobalindustrial.com\/fr\/wp-json\/wp\/v2\/product_cat?post=880"},{"taxonomy":"product_tag","embeddable":true,"href":"https:\/\/emcglobalindustrial.com\/fr\/wp-json\/wp\/v2\/product_tag?post=880"}],"curies":[{"name":"wp","href":"https:\/\/api.w.org\/{rel}","templated":true}]}}