{"id":874,"date":"2021-01-22T19:27:50","date_gmt":"2021-01-23T00:27:50","guid":{"rendered":"http:\/\/emcglobalindustrial.com\/?post_type=product&#038;p=874"},"modified":"2025-11-10T12:02:34","modified_gmt":"2025-11-10T17:02:34","slug":"10ft-25d-workbench","status":"publish","type":"product","link":"https:\/\/emcglobalindustrial.com\/fr\/produit\/10ft-25d-workbench\/","title":{"rendered":"10Pi-25T \u00c9tabli"},"content":{"rendered":"<h2><strong>Caract\u00e9ristiques<\/strong><\/h2>\n<p>Ce 10FT-25D est un \u00e9tabli avec plateau en acier inoxydable, tous les 25 tiroirs sont de qualit\u00e9 commerciale avec des glissi\u00e8res doubles robustes, tous les tiroirs de l'\u00e9tabli ont des glissi\u00e8res \u00e0 roulement \u00e0 billes \u00e0 extension compl\u00e8te, et la capacit\u00e9 de maintien de chaque tiroir est sup\u00e9rieure \u00e0 100 lb, ce qui est sp\u00e9cial construit pour vos demandes. Chaque 5 tiroirs d'\u00e9tabli est livr\u00e9 avec une cl\u00e9. Tout le cadre est en acier soud\u00e9 de calibre 15.<\/p>\n<h2><strong>Sp\u00e9cifications<\/strong><\/h2>\n<ul>\n<li>Dessus de table en acier inoxydable avec dessous en bois massif<\/li>\n<li>Dessus de table en acier inoxydable de calibre 14<\/li>\n<li>Structure de cadre solide soud\u00e9e de calibre 15<\/li>\n<li>Glissi\u00e8res doubles \u00e0 extension compl\u00e8te sur les 25 tiroirs<\/li>\n<li>Tous les 25 tiroirs avec une capacit\u00e9 de charge de 100 lb<\/li>\n<li>Tous les 5 tiroirs sont livr\u00e9s avec une cl\u00e9 qui se verrouille de la m\u00eame mani\u00e8re<\/li>\n<li>Drawer internal dimensions: W20.2\u201d\u00d7D17.7\u201d\u00d7H4.9\u201d \u00a025pcs<\/li>\n<li>21-gauge frame, 19-gauge base and drawer<\/li>\n<\/ul>\n<h2><strong>Warranty<\/strong><\/h2>\n<ul>\n<li><a href=\"http:\/\/emcglobalindustrial.com\/wp-content\/uploads\/2025\/10\/EMC-Farm-Industrial-Inc.-Warranty-Terms-and-Conditions-EN.pdf\" target=\"_blank\" rel=\"noopener\">Warranty Terms and Conditions (EN)<\/a><\/li>\n<li><a href=\"http:\/\/emcglobalindustrial.com\/wp-content\/uploads\/2025\/10\/EMC-Farm-Industrial-Inc.-Conditions-de-Garantie-FR.pdf\" target=\"_blank\" rel=\"noopener\">Conditions de Garantie (FR)<\/a><\/li>\n<\/ul>\n<h2><strong>D\u00e9tails d'emballage<\/strong><\/h2>\n<ul>\n<li>\u00c9tabli : 113 5\u20448\u2033 (L) x 27 5\u20448\u2033 (L) x 39 11\u204416\u2033 (H)<\/li>\n<li>Taille d'emballage (pouces) : 115L*28W*43H<\/li>\n<li>Poids (lb): 660<\/li>\n<\/ul>\n<div style=\"width: 640px;\" class=\"wp-video\"><video class=\"wp-video-shortcode\" id=\"video-874-1\" width=\"640\" height=\"360\" preload=\"metadata\" controls=\"controls\"><source type=\"video\/mp4\" src=\"http:\/\/emcglobalindustrial.com\/wp-content\/uploads\/2025\/03\/3c03a82bded9c9afe032ef1d315de416.mp4?_=1\" \/><a href=\"http:\/\/emcglobalindustrial.com\/wp-content\/uploads\/2025\/03\/3c03a82bded9c9afe032ef1d315de416.mp4\">http:\/\/emcglobalindustrial.com\/wp-content\/uploads\/2025\/03\/3c03a82bded9c9afe032ef1d315de416.mp4<\/a><\/video><\/div>","protected":false},"excerpt":{"rendered":"<p>Features This 10FT-25D is a workbench with stainless steel tabletop, all the 25 Drawers are commercial-grade with heavy-duty dual slides, All the workbench drawers have full extension ball bearing slides, and each drawer&#8217;s holding capacity is more than 100lbs which is special built for your demands. Each 5 workbench drawers&hellip; <\/p>","protected":false},"featured_media":2132,"comment_status":"open","ping_status":"closed","template":"","meta":[],"product_brand":[],"product_cat":[60],"product_tag":[],"class_list":{"0":"post-874","1":"product","2":"type-product","3":"status-publish","4":"has-post-thumbnail","6":"product_cat-workbench","8":"first","9":"instock","10":"shipping-taxable","11":"purchasable","12":"product-type-simple"},"_links":{"self":[{"href":"https:\/\/emcglobalindustrial.com\/fr\/wp-json\/wp\/v2\/product\/874","targetHints":{"allow":["GET"]}}],"collection":[{"href":"https:\/\/emcglobalindustrial.com\/fr\/wp-json\/wp\/v2\/product"}],"about":[{"href":"https:\/\/emcglobalindustrial.com\/fr\/wp-json\/wp\/v2\/types\/product"}],"replies":[{"embeddable":true,"href":"https:\/\/emcglobalindustrial.com\/fr\/wp-json\/wp\/v2\/comments?post=874"}],"wp:featuredmedia":[{"embeddable":true,"href":"https:\/\/emcglobalindustrial.com\/fr\/wp-json\/wp\/v2\/media\/2132"}],"wp:attachment":[{"href":"https:\/\/emcglobalindustrial.com\/fr\/wp-json\/wp\/v2\/media?parent=874"}],"wp:term":[{"taxonomy":"product_brand","embeddable":true,"href":"https:\/\/emcglobalindustrial.com\/fr\/wp-json\/wp\/v2\/product_brand?post=874"},{"taxonomy":"product_cat","embeddable":true,"href":"https:\/\/emcglobalindustrial.com\/fr\/wp-json\/wp\/v2\/product_cat?post=874"},{"taxonomy":"product_tag","embeddable":true,"href":"https:\/\/emcglobalindustrial.com\/fr\/wp-json\/wp\/v2\/product_tag?post=874"}],"curies":[{"name":"wp","href":"https:\/\/api.w.org\/{rel}","templated":true}]}}