{"id":871,"date":"2021-01-22T19:26:42","date_gmt":"2021-01-23T00:26:42","guid":{"rendered":"http:\/\/emcglobalindustrial.com\/?post_type=product&#038;p=871"},"modified":"2026-02-05T17:14:01","modified_gmt":"2026-02-05T22:14:01","slug":"10ft-15d-workbench","status":"publish","type":"product","link":"https:\/\/emcglobalindustrial.com\/fr\/produit\/10ft-15d-workbench\/","title":{"rendered":"10Pi-15T \u00c9tabli"},"content":{"rendered":"<p>Ce 10FT-15D-2d est un \u00e9tabli de 113\" avec dessus de table en acier inoxydable, il y a 15 tiroirs extra solides et 2 portes des deux c\u00f4t\u00e9s. Tous les 15 tiroirs sont de qualit\u00e9 commerciale avec des glissi\u00e8res doubles robustes, tous les tiroirs de l'\u00e9tabli ont des glissi\u00e8res \u00e0 roulement \u00e0 billes \u00e0 extension compl\u00e8te, et la capacit\u00e9 de charge de chaque tiroir est sup\u00e9rieure \u00e0 100 lb, ce qui est sp\u00e9cialement con\u00e7u pour vos demandes. Chaque 5 tiroirs d'\u00e9tabli est livr\u00e9 avec une cl\u00e9. Tout le cadre est en acier soud\u00e9 de calibre 15.<\/p>\n<h2><strong>Caract\u00e9ristiques<\/strong><\/h2>\n<ul>\n<li>Dessus de table en acier inoxydable avec dessous en bois massif<\/li>\n<li>Mat\u00e9riau du cadre : structure en acier soud\u00e9<\/li>\n<li>Glissi\u00e8res doubles \u00e0 extension compl\u00e8te sur les 25 tiroirs<\/li>\n<li>Tous les 25 tiroirs avec une capacit\u00e9 de charge de 100 lb<\/li>\n<li>Tous les 5 tiroirs sont livr\u00e9s avec une cl\u00e9 qui se verrouille de la m\u00eame mani\u00e8re<\/li>\n<li>21-gauge frame, 19-gauge base and drawer<\/li>\n<\/ul>\n<h2><strong>Sp\u00e9cification<\/strong><\/h2>\n<ul>\n<li>\u00c9tabli : 113\u2033 (L) x 26,5\u2033 (L) x 36,2\u2033 (H)<\/li>\n<li>Drawers dimension: 21\u2033 (W) x 23.5\u2033 (D) x 5.4\u2033 (H)<\/li>\n<li>Drawer internal dimensions: 20.2\u201d(W)\u00d717.7\u201d (D)\u00d74.9\u201d (H)\u00a015pcs<\/li>\n<li>Porte deux : 21,5\u2033 (L) x 25\u2033 (P) x 27,6\u2033 (H)<\/li>\n<\/ul>\n<h2><strong>Warranty<\/strong><\/h2>\n<ul>\n<li><a href=\"http:\/\/emcglobalindustrial.com\/wp-content\/uploads\/2025\/10\/EMC-Farm-Industrial-Inc.-Warranty-Terms-and-Conditions-EN.pdf\" target=\"_blank\" rel=\"noopener\">Warranty Terms and Conditions (EN)<\/a><\/li>\n<li><a href=\"http:\/\/emcglobalindustrial.com\/wp-content\/uploads\/2025\/10\/EMC-Farm-Industrial-Inc.-Conditions-de-Garantie-FR.pdf\" target=\"_blank\" rel=\"noopener\">Conditions de Garantie (FR)<\/a><\/li>\n<\/ul>\n<h2><strong>D\u00e9tails d'emballage<\/strong><\/h2>\n<ul>\n<li>Taille d'emballage (pouces) : 115L*28W*43H<\/li>\n<li>Poids (lb): 561<\/li>\n<\/ul>\n<div style=\"width: 640px;\" class=\"wp-video\"><video class=\"wp-video-shortcode\" id=\"video-871-1\" width=\"640\" height=\"360\" preload=\"metadata\" controls=\"controls\"><source type=\"video\/mp4\" src=\"http:\/\/emcglobalindustrial.com\/wp-content\/uploads\/2025\/03\/3c03a82bded9c9afe032ef1d315de416.mp4?_=1\" \/><a href=\"http:\/\/emcglobalindustrial.com\/wp-content\/uploads\/2025\/03\/3c03a82bded9c9afe032ef1d315de416.mp4\">http:\/\/emcglobalindustrial.com\/wp-content\/uploads\/2025\/03\/3c03a82bded9c9afe032ef1d315de416.mp4<\/a><\/video><\/div>","protected":false},"excerpt":{"rendered":"<p>This 10FT-15D-2d is a 113\u201d workbench with stainless steel tabletop, there are 15 extra strong drawers and 2 doors on both sides. All the 15 Drawers are commercial-grade with heavy-duty dual slides, all the workbench drawers have full extension ball bearing slides, and each drawer&#8217;s holding capacity is more than&hellip; <\/p>","protected":false},"featured_media":2123,"comment_status":"open","ping_status":"closed","template":"","meta":[],"product_brand":[],"product_cat":[60],"product_tag":[],"class_list":{"0":"post-871","1":"product","2":"type-product","3":"status-publish","4":"has-post-thumbnail","6":"product_cat-workbench","8":"first","9":"instock","10":"shipping-taxable","11":"purchasable","12":"product-type-simple"},"_links":{"self":[{"href":"https:\/\/emcglobalindustrial.com\/fr\/wp-json\/wp\/v2\/product\/871","targetHints":{"allow":["GET"]}}],"collection":[{"href":"https:\/\/emcglobalindustrial.com\/fr\/wp-json\/wp\/v2\/product"}],"about":[{"href":"https:\/\/emcglobalindustrial.com\/fr\/wp-json\/wp\/v2\/types\/product"}],"replies":[{"embeddable":true,"href":"https:\/\/emcglobalindustrial.com\/fr\/wp-json\/wp\/v2\/comments?post=871"}],"wp:featuredmedia":[{"embeddable":true,"href":"https:\/\/emcglobalindustrial.com\/fr\/wp-json\/wp\/v2\/media\/2123"}],"wp:attachment":[{"href":"https:\/\/emcglobalindustrial.com\/fr\/wp-json\/wp\/v2\/media?parent=871"}],"wp:term":[{"taxonomy":"product_brand","embeddable":true,"href":"https:\/\/emcglobalindustrial.com\/fr\/wp-json\/wp\/v2\/product_brand?post=871"},{"taxonomy":"product_cat","embeddable":true,"href":"https:\/\/emcglobalindustrial.com\/fr\/wp-json\/wp\/v2\/product_cat?post=871"},{"taxonomy":"product_tag","embeddable":true,"href":"https:\/\/emcglobalindustrial.com\/fr\/wp-json\/wp\/v2\/product_tag?post=871"}],"curies":[{"name":"wp","href":"https:\/\/api.w.org\/{rel}","templated":true}]}}