{"id":857,"date":"2021-01-22T18:51:21","date_gmt":"2021-01-22T23:51:21","guid":{"rendered":"http:\/\/emcglobalindustrial.com\/?post_type=product&#038;p=857"},"modified":"2026-03-23T14:39:43","modified_gmt":"2026-03-23T18:39:43","slug":"tire-changer","status":"publish","type":"product","link":"https:\/\/emcglobalindustrial.com\/fr\/produit\/tire-changer\/","title":{"rendered":"Changeur de pneus"},"content":{"rendered":"<h2><strong><b>Caract\u00e9ristiques<\/b><\/strong><\/h2>\n<ul>\n<li>Bras de natation pour un encombrement minimum.<\/li>\n<li>Plateau tournant \u00e0 quatre m\u00e2choires \u00e0 centrage automatique contr\u00f4l\u00e9 par deux v\u00e9rins de serrage pour un serrage correct de la roue.<\/li>\n<li>D\u00e9talonneur avec grand patin en caoutchouc antid\u00e9rapant.<\/li>\n<li>Jante verrouillable de 10\u2019\u2019 \u00e0 24\u2019\u2019.<\/li>\n<\/ul>\n<h2><strong><b>Sp\u00e9cifications<\/b><\/strong><\/h2>\n<ul>\n<li>Bras oscillant lat\u00e9ral semi-automatique 24\u2033<\/li>\n<li>Puissance : 1.1Kw<\/li>\n<li>Alimentation : 110V<\/li>\n<li>Diam\u00e8tre de roue maximum : 41\u2033(1040mm)<\/li>\n<li>Largeur de roue maximale : 14\u2033(355mm)<\/li>\n<li>Serrage ext\u00e9rieur : 10\u2033~21\u2033<\/li>\n<li>Serrage int\u00e9rieur : 12\u2033\uff5e24\u2033<\/li>\n<li>Alimentation en air : 8bar-10bar<\/li>\n<li>Force de d\u00e9talonnage\u00a0: 2500kg<\/li>\n<li>Niveau sonore : &lt;70dB<\/li>\n<\/ul>\n<h2><strong>Warranty<\/strong><\/h2>\n<ul>\n<li><a href=\"http:\/\/emcglobalindustrial.com\/wp-content\/uploads\/2025\/10\/EMC-Farm-Industrial-Inc.-Warranty-Terms-and-Conditions-EN.pdf\" target=\"_blank\" rel=\"noopener\">Warranty Terms and Conditions (EN)<\/a><\/li>\n<li><a href=\"http:\/\/emcglobalindustrial.com\/wp-content\/uploads\/2025\/10\/EMC-Farm-Industrial-Inc.-Conditions-de-Garantie-FR.pdf\" target=\"_blank\" rel=\"noopener\">Conditions de Garantie (FR)<\/a><\/li>\n<\/ul>\n<h2><strong><b>D<\/b><\/strong><strong><b>\u00e9tails d'emballage<\/b><\/strong><\/h2>\n<ul>\n<li>Poids\u00a0: 480\u00a0lb<\/li>\n<li>Taille : 38\u00d730\u00d736 POUCES<\/li>\n<\/ul>","protected":false},"excerpt":{"rendered":"<p>Features Swim arm for minimum space requirement. Self-centring\u00a0four-jaw turntable controlled via two clamping\u00a0cylinders for correct clamping of the wheel. Bead breaker with large anti-skid rubber pad. Locking rim from 10\u2019\u2019-24\u201d. Specifications 24&#8243; Semi-automatic side swing arm Power: 1.1Kw Power supply: 110V Max wheel diameter: 41\u2033(1040mm) Max wheel width: 14\u2033(355mm) Outside&hellip; <\/p>","protected":false},"featured_media":2960,"comment_status":"open","ping_status":"closed","template":"","meta":[],"product_brand":[],"product_cat":[103],"product_tag":[],"class_list":{"0":"post-857","1":"product","2":"type-product","3":"status-publish","4":"has-post-thumbnail","6":"product_cat-automobile","8":"first","9":"instock","10":"shipping-taxable","11":"purchasable","12":"product-type-simple"},"_links":{"self":[{"href":"https:\/\/emcglobalindustrial.com\/fr\/wp-json\/wp\/v2\/product\/857","targetHints":{"allow":["GET"]}}],"collection":[{"href":"https:\/\/emcglobalindustrial.com\/fr\/wp-json\/wp\/v2\/product"}],"about":[{"href":"https:\/\/emcglobalindustrial.com\/fr\/wp-json\/wp\/v2\/types\/product"}],"replies":[{"embeddable":true,"href":"https:\/\/emcglobalindustrial.com\/fr\/wp-json\/wp\/v2\/comments?post=857"}],"wp:featuredmedia":[{"embeddable":true,"href":"https:\/\/emcglobalindustrial.com\/fr\/wp-json\/wp\/v2\/media\/2960"}],"wp:attachment":[{"href":"https:\/\/emcglobalindustrial.com\/fr\/wp-json\/wp\/v2\/media?parent=857"}],"wp:term":[{"taxonomy":"product_brand","embeddable":true,"href":"https:\/\/emcglobalindustrial.com\/fr\/wp-json\/wp\/v2\/product_brand?post=857"},{"taxonomy":"product_cat","embeddable":true,"href":"https:\/\/emcglobalindustrial.com\/fr\/wp-json\/wp\/v2\/product_cat?post=857"},{"taxonomy":"product_tag","embeddable":true,"href":"https:\/\/emcglobalindustrial.com\/fr\/wp-json\/wp\/v2\/product_tag?post=857"}],"curies":[{"name":"wp","href":"https:\/\/api.w.org\/{rel}","templated":true}]}}