{"id":854,"date":"2021-01-22T18:47:28","date_gmt":"2021-01-22T23:47:28","guid":{"rendered":"http:\/\/emcglobalindustrial.com\/?post_type=product&#038;p=854"},"modified":"2025-11-27T16:48:05","modified_gmt":"2025-11-27T21:48:05","slug":"heavy-duty-sawhorses-emc-sh3575","status":"publish","type":"product","link":"https:\/\/emcglobalindustrial.com\/fr\/produit\/heavy-duty-sawhorses-emc-sh3575\/","title":{"rendered":"Chevalets de sciage \u00e0 usage intensif EMC SH3575"},"content":{"rendered":"<h2><strong>Mod\u00e8le: <\/strong>EMC SH3575<\/h2>\n<p>Bras de support assembl\u00e9s Capacit\u00e9 de 2600 LB - (SH-3575). Construit \u00e0 100 % en acier de haute qualit\u00e9, ce chevalet est robuste et capable de vos travaux les plus exigeants. \u00c0 lui seul, il a une capacit\u00e9 incroyable de 2600 lb. Lorsqu'il est associ\u00e9 \u00e0 une deuxi\u00e8me table, il a une capacit\u00e9 de 5200 lb par paire.<\/p>\n<h2><strong>Caract\u00e9ristiques<\/strong><\/h2>\n<ul>\n<li>Un chevalet de sciage solide est id\u00e9al pour la plupart des besoins du chantier<\/li>\n<li>Assemblage et d\u00e9montage et facilement pour plus de commodit\u00e9<\/li>\n<li>Assembl\u00e9 et portable, ce chevalet de sciage robuste ne vous laissera pas tomber.<\/li>\n<li>Transportez-le facilement dans votre camion, sur votre chantier pour tous les jours.<\/li>\n<li>Surconstruit pour \u00eatre le dernier chevalet dont vous aurez besoin<\/li>\n<li>Finition enduite de poudre jaune de s\u00e9curit\u00e9<\/li>\n<li>Construction en acier galvanis\u00e9 de haute qualit\u00e9<\/li>\n<li>Poign\u00e9e de transport pratique pour une portabilit\u00e9 facile<\/li>\n<li>La capacit\u00e9 de charge de 2600,00 lb (1200,00 kg)<\/li>\n<li>35,4\u2033 de haut x 75\u2033 de long (90 x 199cm)<\/li>\n<li>Le haut du chevalet mesure : 4\u2033 W x 2\u2033 H x 75\u2033 L<\/li>\n<li>Dimensions du produit pli\u00e9 28,4\" x 75\" x 7\" (72cm x 199cm x 17,8 cm)<\/li>\n<\/ul>\n<h2><strong>Sp\u00e9cifications<\/strong><\/h2>\n<ul>\n<li>Une unit\u00e9<\/li>\n<li>Largeur hors tout 28,4\u2033 Haut 35,4\u2033 Long 75\u2033<\/li>\n<li>Capacit\u00e9 2600 livres.<\/li>\n<li>Poids 48,5 livres (22kg).<\/li>\n<li>Mat\u00e9riau Acier<\/li>\n<\/ul>\n<h2><strong>Warranty<\/strong><\/h2>\n<ul>\n<li><a href=\"http:\/\/emcglobalindustrial.com\/wp-content\/uploads\/2025\/10\/EMC-Farm-Industrial-Inc.-Warranty-Terms-and-Conditions-EN.pdf\" target=\"_blank\" rel=\"noopener\">Warranty Terms and Conditions (EN)<\/a><\/li>\n<li><a href=\"http:\/\/emcglobalindustrial.com\/wp-content\/uploads\/2025\/10\/EMC-Farm-Industrial-Inc.-Conditions-de-Garantie-FR.pdf\" target=\"_blank\" rel=\"noopener\">Conditions de Garantie (FR)<\/a><\/li>\n<\/ul>\n<h2><strong>D\u00e9tail d'emballage<\/strong><\/h2>\n<ul>\n<li>Taille d'emballage (pouces) : 87L*26W*11H<\/li>\n<li>Poids (lb): 64<\/li>\n<\/ul>","protected":false},"excerpt":{"rendered":"<p>Model: EMC SH3575 Assembled Support Arms 2600 LB Capacity &#8211; (SH-3575). It constructed from 100 percent high-grade steel, this sawhorse is rugged and capable of your most demanding jobs. Alone it has an incredible 2600 lb. capacity. When paired with a second table, it has a 5200 lb. capacity per&hellip; <\/p>","protected":false},"featured_media":1014,"comment_status":"open","ping_status":"closed","template":"","meta":[],"product_brand":[],"product_cat":[104],"product_tag":[],"class_list":{"0":"post-854","1":"product","2":"type-product","3":"status-publish","4":"has-post-thumbnail","6":"product_cat-warehouse_equipment","8":"first","9":"instock","10":"shipping-taxable","11":"purchasable","12":"product-type-simple"},"_links":{"self":[{"href":"https:\/\/emcglobalindustrial.com\/fr\/wp-json\/wp\/v2\/product\/854","targetHints":{"allow":["GET"]}}],"collection":[{"href":"https:\/\/emcglobalindustrial.com\/fr\/wp-json\/wp\/v2\/product"}],"about":[{"href":"https:\/\/emcglobalindustrial.com\/fr\/wp-json\/wp\/v2\/types\/product"}],"replies":[{"embeddable":true,"href":"https:\/\/emcglobalindustrial.com\/fr\/wp-json\/wp\/v2\/comments?post=854"}],"wp:featuredmedia":[{"embeddable":true,"href":"https:\/\/emcglobalindustrial.com\/fr\/wp-json\/wp\/v2\/media\/1014"}],"wp:attachment":[{"href":"https:\/\/emcglobalindustrial.com\/fr\/wp-json\/wp\/v2\/media?parent=854"}],"wp:term":[{"taxonomy":"product_brand","embeddable":true,"href":"https:\/\/emcglobalindustrial.com\/fr\/wp-json\/wp\/v2\/product_brand?post=854"},{"taxonomy":"product_cat","embeddable":true,"href":"https:\/\/emcglobalindustrial.com\/fr\/wp-json\/wp\/v2\/product_cat?post=854"},{"taxonomy":"product_tag","embeddable":true,"href":"https:\/\/emcglobalindustrial.com\/fr\/wp-json\/wp\/v2\/product_tag?post=854"}],"curies":[{"name":"wp","href":"https:\/\/api.w.org\/{rel}","templated":true}]}}