{"id":848,"date":"2021-01-22T18:43:13","date_gmt":"2021-01-22T23:43:13","guid":{"rendered":"http:\/\/emcglobalindustrial.com\/?post_type=product&#038;p=848"},"modified":"2025-10-30T14:06:16","modified_gmt":"2025-10-30T18:06:16","slug":"high-pressure-washer-for-pickup-truck","status":"publish","type":"product","link":"https:\/\/emcglobalindustrial.com\/fr\/produit\/high-pressure-washer-for-pickup-truck\/","title":{"rendered":"4000 PSI Hot Water Pressure Washer For Pickup Truck"},"content":{"rendered":"<div style=\"width: 368px;\" class=\"wp-video\"><video class=\"wp-video-shortcode\" id=\"video-848-1\" width=\"368\" height=\"640\" autoplay preload=\"metadata\" controls=\"controls\"><source type=\"video\/mp4\" src=\"http:\/\/emcglobalindustrial.com\/wp-content\/uploads\/2021\/01\/hotwater.mp4?_=1\" \/><a href=\"http:\/\/emcglobalindustrial.com\/wp-content\/uploads\/2021\/01\/hotwater.mp4\">http:\/\/emcglobalindustrial.com\/wp-content\/uploads\/2021\/01\/hotwater.mp4<\/a><\/video><\/div>\n<h2><\/h2>\n<h2><strong>Mod\u00e8le: <\/strong>HPW-4000T-PC<\/h2>\n<h2><strong>Caract\u00e9ristiques<\/strong><\/h2>\n<p>The EMC 4000PSI Hot Water Pressure Washer is special design for PICKUP TRUCK. high performance diesel burners heat water to about 85\u00b0C in three minutes for greater cleaning efficiency.<br \/>\nThe unique design of the base ensures the machine stability and reduce noise while operating. Special structure design, including forklift hole, hoist eyelet, LED lights, 175gallon water tank. Perfectly attached to the PICKUP TRUCK.<\/p>\n<h2><strong>Sp\u00e9cifications<\/strong><\/h2>\n<ul>\n<li>Plage de pression : 3500-4000 PSI<\/li>\n<li>D\u00e9bit : 4,0 GPM<\/li>\n<li>Source d'eau\u00a0: eau du robinet et r\u00e9servoir d'eau<\/li>\n<li>Cinq buses \u00e0 connexion rapide<\/li>\n<li>R\u00e9servoir de carburant poly : 5 gallons<\/li>\n<li>Fentes pour chariot \u00e9l\u00e9vateur et \u0153illet de levage<\/li>\n<li>Reinforced 175 gallon water tank<\/li>\n<\/ul>\n<h2><strong>Engine<\/strong><\/h2>\n<ul>\n<li>Moteur 14 HP Kohler CH440 Command Pro Series<\/li>\n<li>Recul et d\u00e9marrage \u00e9lectrique (batterie incluse)<\/li>\n<li>Cylindr\u00e9e : 429 cc<\/li>\n<li>Capacit\u00e9 du r\u00e9servoir de carburant : 5 gallons<\/li>\n<li>Chemises de cylindre en fonte<\/li>\n<li>Arr\u00eat automatique Oil Sentry<\/li>\n<\/ul>\n<h2><strong>Pump<\/strong><\/h2>\n<ul>\n<li>Pompe \u00e0 piston triplex<\/li>\n<li>Entra\u00eenement de bo\u00eete de vitesses<\/li>\n<li>Vannes en acier inoxydable<\/li>\n<li>Collecteur en laiton<\/li>\n<\/ul>\n<h2><strong>Accessories<\/strong><\/h2>\n<ul>\n<li>Deux lumi\u00e8res LED<\/li>\n<li>Boyau haute pression 3\/8\u201d\u00d733\u2019<\/li>\n<li>Ensemble lance de pulv\u00e9risation et pistolet de 3 pi<\/li>\n<li>Cinq buses<\/li>\n<\/ul>\n<h2><strong>Warranty<\/strong><\/h2>\n<ul>\n<li><a href=\"http:\/\/emcglobalindustrial.com\/wp-content\/uploads\/2025\/10\/EMC-Farm-Industrial-Inc.-Warranty-Terms-and-Conditions-EN.pdf\" target=\"_blank\" rel=\"noopener\">Warranty Terms and Conditions (EN)<\/a><\/li>\n<li><a href=\"http:\/\/emcglobalindustrial.com\/wp-content\/uploads\/2025\/10\/EMC-Farm-Industrial-Inc.-Conditions-de-Garantie-FR.pdf\" target=\"_blank\" rel=\"noopener\">Conditions de Garantie (FR)<\/a><\/li>\n<\/ul>\n<h2><strong>D\u00e9tail d'emballage<\/strong><\/h2>\n<ul>\n<li>Dimensions: 59\u2033(L)\u00d744\u2033(W)\u00d752\u2033(H)<\/li>\n<li>Weight: 750 lbs<\/li>\n<\/ul>","protected":false},"excerpt":{"rendered":"<p>Model: HPW-4000T-PC Features The EMC 4000PSI Hot Water Pressure Washer is special design for PICKUP TRUCK. high performance diesel burners heat water to about 85\u00b0C in three minutes for greater cleaning efficiency. The unique design of the base ensures the machine stability and reduce noise while operating. Special structure design,&hellip; <\/p>","protected":false},"featured_media":2474,"comment_status":"open","ping_status":"closed","template":"","meta":[],"product_brand":[],"product_cat":[64],"product_tag":[],"class_list":{"0":"post-848","1":"product","2":"type-product","3":"status-publish","4":"has-post-thumbnail","6":"product_cat-electric-equipment-and-machinery","8":"first","9":"instock","10":"shipping-taxable","11":"purchasable","12":"product-type-simple"},"_links":{"self":[{"href":"https:\/\/emcglobalindustrial.com\/fr\/wp-json\/wp\/v2\/product\/848","targetHints":{"allow":["GET"]}}],"collection":[{"href":"https:\/\/emcglobalindustrial.com\/fr\/wp-json\/wp\/v2\/product"}],"about":[{"href":"https:\/\/emcglobalindustrial.com\/fr\/wp-json\/wp\/v2\/types\/product"}],"replies":[{"embeddable":true,"href":"https:\/\/emcglobalindustrial.com\/fr\/wp-json\/wp\/v2\/comments?post=848"}],"wp:featuredmedia":[{"embeddable":true,"href":"https:\/\/emcglobalindustrial.com\/fr\/wp-json\/wp\/v2\/media\/2474"}],"wp:attachment":[{"href":"https:\/\/emcglobalindustrial.com\/fr\/wp-json\/wp\/v2\/media?parent=848"}],"wp:term":[{"taxonomy":"product_brand","embeddable":true,"href":"https:\/\/emcglobalindustrial.com\/fr\/wp-json\/wp\/v2\/product_brand?post=848"},{"taxonomy":"product_cat","embeddable":true,"href":"https:\/\/emcglobalindustrial.com\/fr\/wp-json\/wp\/v2\/product_cat?post=848"},{"taxonomy":"product_tag","embeddable":true,"href":"https:\/\/emcglobalindustrial.com\/fr\/wp-json\/wp\/v2\/product_tag?post=848"}],"curies":[{"name":"wp","href":"https:\/\/api.w.org\/{rel}","templated":true}]}}