{"id":842,"date":"2021-01-22T18:32:58","date_gmt":"2021-01-22T23:32:58","guid":{"rendered":"http:\/\/emcglobalindustrial.com\/?post_type=product&#038;p=842"},"modified":"2025-11-10T15:49:17","modified_gmt":"2025-11-10T20:49:17","slug":"emc20ft-driveway-wrought-iron-gate","status":"publish","type":"product","link":"https:\/\/emcglobalindustrial.com\/fr\/produit\/emc20ft-driveway-wrought-iron-gate\/","title":{"rendered":"20FT Driveway Wrought Iron Gate(Artwork &#8220;Flower&#8221;)"},"content":{"rendered":"<h2><strong>Mod\u00e8le:<\/strong> IG-20F<\/h2>\n<h2><strong>Caract\u00e9ristiques<\/strong><\/h2>\n<ul>\n<li>Double portail battant<\/li>\n<li>Artwork \u201cFlower\u201d in the middle of the frame<\/li>\n<li>Construction en tube d'acier galvanis\u00e9 robuste<\/li>\n<li>Bien enduit de poudre<\/li>\n<li>R\u00e9sistant \u00e0 la rouille et \u00e0 la corrosion<\/li>\n<li>Facile \u00e0 installer<\/li>\n<li>Compatible avec tout type de cl\u00f4ture<\/li>\n<\/ul>\n<h2><strong><b>Sp\u00e9cifications<\/b><\/strong><\/h2>\n<ul>\n<li>Weight: 170\u00a0LBS<\/li>\n<li>Taille : 6'6\" sur le c\u00f4t\u00e9, 7'10\" au milieu<\/li>\n<li>Length: 10FT<\/li>\n<\/ul>\n<h2><strong>Warranty<\/strong><\/h2>\n<ul>\n<li><a href=\"http:\/\/emcglobalindustrial.com\/wp-content\/uploads\/2025\/10\/EMC-Farm-Industrial-Inc.-Warranty-Terms-and-Conditions-EN.pdf\" target=\"_blank\" rel=\"noopener\">Warranty Terms and Conditions (EN)<\/a><\/li>\n<li><a href=\"http:\/\/emcglobalindustrial.com\/wp-content\/uploads\/2025\/10\/EMC-Farm-Industrial-Inc.-Conditions-de-Garantie-FR.pdf\" target=\"_blank\" rel=\"noopener\">Conditions de Garantie (FR)<\/a><\/li>\n<\/ul>\n<h2><strong>D\u00e9tail d'emballage<\/strong><\/h2>\n<ul>\n<li>Taille d'emballage (pouce)\u00a0: 120\u00a0L\u00a0*\u00a025\u00a0W\u00a0*\u00a0100\u00a0H (6\u00a0ensembles\/lot)<\/li>\n<li>Poids (lb): 2120 (6 ensembles\/lot)<\/li>\n<\/ul>","protected":false},"excerpt":{"rendered":"<p>Model: IG-20F Features Dual swing gates Artwork \u201cFlower\u201d in the middle of the frame Heavy-duty galvanized steel tube\u00a0construction Well powder coated Rust and corrosion resistant Easy to install Compatible with all type of fence Specifications Weight: 170\u00a0LBS Height: 6\u20196\u201d on the side, 7\u201910\u201d in the middle Length: 10FT Warranty Warranty&hellip; <\/p>","protected":false},"featured_media":3651,"comment_status":"open","ping_status":"closed","template":"","meta":[],"product_brand":[],"product_cat":[92,70],"product_tag":[],"class_list":{"0":"post-842","1":"product","2":"type-product","3":"status-publish","4":"has-post-thumbnail","6":"product_cat-homegarden","7":"product_cat-iron-drive-way-gate","9":"first","10":"instock","11":"shipping-taxable","12":"purchasable","13":"product-type-simple"},"_links":{"self":[{"href":"https:\/\/emcglobalindustrial.com\/fr\/wp-json\/wp\/v2\/product\/842","targetHints":{"allow":["GET"]}}],"collection":[{"href":"https:\/\/emcglobalindustrial.com\/fr\/wp-json\/wp\/v2\/product"}],"about":[{"href":"https:\/\/emcglobalindustrial.com\/fr\/wp-json\/wp\/v2\/types\/product"}],"replies":[{"embeddable":true,"href":"https:\/\/emcglobalindustrial.com\/fr\/wp-json\/wp\/v2\/comments?post=842"}],"wp:featuredmedia":[{"embeddable":true,"href":"https:\/\/emcglobalindustrial.com\/fr\/wp-json\/wp\/v2\/media\/3651"}],"wp:attachment":[{"href":"https:\/\/emcglobalindustrial.com\/fr\/wp-json\/wp\/v2\/media?parent=842"}],"wp:term":[{"taxonomy":"product_brand","embeddable":true,"href":"https:\/\/emcglobalindustrial.com\/fr\/wp-json\/wp\/v2\/product_brand?post=842"},{"taxonomy":"product_cat","embeddable":true,"href":"https:\/\/emcglobalindustrial.com\/fr\/wp-json\/wp\/v2\/product_cat?post=842"},{"taxonomy":"product_tag","embeddable":true,"href":"https:\/\/emcglobalindustrial.com\/fr\/wp-json\/wp\/v2\/product_tag?post=842"}],"curies":[{"name":"wp","href":"https:\/\/api.w.org\/{rel}","templated":true}]}}