{"id":839,"date":"2021-01-22T18:28:51","date_gmt":"2021-01-22T23:28:51","guid":{"rendered":"http:\/\/emcglobalindustrial.com\/?post_type=product&#038;p=839"},"modified":"2025-11-10T15:40:24","modified_gmt":"2025-11-10T20:40:24","slug":"emc14ft-driveway-wrought-iron-gate","status":"publish","type":"product","link":"https:\/\/emcglobalindustrial.com\/fr\/produit\/emc14ft-driveway-wrought-iron-gate\/","title":{"rendered":"14FT Driveway Wrought Iron Gate (Artwork &#8220;Flower&#8221;)"},"content":{"rendered":"<h2><strong>Mod\u00e8le:<\/strong> IG-14F<\/h2>\n<h2><strong>Sp\u00e9cifications<\/strong><\/h2>\n<ul>\n<li>Double portail battant<\/li>\n<li>Construction en acier robuste<\/li>\n<li>Aucune soudure requise<\/li>\n<li>Facile \u00e0 installer<\/li>\n<li>Bien enduit de poudre<\/li>\n<li>R\u00e9sistant \u00e0 la rouille et \u00e0 la corrosion<\/li>\n<li>Environ 150-160 LBS chacun<\/li>\n<li>Compatible avec tout type de cl\u00f4ture<\/li>\n<li>5'10\" sur le c\u00f4t\u00e9 \u00e0 7'10\" au milieu<\/li>\n<li>Poteau de 9 pieds disponible : 450 + taxes (une paire)<\/li>\n<\/ul>\n<h2><strong>Warranty<\/strong><\/h2>\n<ul>\n<li><a href=\"http:\/\/emcglobalindustrial.com\/wp-content\/uploads\/2025\/10\/EMC-Farm-Industrial-Inc.-Warranty-Terms-and-Conditions-EN.pdf\" target=\"_blank\" rel=\"noopener\">Warranty Terms and Conditions (EN)<\/a><\/li>\n<li><a href=\"http:\/\/emcglobalindustrial.com\/wp-content\/uploads\/2025\/10\/EMC-Farm-Industrial-Inc.-Conditions-de-Garantie-FR.pdf\" target=\"_blank\" rel=\"noopener\">Conditions de Garantie (FR)<\/a><\/li>\n<\/ul>\n<h2><strong>Packing details<\/strong><\/h2>\n<ul>\n<li>Taille d'emballage (pouce): 83L*25W*100H(6 ensembles\/lot)<\/li>\n<li>Poids (lb): 1608 (6 ensembles\/lot)<\/li>\n<\/ul>","protected":false},"excerpt":{"rendered":"<p>Model: IG-14F Specifications Dual swing gates Heavy-duty steel construction No welding required Easy to install Well powder coated Rust and corrosion-resistant Approx 150-160 LBS each Compatible with all type of fence 5&#8217;10&#8221; on the side to 7&#8217;10&#8221; in the middle 9ft post available: 450+tax (one pair) Warranty Warranty Terms and&hellip; <\/p>","protected":false},"featured_media":840,"comment_status":"open","ping_status":"closed","template":"","meta":[],"product_brand":[],"product_cat":[92,70],"product_tag":[],"class_list":{"0":"post-839","1":"product","2":"type-product","3":"status-publish","4":"has-post-thumbnail","6":"product_cat-homegarden","7":"product_cat-iron-drive-way-gate","9":"first","10":"instock","11":"shipping-taxable","12":"purchasable","13":"product-type-simple"},"_links":{"self":[{"href":"https:\/\/emcglobalindustrial.com\/fr\/wp-json\/wp\/v2\/product\/839","targetHints":{"allow":["GET"]}}],"collection":[{"href":"https:\/\/emcglobalindustrial.com\/fr\/wp-json\/wp\/v2\/product"}],"about":[{"href":"https:\/\/emcglobalindustrial.com\/fr\/wp-json\/wp\/v2\/types\/product"}],"replies":[{"embeddable":true,"href":"https:\/\/emcglobalindustrial.com\/fr\/wp-json\/wp\/v2\/comments?post=839"}],"wp:featuredmedia":[{"embeddable":true,"href":"https:\/\/emcglobalindustrial.com\/fr\/wp-json\/wp\/v2\/media\/840"}],"wp:attachment":[{"href":"https:\/\/emcglobalindustrial.com\/fr\/wp-json\/wp\/v2\/media?parent=839"}],"wp:term":[{"taxonomy":"product_brand","embeddable":true,"href":"https:\/\/emcglobalindustrial.com\/fr\/wp-json\/wp\/v2\/product_brand?post=839"},{"taxonomy":"product_cat","embeddable":true,"href":"https:\/\/emcglobalindustrial.com\/fr\/wp-json\/wp\/v2\/product_cat?post=839"},{"taxonomy":"product_tag","embeddable":true,"href":"https:\/\/emcglobalindustrial.com\/fr\/wp-json\/wp\/v2\/product_tag?post=839"}],"curies":[{"name":"wp","href":"https:\/\/api.w.org\/{rel}","templated":true}]}}