{"id":832,"date":"2021-01-22T18:24:44","date_gmt":"2021-01-22T23:24:44","guid":{"rendered":"http:\/\/emcglobalindustrial.com\/?post_type=product&#038;p=832"},"modified":"2026-03-23T14:39:24","modified_gmt":"2026-03-23T18:39:24","slug":"traffic-safety-cone","status":"publish","type":"product","link":"https:\/\/emcglobalindustrial.com\/fr\/produit\/traffic-safety-cone\/","title":{"rendered":"C\u00f4nes de s\u00e9curit\u00e9 routi\u00e8re"},"content":{"rendered":"<h2><strong><b>Caract\u00e9ristiques<\/b><\/strong><\/h2>\n<ul>\n<li>PVC durable, utilisation \u00e0 l'int\u00e9rieur ou \u00e0 l'ext\u00e9rieur<\/li>\n<li>Base lest\u00e9e pour une stabilit\u00e9 accrue<\/li>\n<li>Empilable<\/li>\n<li>Poign\u00e9e dentel\u00e9e pour un transport facile<\/li>\n<li>Les cols hautement r\u00e9fl\u00e9chissants am\u00e9liorent la visibilit\u00e9 et ne se d\u00e9collent pas<strong><b>\u00a0<\/b><\/strong><\/li>\n<\/ul>\n<h2><strong><b>Sp\u00e9cifications<\/b><\/strong><\/h2>\n<ul>\n<li>Hauteur : 28\"<\/li>\n<li>Taille de la base : 14\u2033 X 14\u2033<\/li>\n<li>Poids\u00a0: 7,0\u00a0lb<\/li>\n<li>Avec colliers r\u00e9fl\u00e9chissants haute intensit\u00e9 sup\u00e9rieur 6\u2033 et inf\u00e9rieur 4\u2033<\/li>\n<\/ul>\n<h2><strong>Warranty<\/strong><\/h2>\n<ul>\n<li><a href=\"http:\/\/emcglobalindustrial.com\/wp-content\/uploads\/2025\/10\/EMC-Farm-Industrial-Inc.-Warranty-Terms-and-Conditions-EN.pdf\" target=\"_blank\" rel=\"noopener\">Warranty Terms and Conditions (EN)<\/a><\/li>\n<li><a href=\"http:\/\/emcglobalindustrial.com\/wp-content\/uploads\/2025\/10\/EMC-Farm-Industrial-Inc.-Conditions-de-Garantie-FR.pdf\" target=\"_blank\" rel=\"noopener\">Conditions de Garantie (FR)<\/a><\/li>\n<\/ul>\n<h2><strong><b>D<\/b><\/strong><strong><b>acking<\/b><\/strong><strong><b> Details<\/b><\/strong><\/h2>\n<ul>\n<li>Qt\u00e9 de 250 unit\u00e9s emball\u00e9es en un seul lot<\/li>\n<li>Dimensions : 43\"L*28\"W*91\"H<\/li>\n<li>Poids : 1812 livres<\/li>\n<\/ul>","protected":false},"excerpt":{"rendered":"<p>Features Durable PVC, Use indoors or outdoors Weighted base for increased stability Stackable Indented handle for easy transport High reflective collars enhance visibility and won&#8217;t peel off\u00a0 Specifications Height: 28\u201d Base Size: 14&#8243; X 14&#8243; Weight: 7.0 lbs With upper 6&#8243; and lower 4&#8243; High Intensity Reflective Collars Warranty Warranty&hellip; <\/p>","protected":false},"featured_media":1749,"comment_status":"open","ping_status":"closed","template":"","meta":[],"product_brand":[],"product_cat":[104],"product_tag":[],"class_list":{"0":"post-832","1":"product","2":"type-product","3":"status-publish","4":"has-post-thumbnail","6":"product_cat-warehouse_equipment","8":"first","9":"instock","10":"shipping-taxable","11":"purchasable","12":"product-type-simple"},"_links":{"self":[{"href":"https:\/\/emcglobalindustrial.com\/fr\/wp-json\/wp\/v2\/product\/832","targetHints":{"allow":["GET"]}}],"collection":[{"href":"https:\/\/emcglobalindustrial.com\/fr\/wp-json\/wp\/v2\/product"}],"about":[{"href":"https:\/\/emcglobalindustrial.com\/fr\/wp-json\/wp\/v2\/types\/product"}],"replies":[{"embeddable":true,"href":"https:\/\/emcglobalindustrial.com\/fr\/wp-json\/wp\/v2\/comments?post=832"}],"wp:featuredmedia":[{"embeddable":true,"href":"https:\/\/emcglobalindustrial.com\/fr\/wp-json\/wp\/v2\/media\/1749"}],"wp:attachment":[{"href":"https:\/\/emcglobalindustrial.com\/fr\/wp-json\/wp\/v2\/media?parent=832"}],"wp:term":[{"taxonomy":"product_brand","embeddable":true,"href":"https:\/\/emcglobalindustrial.com\/fr\/wp-json\/wp\/v2\/product_brand?post=832"},{"taxonomy":"product_cat","embeddable":true,"href":"https:\/\/emcglobalindustrial.com\/fr\/wp-json\/wp\/v2\/product_cat?post=832"},{"taxonomy":"product_tag","embeddable":true,"href":"https:\/\/emcglobalindustrial.com\/fr\/wp-json\/wp\/v2\/product_tag?post=832"}],"curies":[{"name":"wp","href":"https:\/\/api.w.org\/{rel}","templated":true}]}}