{"id":821,"date":"2021-01-22T18:17:38","date_gmt":"2021-01-22T23:17:38","guid":{"rendered":"http:\/\/emcglobalindustrial.com\/?post_type=product&#038;p=821"},"modified":"2025-10-29T17:14:53","modified_gmt":"2025-10-29T21:14:53","slug":"heavy-duty-storage-building-50-100-23","status":"publish","type":"product","link":"https:\/\/emcglobalindustrial.com\/fr\/produit\/heavy-duty-storage-building-50-100-23\/","title":{"rendered":"B\u00e2timent de stockage pour charges lourdes (W50' \u00d7 L100' \u00d7 H23')"},"content":{"rendered":"<h2><strong>Mod\u00e8le:<\/strong> EMC 50100<\/h2>\n<h2><strong>Sp\u00e9cification<\/strong><\/h2>\n<ul>\n<li>Taille : 50'L \u00d7 100'L \u00d7 23'H<\/li>\n<li>Cadre\u00a0: tube galvanis\u00e9 \u00e0 double treillis<\/li>\n<li>Espace de vo\u00fbte : 10pi<\/li>\n<li>Paroi lat\u00e9rale : 11,5pi<\/li>\n<li>Taille de la porte du treuil 18pi * 16pi<\/li>\n<li>Caract\u00e9ristique du tissu : imperm\u00e9able, r\u00e9sistant aux UV, avec propri\u00e9t\u00e9 autonettoyante<\/li>\n<li>Syst\u00e8me de tension\u00a0: syst\u00e8me d'arrimage \u00e0 tuyau et \u00e0 cliquet<\/li>\n<li>Emballage: Bo\u00eete en acier solide et navigable<\/li>\n<\/ul>\n<h2><strong>Warranty<\/strong><\/h2>\n<ul>\n<li><a href=\"http:\/\/emcglobalindustrial.com\/wp-content\/uploads\/2025\/10\/EMC-Farm-Industrial-Inc.-Warranty-Terms-and-Conditions-EN.pdf\" target=\"_blank\" rel=\"noopener\">Warranty Terms and Conditions (EN)<\/a><\/li>\n<li><a href=\"http:\/\/emcglobalindustrial.com\/wp-content\/uploads\/2025\/10\/EMC-Farm-Industrial-Inc.-Conditions-de-Garantie-FR.pdf\" target=\"_blank\" rel=\"noopener\">Conditions de Garantie (FR)<\/a><\/li>\n<\/ul>\n<h2><strong>Taille d'emballage<\/strong><\/h2>\n<ul>\n<li>Box 1: 110\u2033(L)*43\u2033(W)*49\u2033(H)<\/li>\n<li>Box 2: 110\u2033(L)*43\u2033(W)*49\u2033(H)<\/li>\n<li>Box 3: 115\u2033(L)\u00d743\u2033(W)\u00d749\u2033(H)<\/li>\n<li>Box 4: 124\u2033(L)*43\u2033(W)*49\u2033(H)<\/li>\n<li>Box 5: 124\u2033(L)\u00d743\u2033(W)\u00d720\u2033(H)<\/li>\n<\/ul>\n<h2><strong>Packing Weight<\/strong><\/h2>\n<ul>\n<li>Box 1: 2625 lbs<\/li>\n<li>Box 2: 1978 lbs<\/li>\n<li>Box 3: 2262 lbs<\/li>\n<li>Box 4: 3518 lbs<\/li>\n<li>Box 5: 887 lbs<\/li>\n<\/ul>","protected":false},"excerpt":{"rendered":"<p>Model: EMC 50100 Specification Size: 50\u2019W \u00d7 100\u2019L \u00d7 23\u2019H Frame: Double trussed galvanized tube Arch space: 10FT Sidewall: 11.5FT Winch door size 18FT*16FT Fabric Feature: Waterproof, UV resistant, with self-cleaning property Tension system: Pipe and Ratchet tie-down system Packing: Strong seaworthy steel box Warranty Warranty Terms and Conditions (EN)&hellip; <\/p>","protected":false},"featured_media":1243,"comment_status":"open","ping_status":"closed","template":"","meta":[],"product_brand":[],"product_cat":[62,63],"product_tag":[],"class_list":{"0":"post-821","1":"product","2":"type-product","3":"status-publish","4":"has-post-thumbnail","6":"product_cat-storage-equipment","7":"product_cat-storage-shelter-storage-equipment","9":"first","10":"instock","11":"shipping-taxable","12":"purchasable","13":"product-type-simple"},"_links":{"self":[{"href":"https:\/\/emcglobalindustrial.com\/fr\/wp-json\/wp\/v2\/product\/821","targetHints":{"allow":["GET"]}}],"collection":[{"href":"https:\/\/emcglobalindustrial.com\/fr\/wp-json\/wp\/v2\/product"}],"about":[{"href":"https:\/\/emcglobalindustrial.com\/fr\/wp-json\/wp\/v2\/types\/product"}],"replies":[{"embeddable":true,"href":"https:\/\/emcglobalindustrial.com\/fr\/wp-json\/wp\/v2\/comments?post=821"}],"wp:featuredmedia":[{"embeddable":true,"href":"https:\/\/emcglobalindustrial.com\/fr\/wp-json\/wp\/v2\/media\/1243"}],"wp:attachment":[{"href":"https:\/\/emcglobalindustrial.com\/fr\/wp-json\/wp\/v2\/media?parent=821"}],"wp:term":[{"taxonomy":"product_brand","embeddable":true,"href":"https:\/\/emcglobalindustrial.com\/fr\/wp-json\/wp\/v2\/product_brand?post=821"},{"taxonomy":"product_cat","embeddable":true,"href":"https:\/\/emcglobalindustrial.com\/fr\/wp-json\/wp\/v2\/product_cat?post=821"},{"taxonomy":"product_tag","embeddable":true,"href":"https:\/\/emcglobalindustrial.com\/fr\/wp-json\/wp\/v2\/product_tag?post=821"}],"curies":[{"name":"wp","href":"https:\/\/api.w.org\/{rel}","templated":true}]}}