{"id":819,"date":"2021-01-22T18:15:13","date_gmt":"2021-01-22T23:15:13","guid":{"rendered":"http:\/\/emcglobalindustrial.com\/?post_type=product&#038;p=819"},"modified":"2025-10-29T15:09:32","modified_gmt":"2025-10-29T19:09:32","slug":"heavy-duty-storage-building-emc-306515r","status":"publish","type":"product","link":"https:\/\/emcglobalindustrial.com\/fr\/produit\/heavy-duty-storage-building-emc-306515r\/","title":{"rendered":"B\u00e2timent de stockage pour charges lourdes (W30\u2032 \u00d7 L65\u2032 \u00d7 H15\u2032)"},"content":{"rendered":"<h2><strong>Mod\u00e8le: <\/strong>EMC 306515P<\/h2>\n<h2><strong>Caract\u00e9ristiques<\/strong><\/h2>\n<ul>\n<li>For vehicles, industrial stuffs, farm equipment, boats and other more needs<\/li>\n<li>Peaked roof design protect you and your equipment from the elements while adding to the shelter\u2019s overall stability<\/li>\n<li>The upgrading and strengthening of the steel pipe connection ensures that the building is stronger<\/li>\n<li>Heavy duty cover: Fire retardant, Leak proof, UV Protected\u200b<\/li>\n<li>Commercial grade, 3-layer galvanized steel frame structure is long lasting, much higher corrosion protection than the traditional single layer of zinc\u200b<\/li>\n<\/ul>\n<h2><strong>Sp\u00e9cifications<\/strong><\/h2>\n<ul>\n<li>Dimension hors tout : L 30pi x L65 pi x H15 pi<\/li>\n<li>Dimension d'ouverture de la porte : L11 \u00bd' x H12 7\/16' (L3.5mxH3.8m)<\/li>\n<li>Mat\u00e9riel: Tubes en acier galvanis\u00e9 de b\u00e2che PE de qualit\u00e9 commerciale<\/li>\n<li>2 Drive through doors at both ends<\/li>\n<li>Roll-up Door Size: W11\u20198\u201d\u00d7H11\u20198\u201d (W3.5m\u00d7H3.5m)<\/li>\n<li>12 7\/16 pieds traversent la porte \u00e0 chaque extr\u00e9mit\u00e9<\/li>\n<li>Fermes totales : 11 unit\u00e9s<\/li>\n<li>Espacement des fermes\u00a0: 6-9\/16\u00a0pi (2m)<\/li>\n<li>Total de grandes plaques d'ancrage : 22 unit\u00e9s<\/li>\n<li>Tube en treillis : Jauge 15<\/li>\n<li>Support de contreventement \u00e0 chaque coin<\/li>\n<li>Sangles \u00e0 cliquet pour un ajustement serr\u00e9 du tambour<\/li>\n<li>Syst\u00e8me de tension \u00e0 double couverture<\/li>\n<li>Cover: White color with grey edge<\/li>\n<\/ul>\n<h2><strong>Warranty<\/strong><\/h2>\n<ul>\n<li><a href=\"http:\/\/emcglobalindustrial.com\/wp-content\/uploads\/2025\/10\/EMC-Farm-Industrial-Inc.-Warranty-Terms-and-Conditions-EN.pdf\" target=\"_blank\" rel=\"noopener\">Warranty Terms and Conditions (EN)<\/a><\/li>\n<li><a href=\"http:\/\/emcglobalindustrial.com\/wp-content\/uploads\/2025\/10\/EMC-Farm-Industrial-Inc.-Conditions-de-Garantie-FR.pdf\" target=\"_blank\" rel=\"noopener\">Conditions de Garantie (FR)<\/a><\/li>\n<\/ul>\n<h2><strong>D\u00e9tail d'emballage<\/strong><\/h2>\n<ul>\n<li>Packing Size (Inch): 115L*29W*43H<\/li>\n<li>Weight (lb): 300GSM PE 2608 lbs | 450GSM PVC 2706 lbs<\/li>\n<li><strong><b>PRICE: <\/b><\/strong><strong><b>300GSM PE $6750 | <\/b><\/strong><strong><b>450GSM PVC $7450<\/b><\/strong><\/li>\n<\/ul>","protected":false},"excerpt":{"rendered":"<p>Model: EMC 306515P Features For vehicles, industrial stuffs, farm equipment, boats and other more needs Peaked roof design protect you and your equipment from the elements while adding to the shelter\u2019s overall stability The upgrading and strengthening of the steel pipe connection ensures that the building is stronger Heavy duty&hellip; <\/p>","protected":false},"featured_media":2624,"comment_status":"open","ping_status":"closed","template":"","meta":[],"product_brand":[],"product_cat":[62,63],"product_tag":[],"class_list":{"0":"post-819","1":"product","2":"type-product","3":"status-publish","4":"has-post-thumbnail","6":"product_cat-storage-equipment","7":"product_cat-storage-shelter-storage-equipment","9":"first","10":"instock","11":"shipping-taxable","12":"purchasable","13":"product-type-simple"},"_links":{"self":[{"href":"https:\/\/emcglobalindustrial.com\/fr\/wp-json\/wp\/v2\/product\/819","targetHints":{"allow":["GET"]}}],"collection":[{"href":"https:\/\/emcglobalindustrial.com\/fr\/wp-json\/wp\/v2\/product"}],"about":[{"href":"https:\/\/emcglobalindustrial.com\/fr\/wp-json\/wp\/v2\/types\/product"}],"replies":[{"embeddable":true,"href":"https:\/\/emcglobalindustrial.com\/fr\/wp-json\/wp\/v2\/comments?post=819"}],"wp:featuredmedia":[{"embeddable":true,"href":"https:\/\/emcglobalindustrial.com\/fr\/wp-json\/wp\/v2\/media\/2624"}],"wp:attachment":[{"href":"https:\/\/emcglobalindustrial.com\/fr\/wp-json\/wp\/v2\/media?parent=819"}],"wp:term":[{"taxonomy":"product_brand","embeddable":true,"href":"https:\/\/emcglobalindustrial.com\/fr\/wp-json\/wp\/v2\/product_brand?post=819"},{"taxonomy":"product_cat","embeddable":true,"href":"https:\/\/emcglobalindustrial.com\/fr\/wp-json\/wp\/v2\/product_cat?post=819"},{"taxonomy":"product_tag","embeddable":true,"href":"https:\/\/emcglobalindustrial.com\/fr\/wp-json\/wp\/v2\/product_tag?post=819"}],"curies":[{"name":"wp","href":"https:\/\/api.w.org\/{rel}","templated":true}]}}