{"id":812,"date":"2021-01-22T18:13:51","date_gmt":"2021-01-22T23:13:51","guid":{"rendered":"http:\/\/emcglobalindustrial.com\/?post_type=product&#038;p=812"},"modified":"2025-10-29T14:53:57","modified_gmt":"2025-10-29T18:53:57","slug":"heavy-duty-storage-building-emc-304015r","status":"publish","type":"product","link":"https:\/\/emcglobalindustrial.com\/fr\/produit\/heavy-duty-storage-building-emc-304015r\/","title":{"rendered":"B\u00e2timent de stockage pour charges lourdes (W30' \u00d7 L40' \u00d7 H15')"},"content":{"rendered":"<h2><strong><b>M<\/b><\/strong><strong><b>odel<\/b><\/strong><strong><b>: <\/b><\/strong>EMC-304015P<\/h2>\n<h2><strong><b>Caract\u00e9ristiques<\/b><\/strong><\/h2>\n<ul>\n<li>For vehicles, industrial stuffs, farm equipment, boats and other more needs<\/li>\n<li>Peaked roof design protect you and your equipment from the elements while adding to the shelter\u2019s overall stability<\/li>\n<li>The upgrading and strengthening of the steel pipe connection ensures that the building is stronger<\/li>\n<li>Heavy duty cover: Fire retardant, Leak proof, UV Protected\u200b<\/li>\n<li>Commercial grade, 3-layer galvanized steel frame structure is long lasting, much higher corrosion protection than the traditional single layer of zinc\u200b<\/li>\n<\/ul>\n<h2><strong>Sp\u00e9cification<\/strong><\/h2>\n<ul>\n<li>Overall Size: W30FT\u00d7L40FT\u00d7H15FT<\/li>\n<li>2 Drive through doors at both ends<\/li>\n<li>Roll-up Door Size: W11\u20198\u201d\u00d7H11\u20198\u201d (W3.5m\u00d7H3.5m)<\/li>\n<li>Cover: White color with grey edge<\/li>\n<li>Truss Quantity: 7 units<\/li>\n<li>Truss Spacing: 6\u20198\u201d (2m)<\/li>\n<li>Large anchor plates: 14 units<\/li>\n<\/ul>\n<h2><strong>Warranty<\/strong><\/h2>\n<ul>\n<li><a href=\"http:\/\/emcglobalindustrial.com\/wp-content\/uploads\/2025\/10\/EMC-Farm-Industrial-Inc.-Warranty-Terms-and-Conditions-EN.pdf\" target=\"_blank\" rel=\"noopener\">Warranty Terms and Conditions (EN)<\/a><\/li>\n<li><a href=\"http:\/\/emcglobalindustrial.com\/wp-content\/uploads\/2025\/10\/EMC-Farm-Industrial-Inc.-Conditions-de-Garantie-FR.pdf\" target=\"_blank\" rel=\"noopener\">Conditions de Garantie (FR)<\/a><\/li>\n<\/ul>\n<h2><strong>D\u00e9tail d'emballage<\/strong><\/h2>\n<ul>\n<li>Packing Size (Inch): 115L*29W*29H<\/li>\n<li>Weight (lb): 300GSM PE 1818 lbs | 450GSM PVC 1887 lbs<\/li>\n<li><strong><b>PRICE:<\/b><\/strong><strong><b>300GSM PE \u00a0$5350 | <\/b><\/strong><strong><b>450GSM PVC \u00a0$5950<\/b><\/strong><\/li>\n<\/ul>","protected":false},"excerpt":{"rendered":"<p>Model: EMC-304015P Features For vehicles, industrial stuffs, farm equipment, boats and other more needs Peaked roof design protect you and your equipment from the elements while adding to the shelter\u2019s overall stability The upgrading and strengthening of the steel pipe connection ensures that the building is stronger Heavy duty cover:&hellip; <\/p>","protected":false},"featured_media":2624,"comment_status":"open","ping_status":"closed","template":"","meta":[],"product_brand":[],"product_cat":[62,63],"product_tag":[],"class_list":{"0":"post-812","1":"product","2":"type-product","3":"status-publish","4":"has-post-thumbnail","6":"product_cat-storage-equipment","7":"product_cat-storage-shelter-storage-equipment","8":"pa_matertial-300gsm-pe","9":"pa_matertial-450gsm-pvc","11":"first","12":"outofstock","13":"shipping-taxable","14":"purchasable","15":"product-type-simple"},"_links":{"self":[{"href":"https:\/\/emcglobalindustrial.com\/fr\/wp-json\/wp\/v2\/product\/812","targetHints":{"allow":["GET"]}}],"collection":[{"href":"https:\/\/emcglobalindustrial.com\/fr\/wp-json\/wp\/v2\/product"}],"about":[{"href":"https:\/\/emcglobalindustrial.com\/fr\/wp-json\/wp\/v2\/types\/product"}],"replies":[{"embeddable":true,"href":"https:\/\/emcglobalindustrial.com\/fr\/wp-json\/wp\/v2\/comments?post=812"}],"wp:featuredmedia":[{"embeddable":true,"href":"https:\/\/emcglobalindustrial.com\/fr\/wp-json\/wp\/v2\/media\/2624"}],"wp:attachment":[{"href":"https:\/\/emcglobalindustrial.com\/fr\/wp-json\/wp\/v2\/media?parent=812"}],"wp:term":[{"taxonomy":"product_brand","embeddable":true,"href":"https:\/\/emcglobalindustrial.com\/fr\/wp-json\/wp\/v2\/product_brand?post=812"},{"taxonomy":"product_cat","embeddable":true,"href":"https:\/\/emcglobalindustrial.com\/fr\/wp-json\/wp\/v2\/product_cat?post=812"},{"taxonomy":"product_tag","embeddable":true,"href":"https:\/\/emcglobalindustrial.com\/fr\/wp-json\/wp\/v2\/product_tag?post=812"}],"curies":[{"name":"wp","href":"https:\/\/api.w.org\/{rel}","templated":true}]}}