{"id":804,"date":"2021-01-22T18:07:33","date_gmt":"2021-01-22T23:07:33","guid":{"rendered":"http:\/\/emcglobalindustrial.com\/?post_type=product&#038;p=804"},"modified":"2025-10-30T14:09:36","modified_gmt":"2025-10-30T18:09:36","slug":"pvc-party-tent","status":"publish","type":"product","link":"https:\/\/emcglobalindustrial.com\/fr\/produit\/pvc-party-tent\/","title":{"rendered":"Tente de f\u00eate en PVC 20Pi x 40Pi"},"content":{"rendered":"<div style=\"width: 640px;\" class=\"wp-video\"><video class=\"wp-video-shortcode\" id=\"video-804-1\" width=\"640\" height=\"368\" preload=\"metadata\" controls=\"controls\"><source type=\"video\/mp4\" src=\"http:\/\/emcglobalindustrial.com\/wp-content\/uploads\/2024\/05\/party-tent-video.mp4?_=1\" \/><a href=\"http:\/\/emcglobalindustrial.com\/wp-content\/uploads\/2024\/05\/party-tent-video.mp4\">http:\/\/emcglobalindustrial.com\/wp-content\/uploads\/2024\/05\/party-tent-video.mp4<\/a><\/video><\/div>\n<h2><\/h2>\n<h2><strong><b>Caract\u00e9ristiques<\/b><\/strong><\/h2>\n<p>La tente de r\u00e9ception EMC Heavy Duty en PVC est id\u00e9ale pour les \u00e9v\u00e9nements en plein air tels que les f\u00eates, les mariages, les r\u00e9unions de famille et autres r\u00e9unions sociales. La garniture ondul\u00e9e et les fen\u00eatres transparentes offrent un look classique et \u00e9l\u00e9gant tout en assurant un int\u00e9rieur lumineux. Les portes d'entr\u00e9e sont sur les murs aux deux extr\u00e9mit\u00e9s, et il y a aussi des portes sur les murs lat\u00e9raux pour un acc\u00e8s facile. Facile et rapide \u00e0 installer, y compris tous les accessoires comme les cordes et les piquets, etc.<\/p>\n<h2><strong><b>Sp\u00e9cifications<\/b><\/strong><\/h2>\n<ul>\n<li>Hauteur d'\u00e9paule : 6'7'', Hauteur de cr\u00eate : 10'<\/li>\n<li>Couverture sup\u00e9rieure : PVC 500 g\/m\u00b2, parois lat\u00e9rales : PVC 380 g\/m\u00b2<\/li>\n<li>Ch\u00e2ssis en acier galvanis\u00e9 : 42\u00d71,2 (mm) et 38\u00d71 (mm)<\/li>\n<li>Housse en poly\u00e9thyl\u00e8ne (r\u00e9sistant \u00e0 l'eau, ignifuge) + UV<\/li>\n<li>Taille des quatre portes d'entr\u00e9e : 6'7''(W)\u00d7 6'7''(H)<\/li>\n<li>Capacit\u00e9 de personnes (environ):<\/li>\n<li>Assis aux tables rondes (1m50) : 80<\/li>\n<li>Assis \u00e0 des tables \u00e0 tr\u00e9teaux\u00a0: 96<\/li>\n<li>Debout : 110<\/li>\n<\/ul>\n<h2><strong>Warranty<\/strong><\/h2>\n<ul>\n<li><a href=\"http:\/\/emcglobalindustrial.com\/wp-content\/uploads\/2025\/10\/EMC-Farm-Industrial-Inc.-Warranty-Terms-and-Conditions-EN.pdf\" target=\"_blank\" rel=\"noopener\">Warranty Terms and Conditions (EN)<\/a><\/li>\n<li><a href=\"http:\/\/emcglobalindustrial.com\/wp-content\/uploads\/2025\/10\/EMC-Farm-Industrial-Inc.-Conditions-de-Garantie-FR.pdf\" target=\"_blank\" rel=\"noopener\">Conditions de Garantie (FR)<\/a><\/li>\n<\/ul>\n<h2><strong><b>D<\/b><\/strong><strong><b>acking Detail<\/b><\/strong><\/h2>\n<ul>\n<li>Taille : 83\"(L)\u00d740\"(W)\u00d716\"(H)<\/li>\n<li>Poids : 650 livres<\/li>\n<\/ul>","protected":false},"excerpt":{"rendered":"<p>Features The EMC Heavy Duty PVC Party\u00a0Tent is ideal for outdoor events like parties, wedding, family and other social gatherings. Wavy trim cover and clear windows provide a classic, elegant look while ensuring a bright interior. The entrance doors are on the walls at both ends, and there are also&hellip; <\/p>","protected":false},"featured_media":805,"comment_status":"open","ping_status":"closed","template":"","meta":[],"product_brand":[],"product_cat":[62,66],"product_tag":[],"class_list":{"0":"post-804","1":"product","2":"type-product","3":"status-publish","4":"has-post-thumbnail","6":"product_cat-storage-equipment","7":"product_cat-party-tent","9":"first","10":"instock","11":"shipping-taxable","12":"purchasable","13":"product-type-simple"},"_links":{"self":[{"href":"https:\/\/emcglobalindustrial.com\/fr\/wp-json\/wp\/v2\/product\/804","targetHints":{"allow":["GET"]}}],"collection":[{"href":"https:\/\/emcglobalindustrial.com\/fr\/wp-json\/wp\/v2\/product"}],"about":[{"href":"https:\/\/emcglobalindustrial.com\/fr\/wp-json\/wp\/v2\/types\/product"}],"replies":[{"embeddable":true,"href":"https:\/\/emcglobalindustrial.com\/fr\/wp-json\/wp\/v2\/comments?post=804"}],"wp:featuredmedia":[{"embeddable":true,"href":"https:\/\/emcglobalindustrial.com\/fr\/wp-json\/wp\/v2\/media\/805"}],"wp:attachment":[{"href":"https:\/\/emcglobalindustrial.com\/fr\/wp-json\/wp\/v2\/media?parent=804"}],"wp:term":[{"taxonomy":"product_brand","embeddable":true,"href":"https:\/\/emcglobalindustrial.com\/fr\/wp-json\/wp\/v2\/product_brand?post=804"},{"taxonomy":"product_cat","embeddable":true,"href":"https:\/\/emcglobalindustrial.com\/fr\/wp-json\/wp\/v2\/product_cat?post=804"},{"taxonomy":"product_tag","embeddable":true,"href":"https:\/\/emcglobalindustrial.com\/fr\/wp-json\/wp\/v2\/product_tag?post=804"}],"curies":[{"name":"wp","href":"https:\/\/api.w.org\/{rel}","templated":true}]}}