{"id":793,"date":"2021-01-22T16:59:45","date_gmt":"2021-01-22T21:59:45","guid":{"rendered":"http:\/\/emcglobalindustrial.com\/?post_type=product&#038;p=793"},"modified":"2026-04-26T05:51:08","modified_gmt":"2026-04-26T09:51:08","slug":"metal-garage-shed-1120","status":"publish","type":"product","link":"https:\/\/emcglobalindustrial.com\/fr\/produit\/metal-garage-shed-1120\/","title":{"rendered":"Cabanon de garage en m\u00e9tal (11' x 20')"},"content":{"rendered":"<h2><strong>Caract\u00e9ristiques<\/strong><\/h2>\n<p>La remise de garage en m\u00e9tal EMC Industrial 11' x 20' est destin\u00e9e aux v\u00e9hicules, aux bateaux, au stockage dans la cour arri\u00e8re, m\u00eame aux ateliers. Cet abri de garage est livr\u00e9 avec une entr\u00e9e principale et une porte lat\u00e9rale. Le solide cadre en acier galvanis\u00e9 \u00e0 chaud et le toit renforc\u00e9 prot\u00e9geront bien vos affaires ou votre atelier.<\/p>\n<h2><strong>Sp\u00e9cifications<\/strong><\/h2>\n<ul>\n<li>Taille globale : 134'' \u00d7 240'' \u00d7 91''<\/li>\n<li>Taille interne : 210 pieds carr\u00e9s<\/li>\n<li>Mat\u00e9riau : plaques de couleur en m\u00e9tal, cadre en acier zingu\u00e9 de 0,6 \u00e0 0,8 mm,<\/li>\n<li>Mat\u00e9riau du toit : M\u00e9tal<\/li>\n<li>Porte : Grandes portes battantes doubles,<\/li>\n<li>Taille de la porte double :\u00a0100'' L x 79\" H<\/li>\n<li>Porte \u00e0 charni\u00e8re d'un seul c\u00f4t\u00e9 : 67\" (W)*79\"(H)<\/li>\n<li>Hauteur du mur : 79\"<\/li>\n<li>Charge maximale sur le toit (lb\/pi\u00b2) : 30<\/li>\n<li>R\u00e9sistance maximale au vent (mph): 75<\/li>\n<li>Couleur: Gris fonc\u00e9<\/li>\n<\/ul>\n<h2><strong>Warranty<\/strong><\/h2>\n<ul>\n<li><a href=\"http:\/\/emcglobalindustrial.com\/wp-content\/uploads\/2025\/10\/EMC-Farm-Industrial-Inc.-Warranty-Terms-and-Conditions-EN.pdf\" target=\"_blank\" rel=\"noopener\">Warranty Terms and Conditions (EN)<\/a><\/li>\n<li><a href=\"http:\/\/emcglobalindustrial.com\/wp-content\/uploads\/2025\/10\/EMC-Farm-Industrial-Inc.-Conditions-de-Garantie-FR.pdf\" target=\"_blank\" rel=\"noopener\">Conditions de Garantie (FR)<\/a><\/li>\n<\/ul>\n<h2><strong>D\u00e9tail d'emballage<\/strong><\/h2>\n<ul>\n<li>Dimensions du colis\uff1a81\u2033(L)*37\u2033(W)*14\u2033(H)<\/li>\n<li>Poids du colis : 671 lb<\/li>\n<\/ul>","protected":false},"excerpt":{"rendered":"<p>Features The EMC Industrial 11\u2019 x 20\u2019 metal garage shed is for vehicles, boats, back-yard storage, even for workshops. This Garage shed comes with one main entrance and one side door. The strong hot-dipped galvanized steel frame and reinforced roof will protect your stuff or workshop well. Specifications Overall Size&hellip; <\/p>","protected":false},"featured_media":794,"comment_status":"open","ping_status":"closed","template":"","meta":[],"product_brand":[],"product_cat":[69,62],"product_tag":[],"class_list":{"0":"post-793","1":"product","2":"type-product","3":"status-publish","4":"has-post-thumbnail","6":"product_cat-metal-shelter","7":"product_cat-storage-equipment","9":"first","10":"instock","11":"shipping-taxable","12":"purchasable","13":"product-type-simple"},"_links":{"self":[{"href":"https:\/\/emcglobalindustrial.com\/fr\/wp-json\/wp\/v2\/product\/793","targetHints":{"allow":["GET"]}}],"collection":[{"href":"https:\/\/emcglobalindustrial.com\/fr\/wp-json\/wp\/v2\/product"}],"about":[{"href":"https:\/\/emcglobalindustrial.com\/fr\/wp-json\/wp\/v2\/types\/product"}],"replies":[{"embeddable":true,"href":"https:\/\/emcglobalindustrial.com\/fr\/wp-json\/wp\/v2\/comments?post=793"}],"wp:featuredmedia":[{"embeddable":true,"href":"https:\/\/emcglobalindustrial.com\/fr\/wp-json\/wp\/v2\/media\/794"}],"wp:attachment":[{"href":"https:\/\/emcglobalindustrial.com\/fr\/wp-json\/wp\/v2\/media?parent=793"}],"wp:term":[{"taxonomy":"product_brand","embeddable":true,"href":"https:\/\/emcglobalindustrial.com\/fr\/wp-json\/wp\/v2\/product_brand?post=793"},{"taxonomy":"product_cat","embeddable":true,"href":"https:\/\/emcglobalindustrial.com\/fr\/wp-json\/wp\/v2\/product_cat?post=793"},{"taxonomy":"product_tag","embeddable":true,"href":"https:\/\/emcglobalindustrial.com\/fr\/wp-json\/wp\/v2\/product_tag?post=793"}],"curies":[{"name":"wp","href":"https:\/\/api.w.org\/{rel}","templated":true}]}}