{"id":788,"date":"2021-01-22T16:56:17","date_gmt":"2021-01-22T21:56:17","guid":{"rendered":"http:\/\/emcglobalindustrial.com\/?post_type=product&#038;p=788"},"modified":"2025-10-30T13:34:19","modified_gmt":"2025-10-30T17:34:19","slug":"galvanized-metal-shed-811","status":"publish","type":"product","link":"https:\/\/emcglobalindustrial.com\/fr\/produit\/galvanized-metal-shed-811\/","title":{"rendered":"Cabanon en m\u00e9tal galvanis\u00e9 8pi x 11pi"},"content":{"rendered":"<h2><strong>Caract\u00e9ristiques<\/strong><\/h2>\n<p>L'abri en m\u00e9tal galvanis\u00e9 EMC Industrial 8' x 11' est parfaitement con\u00e7u pour les outils de jardin, l'\u00e9quipement d'entretien des pelouses, les fournitures de piscine et plus encore. Fabriqu\u00e9s \u00e0 partir d'acier galvanis\u00e9 durable, ces abris robustes sont r\u00e9sistants aux intemp\u00e9ries et \u00e0 la rouille, id\u00e9aux pour une utilisation ext\u00e9rieure durable.<\/p>\n<h2><strong>Sp\u00e9cification<\/strong><\/h2>\n<ul>\n<li>Dimensions hors tout\u00a0: \u00a0L134\" x P106\" x H87,5\"<\/li>\n<li>Mat\u00e9riau : cadre en acier de calibre 22,<\/li>\n<li>Feuilles de m\u00e9tal de calibre 29<\/li>\n<li>Portes coulissantes doubles avec ouverture L67\" x H70\"<\/li>\n<li>Couleur : Gris clair<\/li>\n<\/ul>\n<h2><strong>Warranty<\/strong><\/h2>\n<ul>\n<li><a href=\"http:\/\/emcglobalindustrial.com\/wp-content\/uploads\/2025\/10\/EMC-Farm-Industrial-Inc.-Warranty-Terms-and-Conditions-EN.pdf\" target=\"_blank\" rel=\"noopener\">Warranty Terms and Conditions (EN)<\/a><\/li>\n<li><a href=\"http:\/\/emcglobalindustrial.com\/wp-content\/uploads\/2025\/10\/EMC-Farm-Industrial-Inc.-Conditions-de-Garantie-FR.pdf\" target=\"_blank\" rel=\"noopener\">Conditions de Garantie (FR)<\/a><\/li>\n<\/ul>\n<h2><strong>D\u00e9tail d'emballage<\/strong><\/h2>\n<ul>\n<li>Taille d'emballage (pouces) : 74L*37W*9H<\/li>\n<li>Poids (lb): 374<\/li>\n<\/ul>","protected":false},"excerpt":{"rendered":"<p>Features The EMC Industrial 8\u2019 x 11\u2019 galvanized metal shed is perfectly designed for garden tools lawn care equipment pool supplies and more. Constructed from durable galvanized steel in finish these sturdy sheds are weather and rust-resistant ideal for long-lasting outdoor use. Specification Overall dimensions: \u00a0W134\u201d x D106\u201d x H87.5\u201d&hellip; <\/p>","protected":false},"featured_media":789,"comment_status":"open","ping_status":"closed","template":"","meta":[],"product_brand":[],"product_cat":[69,62],"product_tag":[],"class_list":{"0":"post-788","1":"product","2":"type-product","3":"status-publish","4":"has-post-thumbnail","6":"product_cat-metal-shelter","7":"product_cat-storage-equipment","9":"first","10":"instock","11":"shipping-taxable","12":"purchasable","13":"product-type-simple"},"_links":{"self":[{"href":"https:\/\/emcglobalindustrial.com\/fr\/wp-json\/wp\/v2\/product\/788","targetHints":{"allow":["GET"]}}],"collection":[{"href":"https:\/\/emcglobalindustrial.com\/fr\/wp-json\/wp\/v2\/product"}],"about":[{"href":"https:\/\/emcglobalindustrial.com\/fr\/wp-json\/wp\/v2\/types\/product"}],"replies":[{"embeddable":true,"href":"https:\/\/emcglobalindustrial.com\/fr\/wp-json\/wp\/v2\/comments?post=788"}],"wp:featuredmedia":[{"embeddable":true,"href":"https:\/\/emcglobalindustrial.com\/fr\/wp-json\/wp\/v2\/media\/789"}],"wp:attachment":[{"href":"https:\/\/emcglobalindustrial.com\/fr\/wp-json\/wp\/v2\/media?parent=788"}],"wp:term":[{"taxonomy":"product_brand","embeddable":true,"href":"https:\/\/emcglobalindustrial.com\/fr\/wp-json\/wp\/v2\/product_brand?post=788"},{"taxonomy":"product_cat","embeddable":true,"href":"https:\/\/emcglobalindustrial.com\/fr\/wp-json\/wp\/v2\/product_cat?post=788"},{"taxonomy":"product_tag","embeddable":true,"href":"https:\/\/emcglobalindustrial.com\/fr\/wp-json\/wp\/v2\/product_tag?post=788"}],"curies":[{"name":"wp","href":"https:\/\/api.w.org\/{rel}","templated":true}]}}