{"id":786,"date":"2021-01-22T16:52:24","date_gmt":"2021-01-22T21:52:24","guid":{"rendered":"http:\/\/emcglobalindustrial.com\/?post_type=product&#038;p=786"},"modified":"2024-10-26T01:51:46","modified_gmt":"2024-10-26T05:51:46","slug":"4-side-door-container","status":"publish","type":"product","link":"https:\/\/emcglobalindustrial.com\/fr\/produit\/4-side-door-container\/","title":{"rendered":"Conteneur \u00e0 4 portes lat\u00e9rales"},"content":{"rendered":"<p>40pi cube \u00e9lev\u00e9 Conteneur \u00e0 quatre portes lat\u00e9rales .<br \/>\nDetails: Four side open door, one end door, lockbox, side forklift pockets.<\/p>\n<p>Product Details in Imperial<\/p>\n<ul>\n<li>EXTERIOR\u00a0 \u00a0FT\u00a0 \u00a0 L X W X H\u00a0 \u00a0 40 X 8 X 9.5<\/li>\n<li>INTERIOR\u00a0 \u00a0 FT\u00a0\u00a0 L X W X H\u00a0 \u00a0 39.5 X 7.7 X 8.9<\/li>\n<li>DOOR\u00a0 \u00a0 \u00a0 \u00a0 \u00a0 FT\u00a0 \u00a0W X H\u00a0 \u00a0 \u00a0 \u00a0 \u00a0 \u00a07.7 X 8.5<\/li>\n<li>CAPACITY\u00a0 \u00a0FT3\u00a0 \u00a0 \u00a0 2,684<\/li>\n<li>WEIGHT\u00a0 \u00a0 \u00a0 LBS\u00a0 \u00a0NET 8,600<\/li>\n<li>\u00a0 \u00a0 \u00a0 \u00a0 \u00a0 \u00a0 \u00a0 \u00a0 \u00a0 \u00a0 \u00a0 \u00a0 \u00a0 \u00a0 \u00a0 PAYLOAD 58,600<\/li>\n<li>\u00a0 \u00a0 \u00a0 \u00a0 \u00a0 \u00a0 \u00a0 \u00a0 \u00a0 \u00a0 \u00a0 \u00a0 \u00a0 \u00a0 \u00a0 MGW 67,200<\/li>\n<\/ul>","protected":false},"excerpt":{"rendered":"<p>40FT High Cube Four side door Container. Details: Four side open door, one end door, lockbox, side forklift pockets. Product Details in Imperial EXTERIOR\u00a0 \u00a0FT\u00a0 \u00a0 L X W X H\u00a0 \u00a0 40 X 8 X 9.5 INTERIOR\u00a0 \u00a0 FT\u00a0\u00a0 L X W X H\u00a0 \u00a0 39.5 X 7.7 X&hellip; <\/p>","protected":false},"featured_media":1067,"comment_status":"open","ping_status":"closed","template":"","meta":[],"product_brand":[],"product_cat":[86,68],"product_tag":[],"class_list":{"0":"post-786","1":"product","2":"type-product","3":"status-publish","4":"has-post-thumbnail","6":"product_cat-container","7":"product_cat-storage-container","9":"first","10":"instock","11":"shipping-taxable","12":"purchasable","13":"product-type-simple"},"_links":{"self":[{"href":"https:\/\/emcglobalindustrial.com\/fr\/wp-json\/wp\/v2\/product\/786","targetHints":{"allow":["GET"]}}],"collection":[{"href":"https:\/\/emcglobalindustrial.com\/fr\/wp-json\/wp\/v2\/product"}],"about":[{"href":"https:\/\/emcglobalindustrial.com\/fr\/wp-json\/wp\/v2\/types\/product"}],"replies":[{"embeddable":true,"href":"https:\/\/emcglobalindustrial.com\/fr\/wp-json\/wp\/v2\/comments?post=786"}],"wp:featuredmedia":[{"embeddable":true,"href":"https:\/\/emcglobalindustrial.com\/fr\/wp-json\/wp\/v2\/media\/1067"}],"wp:attachment":[{"href":"https:\/\/emcglobalindustrial.com\/fr\/wp-json\/wp\/v2\/media?parent=786"}],"wp:term":[{"taxonomy":"product_brand","embeddable":true,"href":"https:\/\/emcglobalindustrial.com\/fr\/wp-json\/wp\/v2\/product_brand?post=786"},{"taxonomy":"product_cat","embeddable":true,"href":"https:\/\/emcglobalindustrial.com\/fr\/wp-json\/wp\/v2\/product_cat?post=786"},{"taxonomy":"product_tag","embeddable":true,"href":"https:\/\/emcglobalindustrial.com\/fr\/wp-json\/wp\/v2\/product_tag?post=786"}],"curies":[{"name":"wp","href":"https:\/\/api.w.org\/{rel}","templated":true}]}}