{"id":3921,"date":"2025-09-29T02:41:47","date_gmt":"2025-09-29T06:41:47","guid":{"rendered":"https:\/\/emcglobalindustrial.com\/?post_type=product&#038;p=3921"},"modified":"2025-11-10T16:08:34","modified_gmt":"2025-11-10T21:08:34","slug":"20ft-farm-metal-driveway-gate-2","status":"publish","type":"product","link":"https:\/\/emcglobalindustrial.com\/fr\/produit\/20ft-farm-metal-driveway-gate-2\/","title":{"rendered":"Porte d'entr\u00e9e en m\u00e9tal de ferme de 20 pieds"},"content":{"rendered":"<h2><strong>Sp\u00e9cifications<\/strong><\/h2>\n<ul>\n<li>La porte d'entr\u00e9e en m\u00e9tal EMC Farm est une force industrielle.<\/li>\n<li>Installation rapide et facile, id\u00e9al pour une utilisation commerciale et industrielle.<\/li>\n<\/ul>\n<h2><strong>Warranty<\/strong><\/h2>\n<ul>\n<li><a href=\"http:\/\/emcglobalindustrial.com\/wp-content\/uploads\/2025\/10\/EMC-Farm-Industrial-Inc.-Warranty-Terms-and-Conditions-EN.pdf\" target=\"_blank\" rel=\"noopener\">Warranty Terms and Conditions (EN)<\/a><\/li>\n<li><a href=\"http:\/\/emcglobalindustrial.com\/wp-content\/uploads\/2025\/10\/EMC-Farm-Industrial-Inc.-Conditions-de-Garantie-FR.pdf\" target=\"_blank\" rel=\"noopener\">Conditions de Garantie (FR)<\/a><\/li>\n<\/ul>\n<h2><strong>D\u00e9tails d'emballage<\/strong><\/h2>\n<ul>\n<li>Size(Inch): 236L*18W*87H (3 sets\/lot)<\/li>\n<li>Weight(lb): 425<\/li>\n<\/ul>","protected":false},"excerpt":{"rendered":"<p>Specifications The EMC farm metal driveway gate is industrial strength. Quick &amp; easy installation, Ideal for Commercial and Industrial use. Warranty Warranty Terms and Conditions (EN) Conditions de Garantie (FR) Packing Details Size(Inch): 236L*18W*87H (3 sets\/lot) Weight(lb): 425<\/p>","protected":false},"featured_media":3922,"comment_status":"open","ping_status":"closed","template":"","meta":[],"product_brand":[],"product_cat":[92,70],"product_tag":[],"class_list":{"0":"post-3921","1":"product","2":"type-product","3":"status-publish","4":"has-post-thumbnail","6":"product_cat-homegarden","7":"product_cat-iron-drive-way-gate","9":"first","10":"instock","11":"shipping-taxable","12":"purchasable","13":"product-type-simple"},"_links":{"self":[{"href":"https:\/\/emcglobalindustrial.com\/fr\/wp-json\/wp\/v2\/product\/3921","targetHints":{"allow":["GET"]}}],"collection":[{"href":"https:\/\/emcglobalindustrial.com\/fr\/wp-json\/wp\/v2\/product"}],"about":[{"href":"https:\/\/emcglobalindustrial.com\/fr\/wp-json\/wp\/v2\/types\/product"}],"replies":[{"embeddable":true,"href":"https:\/\/emcglobalindustrial.com\/fr\/wp-json\/wp\/v2\/comments?post=3921"}],"wp:featuredmedia":[{"embeddable":true,"href":"https:\/\/emcglobalindustrial.com\/fr\/wp-json\/wp\/v2\/media\/3922"}],"wp:attachment":[{"href":"https:\/\/emcglobalindustrial.com\/fr\/wp-json\/wp\/v2\/media?parent=3921"}],"wp:term":[{"taxonomy":"product_brand","embeddable":true,"href":"https:\/\/emcglobalindustrial.com\/fr\/wp-json\/wp\/v2\/product_brand?post=3921"},{"taxonomy":"product_cat","embeddable":true,"href":"https:\/\/emcglobalindustrial.com\/fr\/wp-json\/wp\/v2\/product_cat?post=3921"},{"taxonomy":"product_tag","embeddable":true,"href":"https:\/\/emcglobalindustrial.com\/fr\/wp-json\/wp\/v2\/product_tag?post=3921"}],"curies":[{"name":"wp","href":"https:\/\/api.w.org\/{rel}","templated":true}]}}