{"id":3838,"date":"2025-03-12T12:02:04","date_gmt":"2025-03-12T16:02:04","guid":{"rendered":"https:\/\/emcglobalindustrial.com\/?post_type=product&#038;p=3838"},"modified":"2025-10-29T10:01:18","modified_gmt":"2025-10-29T14:01:18","slug":"double-truss-container-shelter-w40xl40xh15","status":"publish","type":"product","link":"https:\/\/emcglobalindustrial.com\/fr\/produit\/double-truss-container-shelter-w40xl40xh15\/","title":{"rendered":"Double Truss Container Shelter\u00a0 (W40\u2019\u00d7L40\u2019\u00d7H15\u2019)"},"content":{"rendered":"<h3><strong><b>M<\/b><\/strong><strong><b>od\u00e8le:<\/b><\/strong>EMC-C604020DR<\/h3>\n<h2><strong><b>Caract\u00e9ristiques<\/b><\/strong><\/h2>\n<ul>\n<li>Huge space for store grains, sands, wood, stone, steel, masonry, vehicles, industrial stuffs, and other more needs<\/li>\n<li>Double Truss make the building durable and stable, stronger in the heavy snow.<\/li>\n<li>Heavy duty PVC fabric cover: Fire retardant, Leak proof, UV Protected\u200b<\/li>\n<li>Commercial grade, 3-layer galvanized steel frame structure is long lasting, much higher corrosion protection than the traditional single layer of zinc\u200b<\/li>\n<\/ul>\n<h2><strong><b>S<\/b><\/strong><strong><b>p\u00e9cifications<\/b><\/strong><\/h2>\n<ul>\n<li>Overall Size: W40FT\u00d7L40FT\u00d7H15FT<\/li>\n<li>Frame: Double Truss Round Ceiling<\/li>\n<li>Cover: PVC Fabric, white color with grey edge<\/li>\n<li>Truss Spacing: 6\u20198\u201d (2m)<\/li>\n<li>Truss Quantity: 7 units<\/li>\n<li>Large anchor plates: 14 units<\/li>\n<\/ul>\n<h2><strong>Warranty<\/strong><\/h2>\n<ul>\n<li><a href=\"http:\/\/emcglobalindustrial.com\/wp-content\/uploads\/2025\/10\/EMC-Farm-Industrial-Inc.-Warranty-Terms-and-Conditions-EN.pdf\" target=\"_blank\" rel=\"noopener\">Warranty Terms and Conditions (EN)<\/a><\/li>\n<li><a href=\"http:\/\/emcglobalindustrial.com\/wp-content\/uploads\/2025\/10\/EMC-Farm-Industrial-Inc.-Conditions-de-Garantie-FR.pdf\" target=\"_blank\" rel=\"noopener\">Conditions de Garantie (FR)<\/a><\/li>\n<\/ul>\n<p><strong style=\"color: #383634; font-size: 26px;\"><b>D\u00e9tails d'emballage\u00a0:<\/b><\/strong><\/p>\n<h3>One Unit Including 2 Boxes<\/h3>\n<p><strong>Package dimensions\uff1a<\/strong><\/p>\n<ul>\n<li>Box 1:103*43*49 Inches<\/li>\n<li>Box 2:103*43*20 Inches<\/li>\n<\/ul>\n<p><strong>Package weight:<\/strong><\/p>\n<p><strong>450GSM PVC:<\/strong><\/p>\n<ul>\n<li>Box 1:1687 lbs<\/li>\n<li>Box 2:831 lbs<\/li>\n<\/ul>\n<p><strong>610GSM PVC:<\/strong> 2578\u00a0lbs<\/p>\n<p><strong><b>D<\/b><\/strong><strong><b>rice:<\/b><\/strong><\/p>\n<ul>\n<li><strong><b>4<\/b><\/strong><strong><b>50GSM: $9000<\/b><\/strong><\/li>\n<li><strong><b>6<\/b><\/strong><strong><b>10GSM: $9500<\/b><\/strong><\/li>\n<\/ul>\n<h2><strong><b>Fondations recommand\u00e9es:<\/b><\/strong><strong><b>\u200b<\/b><\/strong><\/h2>\n<ul>\n<li>Semelles\/rembourrage en b\u00e9ton<\/li>\n<li>Murs en b\u00e9ton coul\u00e9 sur place<\/li>\n<li>Murs en b\u00e9ton pr\u00e9fabriqu\u00e9<\/li>\n<li>Blocs de verrouillage<\/li>\n<li>Conteneurs maritimes<\/li>\n<\/ul>","protected":false},"excerpt":{"rendered":"<p>Model:EMC-C604020DR Features Huge space for store grains, sands, wood, stone, steel, masonry, vehicles, industrial stuffs, and other more needs Double Truss make the building durable and stable, stronger in the heavy snow. Heavy duty PVC fabric cover: Fire retardant, Leak proof, UV Protected\u200b Commercial grade, 3-layer galvanized steel frame structure&hellip; <\/p>","protected":false},"featured_media":3830,"comment_status":"open","ping_status":"closed","template":"","meta":[],"product_brand":[],"product_cat":[62,63],"product_tag":[],"class_list":{"0":"post-3838","1":"product","2":"type-product","3":"status-publish","4":"has-post-thumbnail","6":"product_cat-storage-equipment","7":"product_cat-storage-shelter-storage-equipment","9":"first","10":"instock","11":"shipping-taxable","12":"purchasable","13":"product-type-simple"},"_links":{"self":[{"href":"https:\/\/emcglobalindustrial.com\/fr\/wp-json\/wp\/v2\/product\/3838","targetHints":{"allow":["GET"]}}],"collection":[{"href":"https:\/\/emcglobalindustrial.com\/fr\/wp-json\/wp\/v2\/product"}],"about":[{"href":"https:\/\/emcglobalindustrial.com\/fr\/wp-json\/wp\/v2\/types\/product"}],"replies":[{"embeddable":true,"href":"https:\/\/emcglobalindustrial.com\/fr\/wp-json\/wp\/v2\/comments?post=3838"}],"wp:featuredmedia":[{"embeddable":true,"href":"https:\/\/emcglobalindustrial.com\/fr\/wp-json\/wp\/v2\/media\/3830"}],"wp:attachment":[{"href":"https:\/\/emcglobalindustrial.com\/fr\/wp-json\/wp\/v2\/media?parent=3838"}],"wp:term":[{"taxonomy":"product_brand","embeddable":true,"href":"https:\/\/emcglobalindustrial.com\/fr\/wp-json\/wp\/v2\/product_brand?post=3838"},{"taxonomy":"product_cat","embeddable":true,"href":"https:\/\/emcglobalindustrial.com\/fr\/wp-json\/wp\/v2\/product_cat?post=3838"},{"taxonomy":"product_tag","embeddable":true,"href":"https:\/\/emcglobalindustrial.com\/fr\/wp-json\/wp\/v2\/product_tag?post=3838"}],"curies":[{"name":"wp","href":"https:\/\/api.w.org\/{rel}","templated":true}]}}