{"id":3796,"date":"2024-11-25T16:52:43","date_gmt":"2024-11-25T21:52:43","guid":{"rendered":"https:\/\/emcglobalindustrial.com\/?post_type=product&#038;p=3796"},"modified":"2025-10-29T17:11:35","modified_gmt":"2025-10-29T21:11:35","slug":"double-truss-container-shelter-w60xl40xh20","status":"publish","type":"product","link":"https:\/\/emcglobalindustrial.com\/fr\/produit\/double-truss-container-shelter-w60xl40xh20\/","title":{"rendered":"Double Truss Container Shelter\u00a0 (W60\u2019\u00d7L40\u2019\u00d7H20\u2019)"},"content":{"rendered":"<h2><strong><b>M<\/b><\/strong><strong><b>od\u00e8le: <\/b><\/strong>EMC-C604020DR<\/h2>\n<h2><strong>Caract\u00e9ristiques<\/strong><\/h2>\n<ul>\n<li>For large equipment, materials and vehicle storage; adaptable to any kind of covered outdoor needs<\/li>\n<li>Heavy duty PVC fabric cover: Fire retardant, Leak proof, UV Protected\u200b<\/li>\n<li>For large equipment, materials and vehicle storage; adaptable to any kind of covered outdoor needs<\/li>\n<li>Commercial grade, 3-layer galvanized steel frame structure is long lasting, much higher corrosion protection than the traditional single layer of zinc\u200b<\/li>\n<\/ul>\n<h2><strong><b>S<\/b><\/strong><strong><b>p\u00e9cifications<\/b><\/strong><\/h2>\n<ul>\n<li>Overall Size: W60\u2019\u00d7L40\u2019\u00d7H20\u2019<\/li>\n<li>Shape: Double Truss \/ Dome Ceiling<\/li>\n<li>Cover: 22oz(610GSM) PVC Fabric<\/li>\n<li>Arch Tube: 76*2.0mm<\/li>\n<li>Purlin Tube: 60*1.5mm<\/li>\n<li>Truss Spacing: 10\u2019\u00a0(3m)<\/li>\n<li>Truss Quantity: 5\u00a0units<\/li>\n<li>Large Base\u00a0Plates: 10\u00a0units<\/li>\n<li>Base plates need to be welded on the Containers<\/li>\n<\/ul>\n<h2><strong>Warranty<\/strong><\/h2>\n<ul>\n<li><a href=\"http:\/\/emcglobalindustrial.com\/wp-content\/uploads\/2025\/10\/EMC-Farm-Industrial-Inc.-Warranty-Terms-and-Conditions-EN.pdf\" target=\"_blank\" rel=\"noopener\">Warranty Terms and Conditions (EN)<\/a><\/li>\n<li><a href=\"http:\/\/emcglobalindustrial.com\/wp-content\/uploads\/2025\/10\/EMC-Farm-Industrial-Inc.-Conditions-de-Garantie-FR.pdf\" target=\"_blank\" rel=\"noopener\">Conditions de Garantie (FR)<\/a><\/li>\n<\/ul>\n<h2><strong><b>D\u00e9tails d'emballage<\/b><\/strong><\/h2>\n<p><strong>Package dimensions\uff1a<\/strong><\/p>\n<ul>\n<li>Box 1: 115\u2033(L)*43\u2033(W)*43\u2033(H)<\/li>\n<li>Box 2: 115\u2033(L)*43\u2033(W)*43\u2033(H)<\/li>\n<li>Box 3: 134\u2033(L)*43\u2033(W)*43\u2033(H)<\/li>\n<\/ul>\n<p><strong>Package weight:<\/strong><\/p>\n<ul>\n<li>Box 1: 1816\u00a0lbs<\/li>\n<li>Box 2: 1688\u00a0lbs<\/li>\n<li>Box 3: 2036\u00a0lbs<\/li>\n<\/ul>\n<h2><strong><b>Fondations recommand\u00e9es:<\/b><\/strong><strong><b>\u200b<\/b><\/strong><\/h2>\n<ul>\n<li>Semelles\/rembourrage en b\u00e9ton<\/li>\n<li>Murs en b\u00e9ton coul\u00e9 sur place<\/li>\n<li>Murs en b\u00e9ton pr\u00e9fabriqu\u00e9<\/li>\n<li>Blocs de verrouillage<\/li>\n<li>Conteneurs maritimes<\/li>\n<\/ul>","protected":false},"excerpt":{"rendered":"<p>Model: EMC-C604020DR Features For large equipment, materials and vehicle storage; adaptable to any kind of covered outdoor needs Heavy duty PVC fabric cover: Fire retardant, Leak proof, UV Protected\u200b For large equipment, materials and vehicle storage; adaptable to any kind of covered outdoor needs Commercial grade, 3-layer galvanized steel frame&hellip; <\/p>","protected":false},"featured_media":3797,"comment_status":"open","ping_status":"closed","template":"","meta":[],"product_brand":[],"product_cat":[62,63],"product_tag":[],"class_list":{"0":"post-3796","1":"product","2":"type-product","3":"status-publish","4":"has-post-thumbnail","6":"product_cat-storage-equipment","7":"product_cat-storage-shelter-storage-equipment","9":"first","10":"instock","11":"sale","12":"shipping-taxable","13":"purchasable","14":"product-type-simple"},"_links":{"self":[{"href":"https:\/\/emcglobalindustrial.com\/fr\/wp-json\/wp\/v2\/product\/3796","targetHints":{"allow":["GET"]}}],"collection":[{"href":"https:\/\/emcglobalindustrial.com\/fr\/wp-json\/wp\/v2\/product"}],"about":[{"href":"https:\/\/emcglobalindustrial.com\/fr\/wp-json\/wp\/v2\/types\/product"}],"replies":[{"embeddable":true,"href":"https:\/\/emcglobalindustrial.com\/fr\/wp-json\/wp\/v2\/comments?post=3796"}],"wp:featuredmedia":[{"embeddable":true,"href":"https:\/\/emcglobalindustrial.com\/fr\/wp-json\/wp\/v2\/media\/3797"}],"wp:attachment":[{"href":"https:\/\/emcglobalindustrial.com\/fr\/wp-json\/wp\/v2\/media?parent=3796"}],"wp:term":[{"taxonomy":"product_brand","embeddable":true,"href":"https:\/\/emcglobalindustrial.com\/fr\/wp-json\/wp\/v2\/product_brand?post=3796"},{"taxonomy":"product_cat","embeddable":true,"href":"https:\/\/emcglobalindustrial.com\/fr\/wp-json\/wp\/v2\/product_cat?post=3796"},{"taxonomy":"product_tag","embeddable":true,"href":"https:\/\/emcglobalindustrial.com\/fr\/wp-json\/wp\/v2\/product_tag?post=3796"}],"curies":[{"name":"wp","href":"https:\/\/api.w.org\/{rel}","templated":true}]}}