{"id":3546,"date":"2024-05-02T13:22:42","date_gmt":"2024-05-02T17:22:42","guid":{"rendered":"http:\/\/emcglobalindustrial.com\/?post_type=product&#038;p=3546"},"modified":"2025-11-03T09:31:40","modified_gmt":"2025-11-03T14:31:40","slug":"5ft-7d-2c-workbench","status":"publish","type":"product","link":"https:\/\/emcglobalindustrial.com\/fr\/produit\/5ft-7d-2c-workbench\/","title":{"rendered":"5FT-7D-2C WORKBENCH"},"content":{"rendered":"<h2><strong>Mod\u00e8le:<\/strong> 5FT-7D-2C<\/h2>\n<h2><strong>Caract\u00e9ristiques<\/strong><\/h2>\n<p>The\u00a05FT-7D-2C\u00a0is a Total of 7\u00a0drawers and 2 cabinet. With four pneumatic wheels &amp; handrail is easy for moving. All the drawers have full extension ball bearing sliders and each drawer\u2019s holding capacity is more than 100lbs.<\/p>\n<h2><strong>Sp\u00e9cification<\/strong><\/h2>\n<ul>\n<li>Overall size: L57\u201d\u00d7D21\u201d\u00d7H37\u201d<\/li>\n<li>Total of 7 Drawers &amp; 2 Cabinets<\/li>\n<li>7PCS drawers : W18.7\u201d\u00d7D17.7\u201d\u00d7H2.9\u201d<\/li>\n<li>Tiroirs \u00e0 roulement \u00e0 billes \u00e0 extension compl\u00e8te avec serrures<\/li>\n<li>All cabinets with locks<\/li>\n<li>Drawers weight capacity: 100lbs\/45kgs<\/li>\n<li>Plateau en acier inoxydable massif<\/li>\n<li>Aluminum drawer handle<\/li>\n<li>With four pneumatic wheels &amp; handrail<\/li>\n<\/ul>\n<h2><strong>Warranty<\/strong><\/h2>\n<ul>\n<li><a href=\"http:\/\/emcglobalindustrial.com\/wp-content\/uploads\/2025\/10\/EMC-Farm-Industrial-Inc.-Warranty-Terms-and-Conditions-EN.pdf\" target=\"_blank\" rel=\"noopener\">Warranty Terms and Conditions (EN)<\/a><\/li>\n<li><a href=\"http:\/\/emcglobalindustrial.com\/wp-content\/uploads\/2025\/10\/EMC-Farm-Industrial-Inc.-Conditions-de-Garantie-FR.pdf\" target=\"_blank\" rel=\"noopener\">Conditions de Garantie (FR)<\/a><\/li>\n<\/ul>\n<h2><strong>D\u00e9tails d'emballage<\/strong><\/h2>\n<ul>\n<li>Packing Size (Inch): W59*D21*H40<\/li>\n<li>Weight (lb): 285<\/li>\n<\/ul>","protected":false},"excerpt":{"rendered":"<p>Model: 5FT-7D-2C Features The\u00a05FT-7D-2C\u00a0is a Total of 7\u00a0drawers and 2 cabinet. With four pneumatic wheels &amp; handrail is easy for moving. All the drawers have full extension ball bearing sliders and each drawer\u2019s holding capacity is more than 100lbs. Specification Overall size: L57\u201d\u00d7D21\u201d\u00d7H37\u201d Total of 7 Drawers &amp; 2 Cabinets&hellip; <\/p>","protected":false},"featured_media":3547,"comment_status":"open","ping_status":"closed","template":"","meta":[],"product_brand":[],"product_cat":[60],"product_tag":[],"class_list":{"0":"post-3546","1":"product","2":"type-product","3":"status-publish","4":"has-post-thumbnail","6":"product_cat-workbench","8":"first","9":"instock","10":"shipping-taxable","11":"purchasable","12":"product-type-simple"},"_links":{"self":[{"href":"https:\/\/emcglobalindustrial.com\/fr\/wp-json\/wp\/v2\/product\/3546","targetHints":{"allow":["GET"]}}],"collection":[{"href":"https:\/\/emcglobalindustrial.com\/fr\/wp-json\/wp\/v2\/product"}],"about":[{"href":"https:\/\/emcglobalindustrial.com\/fr\/wp-json\/wp\/v2\/types\/product"}],"replies":[{"embeddable":true,"href":"https:\/\/emcglobalindustrial.com\/fr\/wp-json\/wp\/v2\/comments?post=3546"}],"wp:featuredmedia":[{"embeddable":true,"href":"https:\/\/emcglobalindustrial.com\/fr\/wp-json\/wp\/v2\/media\/3547"}],"wp:attachment":[{"href":"https:\/\/emcglobalindustrial.com\/fr\/wp-json\/wp\/v2\/media?parent=3546"}],"wp:term":[{"taxonomy":"product_brand","embeddable":true,"href":"https:\/\/emcglobalindustrial.com\/fr\/wp-json\/wp\/v2\/product_brand?post=3546"},{"taxonomy":"product_cat","embeddable":true,"href":"https:\/\/emcglobalindustrial.com\/fr\/wp-json\/wp\/v2\/product_cat?post=3546"},{"taxonomy":"product_tag","embeddable":true,"href":"https:\/\/emcglobalindustrial.com\/fr\/wp-json\/wp\/v2\/product_tag?post=3546"}],"curies":[{"name":"wp","href":"https:\/\/api.w.org\/{rel}","templated":true}]}}