{"id":3517,"date":"2024-05-02T11:18:28","date_gmt":"2024-05-02T15:18:28","guid":{"rendered":"http:\/\/emcglobalindustrial.com\/?post_type=product&#038;p=3517"},"modified":"2025-11-10T15:26:32","modified_gmt":"2025-11-10T20:26:32","slug":"8-5ft-34d-2c-workbench","status":"publish","type":"product","link":"https:\/\/emcglobalindustrial.com\/fr\/produit\/8-5ft-34d-2c-workbench\/","title":{"rendered":"8.5FT-34D-2C WORKBENCH"},"content":{"rendered":"<h2><strong>Caract\u00e9ristiques<\/strong><\/h2>\n<p>The\u00a08.5FT-34D-2C\u00a0is a Total of 34\u00a0drawers and 2 cabinet. Extra lid covered storage space on top. All the drawers have full extension ball bearing sliders and each drawer\u2019s holding capacity is more than 100lbs.<\/p>\n<h2><strong>Sp\u00e9cifications<\/strong><\/h2>\n<ul>\n<li>Overall size: L102.3\u201d\u00d7D23.4\u201d\u00d7H57\u201d- Total of 34 Drawers &amp; 2 Cabinets 20PCS drawers: W14.6\u201d\u00d7D17.7\u201d\u00d7H2.9\u201d 12PCS drawers: W31.5\u201d\u00d7D17.7\u201d\u00d7H2.0\u201d<\/li>\n<li>2PCS drawers: W14.6\u201d\u00d7D17.7\u201d\u00d7H5.8\u201d<\/li>\n<li>Tiroirs \u00e0 roulement \u00e0 billes \u00e0 extension compl\u00e8te avec serrures<\/li>\n<li>All cabinets with locks<\/li>\n<li>Drawers weight capacity: 100lbs\/45kgs<\/li>\n<li>Solid stainless steel drawer panels<\/li>\n<li>Aluminum drawer handle<\/li>\n<li>Extra lid covered storage space on top<\/li>\n<\/ul>\n<h2><strong>Warranty<\/strong><\/h2>\n<ul>\n<li><a href=\"http:\/\/emcglobalindustrial.com\/wp-content\/uploads\/2025\/10\/EMC-Farm-Industrial-Inc.-Warranty-Terms-and-Conditions-EN.pdf\" target=\"_blank\" rel=\"noopener\">Warranty Terms and Conditions (EN)<\/a><\/li>\n<li><a href=\"http:\/\/emcglobalindustrial.com\/wp-content\/uploads\/2025\/10\/EMC-Farm-Industrial-Inc.-Conditions-de-Garantie-FR.pdf\" target=\"_blank\" rel=\"noopener\">Conditions de Garantie (FR)<\/a><\/li>\n<\/ul>\n<h2><strong>D\u00e9tails d'emballage<\/strong><\/h2>\n<ul>\n<li>Workbench: L102.3\u201d\u00d7D23.4\u201d\u00d7H57\u201d<\/li>\n<li>Packing Size (Inch):W103*D24*H64<\/li>\n<li>Weight (lb): 725<\/li>\n<\/ul>\n<div style=\"width: 640px;\" class=\"wp-video\"><video class=\"wp-video-shortcode\" id=\"video-3517-1\" width=\"640\" height=\"360\" preload=\"metadata\" controls=\"controls\"><source type=\"video\/mp4\" src=\"http:\/\/emcglobalindustrial.com\/wp-content\/uploads\/2025\/03\/3c03a82bded9c9afe032ef1d315de416.mp4?_=1\" \/><a href=\"http:\/\/emcglobalindustrial.com\/wp-content\/uploads\/2025\/03\/3c03a82bded9c9afe032ef1d315de416.mp4\">http:\/\/emcglobalindustrial.com\/wp-content\/uploads\/2025\/03\/3c03a82bded9c9afe032ef1d315de416.mp4<\/a><\/video><\/div>","protected":false},"excerpt":{"rendered":"<p>Features The\u00a08.5FT-34D-2C\u00a0is a Total of 34\u00a0drawers and 2 cabinet. Extra lid covered storage space on top. All the drawers have full extension ball bearing sliders and each drawer\u2019s holding capacity is more than 100lbs. Specifications Overall size: L102.3\u201d\u00d7D23.4\u201d\u00d7H57\u201d- Total of 34 Drawers &amp; 2 Cabinets 20PCS drawers: W14.6\u201d\u00d7D17.7\u201d\u00d7H2.9\u201d 12PCS drawers:&hellip; <\/p>","protected":false},"featured_media":3518,"comment_status":"open","ping_status":"closed","template":"","meta":[],"product_brand":[],"product_cat":[60],"product_tag":[],"class_list":{"0":"post-3517","1":"product","2":"type-product","3":"status-publish","4":"has-post-thumbnail","6":"product_cat-workbench","8":"first","9":"instock","10":"shipping-taxable","11":"purchasable","12":"product-type-simple"},"_links":{"self":[{"href":"https:\/\/emcglobalindustrial.com\/fr\/wp-json\/wp\/v2\/product\/3517","targetHints":{"allow":["GET"]}}],"collection":[{"href":"https:\/\/emcglobalindustrial.com\/fr\/wp-json\/wp\/v2\/product"}],"about":[{"href":"https:\/\/emcglobalindustrial.com\/fr\/wp-json\/wp\/v2\/types\/product"}],"replies":[{"embeddable":true,"href":"https:\/\/emcglobalindustrial.com\/fr\/wp-json\/wp\/v2\/comments?post=3517"}],"wp:featuredmedia":[{"embeddable":true,"href":"https:\/\/emcglobalindustrial.com\/fr\/wp-json\/wp\/v2\/media\/3518"}],"wp:attachment":[{"href":"https:\/\/emcglobalindustrial.com\/fr\/wp-json\/wp\/v2\/media?parent=3517"}],"wp:term":[{"taxonomy":"product_brand","embeddable":true,"href":"https:\/\/emcglobalindustrial.com\/fr\/wp-json\/wp\/v2\/product_brand?post=3517"},{"taxonomy":"product_cat","embeddable":true,"href":"https:\/\/emcglobalindustrial.com\/fr\/wp-json\/wp\/v2\/product_cat?post=3517"},{"taxonomy":"product_tag","embeddable":true,"href":"https:\/\/emcglobalindustrial.com\/fr\/wp-json\/wp\/v2\/product_tag?post=3517"}],"curies":[{"name":"wp","href":"https:\/\/api.w.org\/{rel}","templated":true}]}}