{"id":3509,"date":"2024-05-02T10:54:10","date_gmt":"2024-05-02T14:54:10","guid":{"rendered":"http:\/\/emcglobalindustrial.com\/?post_type=product&#038;p=3509"},"modified":"2025-11-10T15:23:47","modified_gmt":"2025-11-10T20:23:47","slug":"10ft-25d-3-workbench","status":"publish","type":"product","link":"https:\/\/emcglobalindustrial.com\/fr\/produit\/10ft-25d-3-workbench\/","title":{"rendered":"10FT-25D-3-S Workbench"},"content":{"rendered":"<h2><strong>Caract\u00e9ristiques<\/strong><\/h2>\n<p>The\u00a010FT-25D-3\u00a0is a Total of 25\u00a0drawers, Including 2 extra-large drawers.\u00a0All the workbench drawers have full extension ball bearing sliders and each drawer\u2019s holding capacity is more than 100lbs, Double slides drawers\u00a0weight capacity: 200lbs.<\/p>\n<h2><strong>Sp\u00e9cifications<\/strong><\/h2>\n<ul>\n<li>Overall size: 113\u2033 (L) x 27 1\/2\u2033(W) x 37 3\u20448\u2033(H)- Total of 25 Drawers &amp; 2 Cabinets 2PCS extra-large drawers: W42.5\u201d\u00d7D17.7\u201d\u00d7H6.5\u201d 10PCS drawers: W20.2\u201d\u00d7D17.7\u201d\u00d7H2.9\u201d<\/li>\n<li>8PCS drawers: W20.2\u201d\u00d7D17.7\u201d\u00d7H4.8\u201d<\/li>\n<li>5PCS drawers: W20.2\u201d\u00d7D17.7\u201d\u00d7H6.5\u201d<\/li>\n<li>Tiroirs \u00e0 roulement \u00e0 billes \u00e0 extension compl\u00e8te avec serrures<\/li>\n<li>Single slide drawers weight capacity: 100lbs\/45kgs<\/li>\n<li>Double slides drawers weight capacity: 200lbs\/90kg<\/li>\n<li>Solid stainless steel tabletop &amp; drawer panels<\/li>\n<li>Aluminum drawer handle<\/li>\n<\/ul>\n<h2><strong>Warranty<\/strong><\/h2>\n<ul>\n<li><a href=\"http:\/\/emcglobalindustrial.com\/wp-content\/uploads\/2025\/10\/EMC-Farm-Industrial-Inc.-Warranty-Terms-and-Conditions-EN.pdf\" target=\"_blank\" rel=\"noopener\">Warranty Terms and Conditions (EN)<\/a><\/li>\n<li><a href=\"http:\/\/emcglobalindustrial.com\/wp-content\/uploads\/2025\/10\/EMC-Farm-Industrial-Inc.-Conditions-de-Garantie-FR.pdf\" target=\"_blank\" rel=\"noopener\">Conditions de Garantie (FR)<\/a><\/li>\n<\/ul>\n<h2><strong>D\u00e9tails d'emballage<\/strong><\/h2>\n<ul>\n<li>\u00c9tabli : 113 5\u20448\u2033 (L) x 27 5\u20448\u2033 (L) x 39 11\u204416\u2033 (H)<\/li>\n<li>Taille d'emballage (pouces) : 115L*28W*43H<\/li>\n<li>Poids (lb): 660<\/li>\n<\/ul>\n<div style=\"width: 640px;\" class=\"wp-video\"><video class=\"wp-video-shortcode\" id=\"video-3509-1\" width=\"640\" height=\"360\" preload=\"metadata\" controls=\"controls\"><source type=\"video\/mp4\" src=\"http:\/\/emcglobalindustrial.com\/wp-content\/uploads\/2025\/03\/3c03a82bded9c9afe032ef1d315de416.mp4?_=1\" \/><a href=\"http:\/\/emcglobalindustrial.com\/wp-content\/uploads\/2025\/03\/3c03a82bded9c9afe032ef1d315de416.mp4\">http:\/\/emcglobalindustrial.com\/wp-content\/uploads\/2025\/03\/3c03a82bded9c9afe032ef1d315de416.mp4<\/a><\/video><\/div>","protected":false},"excerpt":{"rendered":"<p>Features The\u00a010FT-25D-3\u00a0is a Total of 25\u00a0drawers, Including 2 extra-large drawers.\u00a0All the workbench drawers have full extension ball bearing sliders and each drawer\u2019s holding capacity is more than 100lbs, Double slides drawers\u00a0weight capacity: 200lbs. Specifications Overall size: 113\u2033 (L) x 27 1\/2\u2033(W) x 37 3\u20448\u2033(H)- Total of 25 Drawers &amp; 2&hellip; <\/p>","protected":false},"featured_media":3611,"comment_status":"open","ping_status":"closed","template":"","meta":[],"product_brand":[],"product_cat":[60],"product_tag":[],"class_list":{"0":"post-3509","1":"product","2":"type-product","3":"status-publish","4":"has-post-thumbnail","6":"product_cat-workbench","8":"first","9":"instock","10":"shipping-taxable","11":"purchasable","12":"product-type-simple"},"_links":{"self":[{"href":"https:\/\/emcglobalindustrial.com\/fr\/wp-json\/wp\/v2\/product\/3509","targetHints":{"allow":["GET"]}}],"collection":[{"href":"https:\/\/emcglobalindustrial.com\/fr\/wp-json\/wp\/v2\/product"}],"about":[{"href":"https:\/\/emcglobalindustrial.com\/fr\/wp-json\/wp\/v2\/types\/product"}],"replies":[{"embeddable":true,"href":"https:\/\/emcglobalindustrial.com\/fr\/wp-json\/wp\/v2\/comments?post=3509"}],"wp:featuredmedia":[{"embeddable":true,"href":"https:\/\/emcglobalindustrial.com\/fr\/wp-json\/wp\/v2\/media\/3611"}],"wp:attachment":[{"href":"https:\/\/emcglobalindustrial.com\/fr\/wp-json\/wp\/v2\/media?parent=3509"}],"wp:term":[{"taxonomy":"product_brand","embeddable":true,"href":"https:\/\/emcglobalindustrial.com\/fr\/wp-json\/wp\/v2\/product_brand?post=3509"},{"taxonomy":"product_cat","embeddable":true,"href":"https:\/\/emcglobalindustrial.com\/fr\/wp-json\/wp\/v2\/product_cat?post=3509"},{"taxonomy":"product_tag","embeddable":true,"href":"https:\/\/emcglobalindustrial.com\/fr\/wp-json\/wp\/v2\/product_tag?post=3509"}],"curies":[{"name":"wp","href":"https:\/\/api.w.org\/{rel}","templated":true}]}}