{"id":3433,"date":"2024-03-26T19:42:41","date_gmt":"2024-03-26T23:42:41","guid":{"rendered":"http:\/\/emcglobalindustrial.com\/?post_type=product&#038;p=3433"},"modified":"2025-11-10T15:27:54","modified_gmt":"2025-11-10T20:27:54","slug":"7ft-28d-workbench-cabinet","status":"publish","type":"product","link":"https:\/\/emcglobalindustrial.com\/fr\/produit\/7ft-28d-workbench-cabinet\/","title":{"rendered":"7FT-28D Workbench Cabinet"},"content":{"rendered":"<h2><strong>Caract\u00e9ristiques<\/strong><\/h2>\n<ul>\n<li>Heavy-Duty 7 Feet Wide, Deep 28 Drawer 2 Door Tool Chest Workbench in Blue with 39\u215c inch Pegboard<\/li>\n<li>Dessus de table en acier inoxydable avec du bois solide et solide en dessous<\/li>\n<li>Deux armoires \u00e0 portes battantes avec tiroirs et \u00e9tag\u00e8res r\u00e9glables<\/li>\n<li>Full-extension ball bearing slides on all 28 drawers<\/li>\n<li>Tous les tiroirs de l'\u00e9tabli des deux c\u00f4t\u00e9s sont \u00e9quip\u00e9s de serrures<\/li>\n<li>Panneau perfor\u00e9 pour l'utilisation d'outils\/Poign\u00e9es de tiroir en aluminium<\/li>\n<li>Capacit\u00e9 de poids du tiroir de l'\u00e9tabli : 100 lb\/45 kg<\/li>\n<li>Drawer internal dimensions:<\/li>\n<li>W22.8\u201d\u00d7D11.8\u201d\u00d7H2.9\u201d\u00a0 8pcs<\/li>\n<li>W19.3\u201d\u00d7D17.7\u201d\u00d7H4.9\u201d \u00a020pcs<\/li>\n<li>21-gauge frame, 19-gauge base and drawer<\/li>\n<\/ul>\n<h2><strong>Warranty<\/strong><\/h2>\n<ul>\n<li><a href=\"http:\/\/emcglobalindustrial.com\/wp-content\/uploads\/2025\/10\/EMC-Farm-Industrial-Inc.-Warranty-Terms-and-Conditions-EN.pdf\" target=\"_blank\" rel=\"noopener\">Warranty Terms and Conditions (EN)<\/a><\/li>\n<li><a href=\"http:\/\/emcglobalindustrial.com\/wp-content\/uploads\/2025\/10\/EMC-Farm-Industrial-Inc.-Conditions-de-Garantie-FR.pdf\" target=\"_blank\" rel=\"noopener\">Conditions de Garantie (FR)<\/a><\/li>\n<\/ul>\n<h2><strong>D\u00e9tails d'emballage<\/strong><\/h2>\n<ul>\n<li>\u00c9tabli : 87\u2033 L* 21\u00bd\u2033 L* 36\u00bd\u2033 H+ Armoire 30\u00be\u201d (H)<\/li>\n<li>Taille d'emballage (pouces) : 87L*22W*74H<\/li>\n<li>Weight (lb): 685<\/li>\n<\/ul>\n<p><iframe title=\"Comment installer notre \u00e9tabli?\" width=\"1170\" height=\"658\" src=\"https:\/\/www.youtube.com\/embed\/bXyZkyBh50s?feature=oembed\" frameborder=\"0\" allow=\"accelerometer; autoplay; clipboard-write; encrypted-media; gyroscope; picture-in-picture; web-share\" referrerpolicy=\"strict-origin-when-cross-origin\" allowfullscreen><\/iframe><\/p>\n<div style=\"width: 640px;\" class=\"wp-video\"><video class=\"wp-video-shortcode\" id=\"video-3433-1\" width=\"640\" height=\"360\" preload=\"metadata\" controls=\"controls\"><source type=\"video\/mp4\" src=\"http:\/\/emcglobalindustrial.com\/wp-content\/uploads\/2025\/03\/3c03a82bded9c9afe032ef1d315de416.mp4?_=1\" \/><a href=\"http:\/\/emcglobalindustrial.com\/wp-content\/uploads\/2025\/03\/3c03a82bded9c9afe032ef1d315de416.mp4\">http:\/\/emcglobalindustrial.com\/wp-content\/uploads\/2025\/03\/3c03a82bded9c9afe032ef1d315de416.mp4<\/a><\/video><\/div>","protected":false},"excerpt":{"rendered":"<p>Features Heavy-Duty 7 Feet Wide, Deep 28 Drawer 2 Door Tool Chest Workbench in Blue with 39\u215c inch Pegboard Stainless steel tabletop with strong and solid wood underneath Two swing-door cabinets with drawers and adjustable shelves Full-extension ball bearing slides on all 28 drawers All the workbench drawers on both&hellip; <\/p>","protected":false},"featured_media":3434,"comment_status":"open","ping_status":"closed","template":"","meta":[],"product_brand":[],"product_cat":[60],"product_tag":[],"class_list":{"0":"post-3433","1":"product","2":"type-product","3":"status-publish","4":"has-post-thumbnail","6":"product_cat-workbench","8":"first","9":"instock","10":"shipping-taxable","11":"purchasable","12":"product-type-simple"},"_links":{"self":[{"href":"https:\/\/emcglobalindustrial.com\/fr\/wp-json\/wp\/v2\/product\/3433","targetHints":{"allow":["GET"]}}],"collection":[{"href":"https:\/\/emcglobalindustrial.com\/fr\/wp-json\/wp\/v2\/product"}],"about":[{"href":"https:\/\/emcglobalindustrial.com\/fr\/wp-json\/wp\/v2\/types\/product"}],"replies":[{"embeddable":true,"href":"https:\/\/emcglobalindustrial.com\/fr\/wp-json\/wp\/v2\/comments?post=3433"}],"wp:featuredmedia":[{"embeddable":true,"href":"https:\/\/emcglobalindustrial.com\/fr\/wp-json\/wp\/v2\/media\/3434"}],"wp:attachment":[{"href":"https:\/\/emcglobalindustrial.com\/fr\/wp-json\/wp\/v2\/media?parent=3433"}],"wp:term":[{"taxonomy":"product_brand","embeddable":true,"href":"https:\/\/emcglobalindustrial.com\/fr\/wp-json\/wp\/v2\/product_brand?post=3433"},{"taxonomy":"product_cat","embeddable":true,"href":"https:\/\/emcglobalindustrial.com\/fr\/wp-json\/wp\/v2\/product_cat?post=3433"},{"taxonomy":"product_tag","embeddable":true,"href":"https:\/\/emcglobalindustrial.com\/fr\/wp-json\/wp\/v2\/product_tag?post=3433"}],"curies":[{"name":"wp","href":"https:\/\/api.w.org\/{rel}","templated":true}]}}