{"id":3385,"date":"2024-03-20T22:25:40","date_gmt":"2024-03-21T02:25:40","guid":{"rendered":"http:\/\/emcglobalindustrial.com\/?post_type=product&#038;p=3385"},"modified":"2025-10-29T15:04:43","modified_gmt":"2025-10-29T19:04:43","slug":"double-truss-storage-shelter-204016","status":"publish","type":"product","link":"https:\/\/emcglobalindustrial.com\/fr\/produit\/double-truss-storage-shelter-204016\/","title":{"rendered":"Double Truss Storage Shelter\u00a0 (W20\u2019\u00d7L40\u2019\u00d7H16\u2019)"},"content":{"rendered":"<h2><strong><b>M<\/b><\/strong><strong><b>od\u00e8le: <\/b><\/strong>EMC-204016DP<\/h2>\n<h2><strong><b>Caract\u00e9ristiques<\/b><\/strong><\/h2>\n<ul>\n<li>Travail de la charpente\u00a0: Double treillis mural droit avec acier galvanis\u00e9 \u00e0 chaud.<\/li>\n<li>Housse en tissu : ignifuge, r\u00e9sistant \u00e0 l'eau, protection UV.<\/li>\n<\/ul>\n<h2><strong><b>S<\/b><\/strong><strong><b>p\u00e9cifications<\/b><\/strong><\/h2>\n<ul>\n<li>Shelter Width: 20FT<\/li>\n<li>Longueur de l'abri : 40pi<\/li>\n<li>Shelter Height: 16FT<\/li>\n<li>Forme : Peak \/ Double Truss<\/li>\n<li>Cover: 17oz(450GSM) PVC<\/li>\n<li>2 Front &amp; Back winch \/ man doors on both ends<\/li>\n<li>Winch Door opening dimension: W12\u2019 x H12\u2019<\/li>\n<li>Eave height: 3.5m<\/li>\n<li>Number of trusses: 6<\/li>\n<li>Approximate truss spacing: 8FT (2.44m)<\/li>\n<li>Number of large anchor plates: 12<\/li>\n<\/ul>\n<h2><strong>Warranty<\/strong><\/h2>\n<ul>\n<li><a href=\"http:\/\/emcglobalindustrial.com\/wp-content\/uploads\/2025\/10\/EMC-Farm-Industrial-Inc.-Warranty-Terms-and-Conditions-EN.pdf\" target=\"_blank\" rel=\"noopener\">Warranty Terms and Conditions (EN)<\/a><\/li>\n<li><a href=\"http:\/\/emcglobalindustrial.com\/wp-content\/uploads\/2025\/10\/EMC-Farm-Industrial-Inc.-Conditions-de-Garantie-FR.pdf\" target=\"_blank\" rel=\"noopener\">Conditions de Garantie (FR)<\/a><\/li>\n<\/ul>\n<h2><strong><b>D\u00e9tail d'emballage<\/b><\/strong><\/h2>\n<ul>\n<li>Size: L106&#8243;\u00d7W43&#8243;\u00d7H33&#8243;<\/li>\n<li>Weight: 2235 lbs<\/li>\n<li><strong><b>450GSM PVC $<\/b><\/strong><strong><b>6500<\/b><\/strong><\/li>\n<\/ul>\n<h2><strong>Recommended Foundations<b>\u200b<\/b><\/strong><\/h2>\n<ul>\n<li>Semelles\/rembourrage en b\u00e9ton<\/li>\n<li>Murs en b\u00e9ton coul\u00e9 sur place<\/li>\n<li>Murs en b\u00e9ton pr\u00e9fabriqu\u00e9<\/li>\n<li>Blocs de verrouillage<\/li>\n<li>Conteneurs maritimes<\/li>\n<\/ul>","protected":false},"excerpt":{"rendered":"<p>Model: EMC-204016DP Features Frame Work: Straight Wall Peak Double Truss\u00a0with hot dipped\u00a0galvanized steel. Fabric Cover: Fire retardant, Water-resistant, UV protection. Specifications Shelter Width: 20FT Shelter Length: 40FT Shelter Height: 16FT Shape: Peak \/ Double Truss Cover: 17oz(450GSM) PVC 2 Front &amp; Back winch \/ man doors on both ends Winch&hellip; <\/p>","protected":false},"featured_media":3495,"comment_status":"open","ping_status":"closed","template":"","meta":[],"product_brand":[],"product_cat":[62,63],"product_tag":[],"class_list":{"0":"post-3385","1":"product","2":"type-product","3":"status-publish","4":"has-post-thumbnail","6":"product_cat-storage-equipment","7":"product_cat-storage-shelter-storage-equipment","9":"first","10":"instock","11":"shipping-taxable","12":"purchasable","13":"product-type-simple"},"_links":{"self":[{"href":"https:\/\/emcglobalindustrial.com\/fr\/wp-json\/wp\/v2\/product\/3385","targetHints":{"allow":["GET"]}}],"collection":[{"href":"https:\/\/emcglobalindustrial.com\/fr\/wp-json\/wp\/v2\/product"}],"about":[{"href":"https:\/\/emcglobalindustrial.com\/fr\/wp-json\/wp\/v2\/types\/product"}],"replies":[{"embeddable":true,"href":"https:\/\/emcglobalindustrial.com\/fr\/wp-json\/wp\/v2\/comments?post=3385"}],"wp:featuredmedia":[{"embeddable":true,"href":"https:\/\/emcglobalindustrial.com\/fr\/wp-json\/wp\/v2\/media\/3495"}],"wp:attachment":[{"href":"https:\/\/emcglobalindustrial.com\/fr\/wp-json\/wp\/v2\/media?parent=3385"}],"wp:term":[{"taxonomy":"product_brand","embeddable":true,"href":"https:\/\/emcglobalindustrial.com\/fr\/wp-json\/wp\/v2\/product_brand?post=3385"},{"taxonomy":"product_cat","embeddable":true,"href":"https:\/\/emcglobalindustrial.com\/fr\/wp-json\/wp\/v2\/product_cat?post=3385"},{"taxonomy":"product_tag","embeddable":true,"href":"https:\/\/emcglobalindustrial.com\/fr\/wp-json\/wp\/v2\/product_tag?post=3385"}],"curies":[{"name":"wp","href":"https:\/\/api.w.org\/{rel}","templated":true}]}}