{"id":3376,"date":"2024-03-20T22:18:05","date_gmt":"2024-03-21T02:18:05","guid":{"rendered":"http:\/\/emcglobalindustrial.com\/?post_type=product&#038;p=3376"},"modified":"2025-10-30T14:07:57","modified_gmt":"2025-10-30T18:07:57","slug":"pvc-party-tent-20ftx20ft","status":"publish","type":"product","link":"https:\/\/emcglobalindustrial.com\/fr\/produit\/pvc-party-tent-20ftx20ft\/","title":{"rendered":"PVC Party Tent 20FT\u00d720FT"},"content":{"rendered":"<h2><strong><b>M<\/b><\/strong><strong><b>odel<\/b><\/strong><strong><b>: <\/b><\/strong>EMC-PT2020<\/h2>\n<h2><strong><b>Caract\u00e9ristiques<\/b><\/strong><\/h2>\n<p>The EMC 20FT\u00d720FT\u00a0PVC Party\u00a0Tent is ideal for outdoor events like parties, wedding, family and other social gatherings. Wavy trim cover and clear windows provide a classic, elegant look while ensuring a bright interior. The entrance doors are on the walls at both ends, and there are also doors on the side walls for easy access. Easy and fast to install including all attachments like ropes and stakes etc.<\/p>\n<h2><strong><b>Sp\u00e9cifications<\/b><\/strong><\/h2>\n<ul>\n<li>Size: W20\u2019\u00d7L20\u2019\u00d7H10\u2019<\/li>\n<li>Hauteur d'\u00e9paule : 6'7'', Hauteur de cr\u00eate : 10'<\/li>\n<li>Couverture sup\u00e9rieure : PVC 500 g\/m\u00b2, parois lat\u00e9rales : PVC 380 g\/m\u00b2<\/li>\n<li>Ch\u00e2ssis en acier galvanis\u00e9 : 42\u00d71,2 (mm) et 38\u00d71 (mm)<\/li>\n<li>Housse en poly\u00e9thyl\u00e8ne (r\u00e9sistant \u00e0 l'eau, ignifuge) + UV<\/li>\n<li>Two\u00a0entrance door size: 6\u20197\u2019\u2019(W)\u00d7 6\u20197\u2019\u2019(H)<\/li>\n<li>Capacit\u00e9 de personnes (environ):<\/li>\n<li>Seated at round tables (5ft): 40<\/li>\n<li>Seated at trestle tables: 48<\/li>\n<li>Standing: 50<\/li>\n<\/ul>\n<h2><strong>Warranty<\/strong><\/h2>\n<ul>\n<li><a href=\"http:\/\/emcglobalindustrial.com\/wp-content\/uploads\/2025\/10\/EMC-Farm-Industrial-Inc.-Warranty-Terms-and-Conditions-EN.pdf\" target=\"_blank\" rel=\"noopener\">Warranty Terms and Conditions (EN)<\/a><\/li>\n<li><a href=\"http:\/\/emcglobalindustrial.com\/wp-content\/uploads\/2025\/10\/EMC-Farm-Industrial-Inc.-Conditions-de-Garantie-FR.pdf\" target=\"_blank\" rel=\"noopener\">Conditions de Garantie (FR)<\/a><\/li>\n<\/ul>\n<h2><strong><b>D<\/b><\/strong><strong><b>acking Detail<\/b><\/strong><\/h2>\n<ul>\n<li>Taille : 83\"(L)\u00d740\"(W)\u00d716\"(H)<\/li>\n<li>Poids : 650 livres<\/li>\n<\/ul>","protected":false},"excerpt":{"rendered":"<p>Model: EMC-PT2020 Features The EMC 20FT\u00d720FT\u00a0PVC Party\u00a0Tent is ideal for outdoor events like parties, wedding, family and other social gatherings. Wavy trim cover and clear windows provide a classic, elegant look while ensuring a bright interior. The entrance doors are on the walls at both ends, and there are also&hellip; <\/p>","protected":false},"featured_media":3377,"comment_status":"open","ping_status":"closed","template":"","meta":[],"product_brand":[],"product_cat":[62,66],"product_tag":[],"class_list":{"0":"post-3376","1":"product","2":"type-product","3":"status-publish","4":"has-post-thumbnail","6":"product_cat-storage-equipment","7":"product_cat-party-tent","9":"first","10":"instock","11":"shipping-taxable","12":"purchasable","13":"product-type-simple"},"_links":{"self":[{"href":"https:\/\/emcglobalindustrial.com\/fr\/wp-json\/wp\/v2\/product\/3376","targetHints":{"allow":["GET"]}}],"collection":[{"href":"https:\/\/emcglobalindustrial.com\/fr\/wp-json\/wp\/v2\/product"}],"about":[{"href":"https:\/\/emcglobalindustrial.com\/fr\/wp-json\/wp\/v2\/types\/product"}],"replies":[{"embeddable":true,"href":"https:\/\/emcglobalindustrial.com\/fr\/wp-json\/wp\/v2\/comments?post=3376"}],"wp:featuredmedia":[{"embeddable":true,"href":"https:\/\/emcglobalindustrial.com\/fr\/wp-json\/wp\/v2\/media\/3377"}],"wp:attachment":[{"href":"https:\/\/emcglobalindustrial.com\/fr\/wp-json\/wp\/v2\/media?parent=3376"}],"wp:term":[{"taxonomy":"product_brand","embeddable":true,"href":"https:\/\/emcglobalindustrial.com\/fr\/wp-json\/wp\/v2\/product_brand?post=3376"},{"taxonomy":"product_cat","embeddable":true,"href":"https:\/\/emcglobalindustrial.com\/fr\/wp-json\/wp\/v2\/product_cat?post=3376"},{"taxonomy":"product_tag","embeddable":true,"href":"https:\/\/emcglobalindustrial.com\/fr\/wp-json\/wp\/v2\/product_tag?post=3376"}],"curies":[{"name":"wp","href":"https:\/\/api.w.org\/{rel}","templated":true}]}}