{"id":3344,"date":"2024-03-13T15:41:22","date_gmt":"2024-03-13T19:41:22","guid":{"rendered":"http:\/\/emcglobalindustrial.com\/?post_type=product&#038;p=3344"},"modified":"2025-11-27T16:54:44","modified_gmt":"2025-11-27T21:54:44","slug":"pvc-traffic-safety-cones","status":"publish","type":"product","link":"https:\/\/emcglobalindustrial.com\/fr\/produit\/pvc-traffic-safety-cones\/","title":{"rendered":"PVC Traffic Safety Cones"},"content":{"rendered":"<h2><strong><b>Mod\u00e8le: <\/b><\/strong>SC28L<\/h2>\n<h2><strong><b>Caract\u00e9ristiques<\/b><\/strong><\/h2>\n<ul>\n<li>PVC durable, utilisation \u00e0 l'int\u00e9rieur ou \u00e0 l'ext\u00e9rieur<\/li>\n<li>Base lest\u00e9e pour une stabilit\u00e9 accrue<\/li>\n<li>UV-Resistant, Cold-Resistant &amp; Hot-Resistant<\/li>\n<li>Empilable<\/li>\n<\/ul>\n<h2><strong><b>Sp\u00e9cifications<\/b><\/strong><\/h2>\n<ul>\n<li>Hauteur : 28\"<\/li>\n<li>Taille de la base : 14\u2033 X 14\u2033<\/li>\n<li>Weight: 5.2 lbs<\/li>\n<li>With upper 6&#8243; and lower 4&#8243; Reflective Collars<\/li>\n<\/ul>\n<h2><strong>Warranty<\/strong><\/h2>\n<ul>\n<li><a href=\"http:\/\/emcglobalindustrial.com\/wp-content\/uploads\/2025\/10\/EMC-Farm-Industrial-Inc.-Warranty-Terms-and-Conditions-EN.pdf\" target=\"_blank\" rel=\"noopener\">Warranty Terms and Conditions (EN)<\/a><\/li>\n<li><a href=\"http:\/\/emcglobalindustrial.com\/wp-content\/uploads\/2025\/10\/EMC-Farm-Industrial-Inc.-Conditions-de-Garantie-FR.pdf\" target=\"_blank\" rel=\"noopener\">Conditions de Garantie (FR)<\/a><\/li>\n<\/ul>\n<h2><strong><b>D<\/b><\/strong><strong><b>acking<\/b><\/strong><strong><b> Details<\/b><\/strong><\/h2>\n<ul>\n<li>Qt\u00e9 de 250 unit\u00e9s emball\u00e9es en un seul lot<\/li>\n<li>Dimensions : 43\"L*28\"W*91\"H<\/li>\n<li>Weight: 1335 lbs<\/li>\n<\/ul>","protected":false},"excerpt":{"rendered":"<p>Model: SC28L Features Durable PVC, Use indoors or outdoors Weighted base for increased stability UV-Resistant, Cold-Resistant &amp; Hot-Resistant Stackable Specifications Height: 28\u201d Base Size: 14&#8243; X 14&#8243; Weight: 5.2 lbs With upper 6&#8243; and lower 4&#8243; Reflective Collars Warranty Warranty Terms and Conditions (EN) Conditions de Garantie (FR) Packing Details&hellip; <\/p>","protected":false},"featured_media":3345,"comment_status":"open","ping_status":"closed","template":"","meta":[],"product_brand":[],"product_cat":[104],"product_tag":[],"class_list":{"0":"post-3344","1":"product","2":"type-product","3":"status-publish","4":"has-post-thumbnail","6":"product_cat-warehouse_equipment","8":"first","9":"instock","10":"shipping-taxable","11":"purchasable","12":"product-type-simple"},"_links":{"self":[{"href":"https:\/\/emcglobalindustrial.com\/fr\/wp-json\/wp\/v2\/product\/3344","targetHints":{"allow":["GET"]}}],"collection":[{"href":"https:\/\/emcglobalindustrial.com\/fr\/wp-json\/wp\/v2\/product"}],"about":[{"href":"https:\/\/emcglobalindustrial.com\/fr\/wp-json\/wp\/v2\/types\/product"}],"replies":[{"embeddable":true,"href":"https:\/\/emcglobalindustrial.com\/fr\/wp-json\/wp\/v2\/comments?post=3344"}],"wp:featuredmedia":[{"embeddable":true,"href":"https:\/\/emcglobalindustrial.com\/fr\/wp-json\/wp\/v2\/media\/3345"}],"wp:attachment":[{"href":"https:\/\/emcglobalindustrial.com\/fr\/wp-json\/wp\/v2\/media?parent=3344"}],"wp:term":[{"taxonomy":"product_brand","embeddable":true,"href":"https:\/\/emcglobalindustrial.com\/fr\/wp-json\/wp\/v2\/product_brand?post=3344"},{"taxonomy":"product_cat","embeddable":true,"href":"https:\/\/emcglobalindustrial.com\/fr\/wp-json\/wp\/v2\/product_cat?post=3344"},{"taxonomy":"product_tag","embeddable":true,"href":"https:\/\/emcglobalindustrial.com\/fr\/wp-json\/wp\/v2\/product_tag?post=3344"}],"curies":[{"name":"wp","href":"https:\/\/api.w.org\/{rel}","templated":true}]}}