{"id":3314,"date":"2024-01-29T14:46:38","date_gmt":"2024-01-29T19:46:38","guid":{"rendered":"http:\/\/emcglobalindustrial.com\/?post_type=product&#038;p=3314"},"modified":"2025-11-10T15:21:46","modified_gmt":"2025-11-10T20:21:46","slug":"17ft-16d-workbench-cabinet","status":"publish","type":"product","link":"https:\/\/emcglobalindustrial.com\/fr\/produit\/17ft-16d-workbench-cabinet\/","title":{"rendered":"7FT-16D Workbench Cabinet"},"content":{"rendered":"<h2><strong>Caract\u00e9ristiques<\/strong><\/h2>\n<p>Ce 10FT-30D-3 est une combinaison d'\u00e9tabli et d'armoire, il vous offre la possibilit\u00e9 d'avoir une vari\u00e9t\u00e9 de choix de tiroirs \u00e0 outils parmi 20 tiroirs larges et 10 tiroirs \u00e9troits. Deux portes battantes sur le meuble haut. Il y a un grand panneau perfor\u00e9 d'environ 68 pouces de large pour accrocher des outils et \u00e0 d'autres fins id\u00e9ales. Tous les tiroirs de l'\u00e9tabli ont des glissi\u00e8res \u00e0 roulement \u00e0 billes \u00e0 extension compl\u00e8te et la capacit\u00e9 de charge de chaque tiroir est sup\u00e9rieure \u00e0 100 lb. Chaque 5 tiroirs d'\u00e9tabli est livr\u00e9 avec une serrure.<\/p>\n<h2><strong>Sp\u00e9cifications<\/strong><\/h2>\n<ul>\n<li>Over size: L87\u201d\u00d7D23.7\u201d\u00d7H80.7\u201d<\/li>\n<li>Total of 16 Drawers &amp; 4 Cabinets<\/li>\n<li>16PCS drawers: W19.2\u201d\u00d7D17.7\u201d\u00d7H3.8\u201d<\/li>\n<li>2PSC cabinets: W41.8\u00d7D22.7\u201d\u00d7H29.7\u201d<\/li>\n<li>2PCS cabinets: W20.4\u00d7D22.7\u201d\u00d7H51\u201d<\/li>\n<li>Tiroirs \u00e0 roulement \u00e0 billes \u00e0 extension compl\u00e8te avec serrures<\/li>\n<li>All cabinets with locks<\/li>\n<li>Drawers weight capacity: 100lbs\/45kgs<\/li>\n<li>Aluminum drawer handle<\/li>\n<\/ul>\n<h2><strong>Warranty<\/strong><\/h2>\n<ul>\n<li><a href=\"http:\/\/emcglobalindustrial.com\/wp-content\/uploads\/2025\/10\/EMC-Farm-Industrial-Inc.-Warranty-Terms-and-Conditions-EN.pdf\" target=\"_blank\" rel=\"noopener\">Warranty Terms and Conditions (EN)<\/a><\/li>\n<li><a href=\"http:\/\/emcglobalindustrial.com\/wp-content\/uploads\/2025\/10\/EMC-Farm-Industrial-Inc.-Conditions-de-Garantie-FR.pdf\" target=\"_blank\" rel=\"noopener\">Conditions de Garantie (FR)<\/a><\/li>\n<\/ul>\n<h2><strong>D\u00e9tails d'emballage<\/strong><\/h2>\n<ul>\n<li>Packing\u00a0Size (Inches): 87L*23.7W*87H<\/li>\n<li>Weight (lbs): 678<\/li>\n<\/ul>\n<p><iframe title=\"Comment installer notre \u00e9tabli?\" width=\"1170\" height=\"658\" src=\"https:\/\/www.youtube.com\/embed\/bXyZkyBh50s?feature=oembed\" frameborder=\"0\" allow=\"accelerometer; autoplay; clipboard-write; encrypted-media; gyroscope; picture-in-picture; web-share\" referrerpolicy=\"strict-origin-when-cross-origin\" allowfullscreen><\/iframe><\/p>\n<div style=\"width: 640px;\" class=\"wp-video\"><video class=\"wp-video-shortcode\" id=\"video-3314-1\" width=\"640\" height=\"360\" preload=\"metadata\" controls=\"controls\"><source type=\"video\/mp4\" src=\"http:\/\/emcglobalindustrial.com\/wp-content\/uploads\/2025\/03\/3c03a82bded9c9afe032ef1d315de416.mp4?_=1\" \/><a href=\"http:\/\/emcglobalindustrial.com\/wp-content\/uploads\/2025\/03\/3c03a82bded9c9afe032ef1d315de416.mp4\">http:\/\/emcglobalindustrial.com\/wp-content\/uploads\/2025\/03\/3c03a82bded9c9afe032ef1d315de416.mp4<\/a><\/video><\/div>","protected":false},"excerpt":{"rendered":"<p>Features This 10FT-30D-3 is a combo of workbench and cabinet, it gives you the flexibility to have a variety of choice of tool drawers which is from 20 wide drawers, and 10 narrow drawers. Two swinging doors on the top Cabinet. There is a great pegboard about 68\u201d wide for&hellip; <\/p>","protected":false},"featured_media":3315,"comment_status":"open","ping_status":"closed","template":"","meta":[],"product_brand":[],"product_cat":[60],"product_tag":[],"class_list":{"0":"post-3314","1":"product","2":"type-product","3":"status-publish","4":"has-post-thumbnail","6":"product_cat-workbench","8":"first","9":"instock","10":"shipping-taxable","11":"purchasable","12":"product-type-simple"},"_links":{"self":[{"href":"https:\/\/emcglobalindustrial.com\/fr\/wp-json\/wp\/v2\/product\/3314","targetHints":{"allow":["GET"]}}],"collection":[{"href":"https:\/\/emcglobalindustrial.com\/fr\/wp-json\/wp\/v2\/product"}],"about":[{"href":"https:\/\/emcglobalindustrial.com\/fr\/wp-json\/wp\/v2\/types\/product"}],"replies":[{"embeddable":true,"href":"https:\/\/emcglobalindustrial.com\/fr\/wp-json\/wp\/v2\/comments?post=3314"}],"wp:featuredmedia":[{"embeddable":true,"href":"https:\/\/emcglobalindustrial.com\/fr\/wp-json\/wp\/v2\/media\/3315"}],"wp:attachment":[{"href":"https:\/\/emcglobalindustrial.com\/fr\/wp-json\/wp\/v2\/media?parent=3314"}],"wp:term":[{"taxonomy":"product_brand","embeddable":true,"href":"https:\/\/emcglobalindustrial.com\/fr\/wp-json\/wp\/v2\/product_brand?post=3314"},{"taxonomy":"product_cat","embeddable":true,"href":"https:\/\/emcglobalindustrial.com\/fr\/wp-json\/wp\/v2\/product_cat?post=3314"},{"taxonomy":"product_tag","embeddable":true,"href":"https:\/\/emcglobalindustrial.com\/fr\/wp-json\/wp\/v2\/product_tag?post=3314"}],"curies":[{"name":"wp","href":"https:\/\/api.w.org\/{rel}","templated":true}]}}