{"id":3224,"date":"2023-12-19T15:19:44","date_gmt":"2023-12-19T20:19:44","guid":{"rendered":"http:\/\/emcglobalindustrial.com\/?post_type=product&#038;p=3224"},"modified":"2025-11-10T12:00:35","modified_gmt":"2025-11-10T17:00:35","slug":"3ft-3d-heavy-duty-cabinet","status":"publish","type":"product","link":"https:\/\/emcglobalindustrial.com\/fr\/produit\/3ft-3d-heavy-duty-cabinet\/","title":{"rendered":"3FT-3D  Heavy-Duty Cabinet"},"content":{"rendered":"<h2><strong>Sp\u00e9cifications<\/strong><\/h2>\n<ul>\n<li>Over size: L36\u201d\u00d7D24\u201d\u00d7H78\u201d- Total of 3 Drawers &amp; 4 Shelves<\/li>\n<li>Drawers size: W29.5\u201d\u00d7D20\u201d\u00d7H10\u201d<\/li>\n<li>Tiroirs \u00e0 roulement \u00e0 billes \u00e0 extension compl\u00e8te avec serrures<\/li>\n<li>The cabinet door with locks<\/li>\n<li>Drawers weight capacity: 400lbs<\/li>\n<li>Shelf capacity: 1900lbs<\/li>\n<li>All welded construction type<\/li>\n<\/ul>\n<h2><strong>Warranty<\/strong><\/h2>\n<ul>\n<li><a href=\"http:\/\/emcglobalindustrial.com\/wp-content\/uploads\/2025\/10\/EMC-Farm-Industrial-Inc.-Warranty-Terms-and-Conditions-EN.pdf\" target=\"_blank\" rel=\"noopener\">Warranty Terms and Conditions (EN)<\/a><\/li>\n<li><a href=\"http:\/\/emcglobalindustrial.com\/wp-content\/uploads\/2025\/10\/EMC-Farm-Industrial-Inc.-Conditions-de-Garantie-FR.pdf\" target=\"_blank\" rel=\"noopener\">Conditions de Garantie (FR)<\/a><\/li>\n<\/ul>\n<h2><strong>Sp\u00e9cification:<\/strong><\/h2>\n<ul>\n<li>Packing\u00a0Size (Inches): 36L*24W*78H<\/li>\n<li>Weight (lbs): 556<\/li>\n<\/ul>\n<p><iframe title=\"Comment installer notre \u00e9tabli?\" width=\"1170\" height=\"658\" src=\"https:\/\/www.youtube.com\/embed\/bXyZkyBh50s?feature=oembed\" frameborder=\"0\" allow=\"accelerometer; autoplay; clipboard-write; encrypted-media; gyroscope; picture-in-picture; web-share\" referrerpolicy=\"strict-origin-when-cross-origin\" allowfullscreen><\/iframe><\/p>\n<p>&nbsp;<\/p>","protected":false},"excerpt":{"rendered":"<p>Specifications Over size: L36\u201d\u00d7D24\u201d\u00d7H78\u201d- Total of 3 Drawers &amp; 4 Shelves Drawers size: W29.5\u201d\u00d7D20\u201d\u00d7H10\u201d Full extension ball bearing drawers with locks The cabinet door with locks Drawers weight capacity: 400lbs Shelf capacity: 1900lbs All welded construction type Warranty Warranty Terms and Conditions (EN) Conditions de Garantie (FR) Specification: Packing\u00a0Size (Inches):&hellip; <\/p>","protected":false},"featured_media":3225,"comment_status":"open","ping_status":"closed","template":"","meta":[],"product_brand":[],"product_cat":[60],"product_tag":[],"class_list":{"0":"post-3224","1":"product","2":"type-product","3":"status-publish","4":"has-post-thumbnail","6":"product_cat-workbench","8":"first","9":"instock","10":"shipping-taxable","11":"purchasable","12":"product-type-simple"},"_links":{"self":[{"href":"https:\/\/emcglobalindustrial.com\/fr\/wp-json\/wp\/v2\/product\/3224","targetHints":{"allow":["GET"]}}],"collection":[{"href":"https:\/\/emcglobalindustrial.com\/fr\/wp-json\/wp\/v2\/product"}],"about":[{"href":"https:\/\/emcglobalindustrial.com\/fr\/wp-json\/wp\/v2\/types\/product"}],"replies":[{"embeddable":true,"href":"https:\/\/emcglobalindustrial.com\/fr\/wp-json\/wp\/v2\/comments?post=3224"}],"wp:featuredmedia":[{"embeddable":true,"href":"https:\/\/emcglobalindustrial.com\/fr\/wp-json\/wp\/v2\/media\/3225"}],"wp:attachment":[{"href":"https:\/\/emcglobalindustrial.com\/fr\/wp-json\/wp\/v2\/media?parent=3224"}],"wp:term":[{"taxonomy":"product_brand","embeddable":true,"href":"https:\/\/emcglobalindustrial.com\/fr\/wp-json\/wp\/v2\/product_brand?post=3224"},{"taxonomy":"product_cat","embeddable":true,"href":"https:\/\/emcglobalindustrial.com\/fr\/wp-json\/wp\/v2\/product_cat?post=3224"},{"taxonomy":"product_tag","embeddable":true,"href":"https:\/\/emcglobalindustrial.com\/fr\/wp-json\/wp\/v2\/product_tag?post=3224"}],"curies":[{"name":"wp","href":"https:\/\/api.w.org\/{rel}","templated":true}]}}