{"id":3198,"date":"2023-12-19T14:38:05","date_gmt":"2023-12-19T19:38:05","guid":{"rendered":"http:\/\/emcglobalindustrial.com\/?post_type=product&#038;p=3198"},"modified":"2025-10-30T13:53:02","modified_gmt":"2025-10-30T17:53:02","slug":"portable-toilet-with-bathroom","status":"publish","type":"product","link":"https:\/\/emcglobalindustrial.com\/fr\/produit\/portable-toilet-with-bathroom\/","title":{"rendered":"Portable Toilet With Bathroom"},"content":{"rendered":"<h2><strong>Mod\u00e8le:<\/strong> EMC-PTB59<\/h2>\n<h2><strong>Caract\u00e9ristiques<\/strong><\/h2>\n<ul>\n<li>The EMC Portable Toilet With Bathroom is committed to meeting your demands, it\u2019s strong, stable, portable and durable.<\/li>\n<li>It offers a full equipment containing a toilet and a bathroom.<\/li>\n<li>The toilet can be set up in a remote location, which is very convenient to use<\/li>\n<\/ul>\n<h2><strong>Sp\u00e9cifications<\/strong><\/h2>\n<ul>\n<li>Overall Size: W85\u201d\u00d7L59\u201d\u00d7H95\u201d<\/li>\n<li>Toilet and Bathroom, Including mirror, sink, shower, light, etc.<\/li>\n<li>1 Doors size: W920mm*H2070mm<\/li>\n<li>Frame: 100*100*3.0mm galvanized square tube<\/li>\n<li>Wall: 75mm rock wool sandwich board<\/li>\n<li>Toilet outlet: PVC110<\/li>\n<li>Water inlet: PPR25<\/li>\n<li>Including forklift hole &amp; 4 hoisting holes<\/li>\n<li>Raccords \u00e9lectriques pr\u00e9assembl\u00e9s<\/li>\n<li>Tuyaux de plomberie pr\u00e9fabriqu\u00e9s<\/li>\n<\/ul>\n<h2><strong>Warranty<\/strong><\/h2>\n<ul>\n<li><a href=\"http:\/\/emcglobalindustrial.com\/wp-content\/uploads\/2025\/10\/EMC-Farm-Industrial-Inc.-Warranty-Terms-and-Conditions-EN.pdf\" target=\"_blank\" rel=\"noopener\">Warranty Terms and Conditions (EN)<\/a><\/li>\n<li><a href=\"http:\/\/emcglobalindustrial.com\/wp-content\/uploads\/2025\/10\/EMC-Farm-Industrial-Inc.-Conditions-de-Garantie-FR.pdf\" target=\"_blank\" rel=\"noopener\">Conditions de Garantie (FR)<\/a><\/li>\n<\/ul>\n<h2><strong>Packing details<\/strong><\/h2>\n<ul>\n<li>Oversize: \u00a0W 85\u201d X D 53\u201d X H 95\u201d<\/li>\n<li>Weight: 1225 lbs<\/li>\n<\/ul>","protected":false},"excerpt":{"rendered":"<p>Model: EMC-PTB59 Features The EMC Portable Toilet With Bathroom is committed to meeting your demands, it\u2019s strong, stable, portable and durable. It offers a full equipment containing a toilet and a bathroom. The toilet can be set up in a remote location, which is very convenient to use Specifications Overall&hellip; <\/p>","protected":false},"featured_media":3200,"comment_status":"open","ping_status":"closed","template":"","meta":[],"product_brand":[],"product_cat":[89,86],"product_tag":[],"class_list":{"0":"post-3198","1":"product","2":"type-product","3":"status-publish","4":"has-post-thumbnail","6":"product_cat-portable-toilet","7":"product_cat-container","9":"first","10":"instock","11":"shipping-taxable","12":"purchasable","13":"product-type-simple"},"_links":{"self":[{"href":"https:\/\/emcglobalindustrial.com\/fr\/wp-json\/wp\/v2\/product\/3198","targetHints":{"allow":["GET"]}}],"collection":[{"href":"https:\/\/emcglobalindustrial.com\/fr\/wp-json\/wp\/v2\/product"}],"about":[{"href":"https:\/\/emcglobalindustrial.com\/fr\/wp-json\/wp\/v2\/types\/product"}],"replies":[{"embeddable":true,"href":"https:\/\/emcglobalindustrial.com\/fr\/wp-json\/wp\/v2\/comments?post=3198"}],"wp:featuredmedia":[{"embeddable":true,"href":"https:\/\/emcglobalindustrial.com\/fr\/wp-json\/wp\/v2\/media\/3200"}],"wp:attachment":[{"href":"https:\/\/emcglobalindustrial.com\/fr\/wp-json\/wp\/v2\/media?parent=3198"}],"wp:term":[{"taxonomy":"product_brand","embeddable":true,"href":"https:\/\/emcglobalindustrial.com\/fr\/wp-json\/wp\/v2\/product_brand?post=3198"},{"taxonomy":"product_cat","embeddable":true,"href":"https:\/\/emcglobalindustrial.com\/fr\/wp-json\/wp\/v2\/product_cat?post=3198"},{"taxonomy":"product_tag","embeddable":true,"href":"https:\/\/emcglobalindustrial.com\/fr\/wp-json\/wp\/v2\/product_tag?post=3198"}],"curies":[{"name":"wp","href":"https:\/\/api.w.org\/{rel}","templated":true}]}}