{"id":3182,"date":"2023-12-19T14:20:13","date_gmt":"2023-12-19T19:20:13","guid":{"rendered":"http:\/\/emcglobalindustrial.com\/?post_type=product&#038;p=3182"},"modified":"2025-10-30T13:55:00","modified_gmt":"2025-10-30T17:55:00","slug":"portable-single-toilet","status":"publish","type":"product","link":"https:\/\/emcglobalindustrial.com\/fr\/produit\/portable-single-toilet\/","title":{"rendered":"Portable Single Toilet"},"content":{"rendered":"<h2><strong>Mod\u00e8le:<\/strong> EMC-PST53<\/h2>\n<h2><strong>Caract\u00e9ristiques<\/strong><\/h2>\n<ul>\n<li>The EMC Portable Single Toilet is committed to meeting your demands, it\u2019s strong, stable, portable and durable.<\/li>\n<li>It offers a full equipment with washroom solution.<\/li>\n<li>It can be provided on short notice and at remote locations.<\/li>\n<li>We offer the container frame structure toilet, can be used as permanent units.<\/li>\n<\/ul>\n<h2><strong>Sp\u00e9cifications<\/strong><\/h2>\n<ul>\n<li>Overall Size: W43\u201d\u00d7L53\u201d\u00d7H95\u201d<\/li>\n<li>2 Doors size: W920mm*H2070mm<\/li>\n<li>Frame: 100*100*3.0mm galvanized square tube<\/li>\n<li>Wall: 75mm rock wool sandwich board<\/li>\n<li>Toilet outlet: PVC110<\/li>\n<li>Water inlet: PPR25<\/li>\n<li>Including forklift hole &amp; 4 hoisting holes<\/li>\n<li>Raccords \u00e9lectriques pr\u00e9assembl\u00e9s<\/li>\n<li>Tuyaux de plomberie pr\u00e9fabriqu\u00e9s<\/li>\n<\/ul>\n<h2><strong>Warranty<\/strong><\/h2>\n<ul>\n<li><a href=\"http:\/\/emcglobalindustrial.com\/wp-content\/uploads\/2025\/10\/EMC-Farm-Industrial-Inc.-Warranty-Terms-and-Conditions-EN.pdf\" target=\"_blank\" rel=\"noopener\">Warranty Terms and Conditions (EN)<\/a><\/li>\n<li><a href=\"http:\/\/emcglobalindustrial.com\/wp-content\/uploads\/2025\/10\/EMC-Farm-Industrial-Inc.-Conditions-de-Garantie-FR.pdf\" target=\"_blank\" rel=\"noopener\">Conditions de Garantie (FR)<\/a><\/li>\n<\/ul>\n<h2><strong>Packing details<\/strong><\/h2>\n<ul>\n<li>Oversize: W 85\u201d X D 53\u201d X H 95\u201d<\/li>\n<li>Weight: 1225 lbs<\/li>\n<\/ul>","protected":false},"excerpt":{"rendered":"<p>Model: EMC-PST53 Features The EMC Portable Single Toilet is committed to meeting your demands, it\u2019s strong, stable, portable and durable. It offers a full equipment with washroom solution. It can be provided on short notice and at remote locations. We offer the container frame structure toilet, can be used as&hellip; <\/p>","protected":false},"featured_media":3884,"comment_status":"open","ping_status":"closed","template":"","meta":[],"product_brand":[],"product_cat":[89,86],"product_tag":[],"class_list":{"0":"post-3182","1":"product","2":"type-product","3":"status-publish","4":"has-post-thumbnail","6":"product_cat-portable-toilet","7":"product_cat-container","9":"first","10":"instock","11":"shipping-taxable","12":"purchasable","13":"product-type-simple"},"_links":{"self":[{"href":"https:\/\/emcglobalindustrial.com\/fr\/wp-json\/wp\/v2\/product\/3182","targetHints":{"allow":["GET"]}}],"collection":[{"href":"https:\/\/emcglobalindustrial.com\/fr\/wp-json\/wp\/v2\/product"}],"about":[{"href":"https:\/\/emcglobalindustrial.com\/fr\/wp-json\/wp\/v2\/types\/product"}],"replies":[{"embeddable":true,"href":"https:\/\/emcglobalindustrial.com\/fr\/wp-json\/wp\/v2\/comments?post=3182"}],"wp:featuredmedia":[{"embeddable":true,"href":"https:\/\/emcglobalindustrial.com\/fr\/wp-json\/wp\/v2\/media\/3884"}],"wp:attachment":[{"href":"https:\/\/emcglobalindustrial.com\/fr\/wp-json\/wp\/v2\/media?parent=3182"}],"wp:term":[{"taxonomy":"product_brand","embeddable":true,"href":"https:\/\/emcglobalindustrial.com\/fr\/wp-json\/wp\/v2\/product_brand?post=3182"},{"taxonomy":"product_cat","embeddable":true,"href":"https:\/\/emcglobalindustrial.com\/fr\/wp-json\/wp\/v2\/product_cat?post=3182"},{"taxonomy":"product_tag","embeddable":true,"href":"https:\/\/emcglobalindustrial.com\/fr\/wp-json\/wp\/v2\/product_tag?post=3182"}],"curies":[{"name":"wp","href":"https:\/\/api.w.org\/{rel}","templated":true}]}}