{"id":2635,"date":"2023-07-26T11:55:30","date_gmt":"2023-07-26T15:55:30","guid":{"rendered":"http:\/\/emcglobalindustrial.com\/?post_type=product&#038;p=2635"},"modified":"2025-10-29T14:59:46","modified_gmt":"2025-10-29T18:59:46","slug":"container-shelter404011","status":"publish","type":"product","link":"https:\/\/emcglobalindustrial.com\/fr\/produit\/container-shelter404011\/","title":{"rendered":"Container Shelter(W40\u2019\u00d7L40\u2019\u00d7H11\u2019)"},"content":{"rendered":"<h2><strong>Mod\u00e8le:<\/strong> EMC-C404011<\/h2>\n<h2><strong>Sp\u00e9cification<\/strong><\/h2>\n<ul>\n<li>Size: 40FT(W)\u00d7L40FT(L)\u00d711FT(H)<\/li>\n<li>Frame: Square Single Truss Galvanized Tube<\/li>\n<li>Truss Tube: Square Tube 53\u00d773\u00d71.8mm<\/li>\n<li>Horizontal Tube: Round Tube48\u00d71.5mm<\/li>\n<li>Approximate Truss Spacing: 2m<\/li>\n<li>Number of Trusses: 7<\/li>\n<li>Number of Large Anchor Plates: 14<\/li>\n<\/ul>\n<h2><strong><b>Caract\u00e9ristiques<\/b><\/strong><\/h2>\n<ul>\n<li>The container shelter is ideal for large equipment, materials and vehicle storage<\/li>\n<li>Square tube connections are more durable and stronger in heavy snow<\/li>\n<li>Durable Cover: Fire retardant, Leak proof, UV Protected\u200b<\/li>\n<li>The square tube base makes the shelter more securely connected to the container<\/li>\n<li>Commercial grade, 3-layer galvanized steel frame structure is long lasting, much higher corrosion protection than the traditional single layer of zinc\u200b<\/li>\n<\/ul>\n<h2><strong>Warranty<\/strong><\/h2>\n<ul>\n<li><a href=\"http:\/\/emcglobalindustrial.com\/wp-content\/uploads\/2025\/10\/EMC-Farm-Industrial-Inc.-Warranty-Terms-and-Conditions-EN.pdf\" target=\"_blank\" rel=\"noopener\">Warranty Terms and Conditions (EN)<\/a><\/li>\n<li><a href=\"http:\/\/emcglobalindustrial.com\/wp-content\/uploads\/2025\/10\/EMC-Farm-Industrial-Inc.-Conditions-de-Garantie-FR.pdf\" target=\"_blank\" rel=\"noopener\">Conditions de Garantie (FR)<\/a><\/li>\n<\/ul>\n<h2><strong>D\u00e9tail d'emballage<\/strong><\/h2>\n<ul>\n<li>Package size: 115*30*49 Inches<\/li>\n<\/ul>\n<p><strong>Package weight:<\/strong><\/p>\n<ul>\n<li>300GSM PE: 1967 lbs<\/li>\n<li>450GSM PVC: 2035 lbs<\/li>\n<\/ul>\n<p><strong><b>Price:<\/b><\/strong><\/p>\n<ul>\n<li><strong><b>300GSM PE: $5800<\/b><\/strong><\/li>\n<li><strong><b>450GSM PVC: $6000<\/b><\/strong><\/li>\n<\/ul>","protected":false},"excerpt":{"rendered":"<p>Model: EMC-C404011 Specification Size: 40FT(W)\u00d7L40FT(L)\u00d711FT(H) Frame: Square Single Truss Galvanized Tube Truss Tube: Square Tube 53\u00d773\u00d71.8mm Horizontal Tube: Round Tube48\u00d71.5mm Approximate Truss Spacing: 2m Number of Trusses: 7 Number of Large Anchor Plates: 14 Features The container shelter is ideal for large equipment, materials and vehicle storage Square tube connections&hellip; <\/p>","protected":false},"featured_media":2636,"comment_status":"open","ping_status":"closed","template":"","meta":[],"product_brand":[],"product_cat":[62,63],"product_tag":[],"class_list":{"0":"post-2635","1":"product","2":"type-product","3":"status-publish","4":"has-post-thumbnail","6":"product_cat-storage-equipment","7":"product_cat-storage-shelter-storage-equipment","9":"first","10":"instock","11":"shipping-taxable","12":"purchasable","13":"product-type-simple"},"_links":{"self":[{"href":"https:\/\/emcglobalindustrial.com\/fr\/wp-json\/wp\/v2\/product\/2635","targetHints":{"allow":["GET"]}}],"collection":[{"href":"https:\/\/emcglobalindustrial.com\/fr\/wp-json\/wp\/v2\/product"}],"about":[{"href":"https:\/\/emcglobalindustrial.com\/fr\/wp-json\/wp\/v2\/types\/product"}],"replies":[{"embeddable":true,"href":"https:\/\/emcglobalindustrial.com\/fr\/wp-json\/wp\/v2\/comments?post=2635"}],"wp:featuredmedia":[{"embeddable":true,"href":"https:\/\/emcglobalindustrial.com\/fr\/wp-json\/wp\/v2\/media\/2636"}],"wp:attachment":[{"href":"https:\/\/emcglobalindustrial.com\/fr\/wp-json\/wp\/v2\/media?parent=2635"}],"wp:term":[{"taxonomy":"product_brand","embeddable":true,"href":"https:\/\/emcglobalindustrial.com\/fr\/wp-json\/wp\/v2\/product_brand?post=2635"},{"taxonomy":"product_cat","embeddable":true,"href":"https:\/\/emcglobalindustrial.com\/fr\/wp-json\/wp\/v2\/product_cat?post=2635"},{"taxonomy":"product_tag","embeddable":true,"href":"https:\/\/emcglobalindustrial.com\/fr\/wp-json\/wp\/v2\/product_tag?post=2635"}],"curies":[{"name":"wp","href":"https:\/\/api.w.org\/{rel}","templated":true}]}}