{"id":2546,"date":"2023-06-23T14:24:19","date_gmt":"2023-06-23T18:24:19","guid":{"rendered":"http:\/\/emcglobalindustrial.com\/?post_type=product&#038;p=2546"},"modified":"2023-10-16T13:26:11","modified_gmt":"2023-10-16T17:26:11","slug":"expandable-container-house-ech001-r","status":"publish","type":"product","link":"https:\/\/emcglobalindustrial.com\/fr\/produit\/expandable-container-house-ech001-r\/","title":{"rendered":"Expandable Container House (ECH001-R)"},"content":{"rendered":"<div style=\"width: 640px;\" class=\"wp-video\"><video class=\"wp-video-shortcode\" id=\"video-2546-1\" width=\"640\" height=\"368\" preload=\"metadata\" controls=\"controls\"><source type=\"video\/mp4\" src=\"http:\/\/emcglobalindustrial.com\/wp-content\/uploads\/2023\/01\/container_house_install_1.mp4?_=1\" \/><a href=\"http:\/\/emcglobalindustrial.com\/wp-content\/uploads\/2023\/01\/container_house_install_1.mp4\">http:\/\/emcglobalindustrial.com\/wp-content\/uploads\/2023\/01\/container_house_install_1.mp4<\/a><\/video><\/div>\n<h3>398 pi carr\u00e9s\u00a0avec une salle de bain et une cuisine, toit \u00e0 pignon<\/h3>\n<p>&nbsp;<\/p>\n<h2><strong><b>C<\/b><\/strong><strong><b>aract\u00e9ristiques<\/b><\/strong><\/h2>\n<p>The EMC heavy duty 398Sq.ft Mobile Expandable House Including one bathroom wash basin and shower room. Gable roof provides better insulation and increase the ability to withstand snow. It is easy to transport and install, can be used as an office or living house. The strong galvanized steel square tube frame and reinforced roof will last for many years.<\/p>\n<p>&nbsp;<\/p>\n<h2><strong><b>Sp\u00e9cifications<\/b><\/strong><\/h2>\n<ul>\n<li>Taille \u00e9tendue : 19,19pi\u00d720,66pi\u00d78,30pi<\/li>\n<li>Taille ferm\u00e9e\u00a0: 19,19pi\u00d77,38pi\u00d78,30pi<\/li>\n<li>Taille interne : 398 pieds carr\u00e9s<\/li>\n<li>Ch\u00e2ssis principal : tube carr\u00e9 en acier galvanis\u00e9<\/li>\n<li>1 porte battante et 9 fen\u00eatres \u00e0 double vitrage.<\/li>\n<li>Raccords \u00e9lectriques pr\u00e9assembl\u00e9s<\/li>\n<li>Tuyaux de plomberie pr\u00e9fabriqu\u00e9s<\/li>\n<li>The wall and roof had been insulated:<\/li>\n<li>&#8212;The house ceiling 50mm EPS panel + gable roof panel 50mm EPS panel<\/li>\n<li>\u00a0 \u00a0 Total R value is R24<\/li>\n<li>&#8212;House wall is 50mm EPS panel, R value is R12<\/li>\n<\/ul>\n<h2>D\u00e9tail d'emballage<\/h2>\n<ul>\n<li>Packing Size (Inch): 19.19FT*7.38FT*8.30FT<\/li>\n<li>Weight (lb): 8311 LBS<\/li>\n<\/ul>\n<p>&nbsp;<\/p>","protected":false},"excerpt":{"rendered":"<p>398Sq.ft\u00a0with one Bathroom and one Kitchen, Gable roof &nbsp; Features The EMC heavy duty 398Sq.ft Mobile Expandable House Including one bathroom wash basin and shower room. Gable roof provides better insulation and increase the ability to withstand snow. It is easy to transport and install, can be used as an&hellip; <\/p>","protected":false},"featured_media":2066,"comment_status":"open","ping_status":"closed","template":"","meta":[],"product_brand":[],"product_cat":[86,90],"product_tag":[],"class_list":{"0":"post-2546","1":"product","2":"type-product","3":"status-publish","4":"has-post-thumbnail","6":"product_cat-container","7":"product_cat-container-house","9":"first","10":"instock","11":"shipping-taxable","12":"purchasable","13":"product-type-simple"},"_links":{"self":[{"href":"https:\/\/emcglobalindustrial.com\/fr\/wp-json\/wp\/v2\/product\/2546","targetHints":{"allow":["GET"]}}],"collection":[{"href":"https:\/\/emcglobalindustrial.com\/fr\/wp-json\/wp\/v2\/product"}],"about":[{"href":"https:\/\/emcglobalindustrial.com\/fr\/wp-json\/wp\/v2\/types\/product"}],"replies":[{"embeddable":true,"href":"https:\/\/emcglobalindustrial.com\/fr\/wp-json\/wp\/v2\/comments?post=2546"}],"wp:featuredmedia":[{"embeddable":true,"href":"https:\/\/emcglobalindustrial.com\/fr\/wp-json\/wp\/v2\/media\/2066"}],"wp:attachment":[{"href":"https:\/\/emcglobalindustrial.com\/fr\/wp-json\/wp\/v2\/media?parent=2546"}],"wp:term":[{"taxonomy":"product_brand","embeddable":true,"href":"https:\/\/emcglobalindustrial.com\/fr\/wp-json\/wp\/v2\/product_brand?post=2546"},{"taxonomy":"product_cat","embeddable":true,"href":"https:\/\/emcglobalindustrial.com\/fr\/wp-json\/wp\/v2\/product_cat?post=2546"},{"taxonomy":"product_tag","embeddable":true,"href":"https:\/\/emcglobalindustrial.com\/fr\/wp-json\/wp\/v2\/product_tag?post=2546"}],"curies":[{"name":"wp","href":"https:\/\/api.w.org\/{rel}","templated":true}]}}