{"id":2507,"date":"2023-06-19T17:44:19","date_gmt":"2023-06-19T21:44:19","guid":{"rendered":"http:\/\/emcglobalindustrial.com\/?post_type=product&#038;p=2507"},"modified":"2025-10-30T14:03:21","modified_gmt":"2025-10-30T18:03:21","slug":"4000-psi-hot-water-pressure-washer-tank","status":"publish","type":"product","link":"https:\/\/emcglobalindustrial.com\/fr\/produit\/4000-psi-hot-water-pressure-washer-tank\/","title":{"rendered":"4000 PSI Hot Water Pressure Washer with water tank"},"content":{"rendered":"<div style=\"width: 368px;\" class=\"wp-video\"><video class=\"wp-video-shortcode\" id=\"video-2507-1\" width=\"368\" height=\"640\" autoplay preload=\"metadata\" controls=\"controls\"><source type=\"video\/mp4\" src=\"http:\/\/emcglobalindustrial.com\/wp-content\/uploads\/2021\/01\/hotwater.mp4?_=1\" \/><a href=\"http:\/\/emcglobalindustrial.com\/wp-content\/uploads\/2021\/01\/hotwater.mp4\">http:\/\/emcglobalindustrial.com\/wp-content\/uploads\/2021\/01\/hotwater.mp4<\/a><\/video><\/div>\n<h2><\/h2>\n<h2><strong>Caract\u00e9ristiques<\/strong><\/h2>\n<p>Le nettoyeur haute pression industriel \u00e0 eau chaude EMC avec r\u00e9servoir d'eau de 245 gallons. Les br\u00fbleurs diesel haute performance chauffent l'eau \u00e0 environ 85\u00b0C en trois minutes pour une plus grande efficacit\u00e9 de nettoyage.<\/p>\n<p>The unique design of the base ensures the machine stability and reduce noise while operating. Special structure design, including forklift hole,\u00a0hoist eyelet, LED lights, easy to use anytime and anywhere.<\/p>\n<h2><strong>Sp\u00e9cifications<\/strong><\/h2>\n<ul>\n<li>Plage de pression : 3500-4000 PSI<\/li>\n<li>D\u00e9bit : 4,0 GPM<\/li>\n<li>Source d'eau\u00a0: eau du robinet et r\u00e9servoir d'eau<\/li>\n<li>Cinq buses \u00e0 connexion rapide<\/li>\n<li>R\u00e9servoir de carburant poly : 5 gallons<\/li>\n<li>Fentes pour chariot \u00e9l\u00e9vateur et \u0153illet de levage<\/li>\n<li>R\u00e9servoir d'eau renforc\u00e9 de 245 gallons<\/li>\n<\/ul>\n<p><strong style=\"color: #383634; font-size: 26px;\">Engine<\/strong><\/p>\n<ul>\n<li>Moteur 14 HP Kohler CH440 Command Pro Series<\/li>\n<li>Recul et d\u00e9marrage \u00e9lectrique (batterie incluse)<\/li>\n<li>Cylindr\u00e9e : 429 cc<\/li>\n<li>Capacit\u00e9 du r\u00e9servoir de carburant : 5 gallons<\/li>\n<li>Chemises de cylindre en fonte<\/li>\n<li>Arr\u00eat automatique Oil Sentry<\/li>\n<\/ul>\n<h2><strong>Pump<\/strong><\/h2>\n<ul>\n<li>Pompe \u00e0 piston triplex<\/li>\n<li>Entra\u00eenement de bo\u00eete de vitesses<\/li>\n<li>Vannes en acier inoxydable<\/li>\n<li>Collecteur en laiton<\/li>\n<\/ul>\n<h2><strong>Accessories<\/strong><\/h2>\n<ul>\n<li>Deux lumi\u00e8res LED<\/li>\n<li>Boyau haute pression 3\/8\u201d\u00d733\u2019<\/li>\n<li>Ensemble lance de pulv\u00e9risation et pistolet de 3 pi<\/li>\n<li>Cinq buses<\/li>\n<\/ul>\n<h2><strong>Warranty<\/strong><\/h2>\n<ul>\n<li><a href=\"http:\/\/emcglobalindustrial.com\/wp-content\/uploads\/2025\/10\/EMC-Farm-Industrial-Inc.-Warranty-Terms-and-Conditions-EN.pdf\" target=\"_blank\" rel=\"noopener\">Warranty Terms and Conditions (EN)<\/a><\/li>\n<li><a href=\"http:\/\/emcglobalindustrial.com\/wp-content\/uploads\/2025\/10\/EMC-Farm-Industrial-Inc.-Conditions-de-Garantie-FR.pdf\" target=\"_blank\" rel=\"noopener\">Conditions de Garantie (FR)<\/a><\/li>\n<\/ul>\n<h2><strong>D\u00e9tail d'emballage<\/strong><\/h2>\n<ul>\n<li>Dimensions : 87\u2033(L)\u00d744\u2033(L)\u00d752\u2033(H)<\/li>\n<li>Poids : 800 livres<\/li>\n<\/ul>","protected":false},"excerpt":{"rendered":"<p>Features The EMC Industrial Heavy Duty Hot Water Pressure Washer with 245 gallon water tank. High performance diesel burners heat water to about 85\u00b0C in three minutes for greater cleaning efficiency. The unique design of the base ensures the machine stability and reduce noise while operating. Special structure design, including&hellip; <\/p>","protected":false},"featured_media":2509,"comment_status":"open","ping_status":"closed","template":"","meta":[],"product_brand":[],"product_cat":[64],"product_tag":[],"class_list":{"0":"post-2507","1":"product","2":"type-product","3":"status-publish","4":"has-post-thumbnail","6":"product_cat-electric-equipment-and-machinery","8":"first","9":"instock","10":"shipping-taxable","11":"purchasable","12":"product-type-simple"},"_links":{"self":[{"href":"https:\/\/emcglobalindustrial.com\/fr\/wp-json\/wp\/v2\/product\/2507","targetHints":{"allow":["GET"]}}],"collection":[{"href":"https:\/\/emcglobalindustrial.com\/fr\/wp-json\/wp\/v2\/product"}],"about":[{"href":"https:\/\/emcglobalindustrial.com\/fr\/wp-json\/wp\/v2\/types\/product"}],"replies":[{"embeddable":true,"href":"https:\/\/emcglobalindustrial.com\/fr\/wp-json\/wp\/v2\/comments?post=2507"}],"wp:featuredmedia":[{"embeddable":true,"href":"https:\/\/emcglobalindustrial.com\/fr\/wp-json\/wp\/v2\/media\/2509"}],"wp:attachment":[{"href":"https:\/\/emcglobalindustrial.com\/fr\/wp-json\/wp\/v2\/media?parent=2507"}],"wp:term":[{"taxonomy":"product_brand","embeddable":true,"href":"https:\/\/emcglobalindustrial.com\/fr\/wp-json\/wp\/v2\/product_brand?post=2507"},{"taxonomy":"product_cat","embeddable":true,"href":"https:\/\/emcglobalindustrial.com\/fr\/wp-json\/wp\/v2\/product_cat?post=2507"},{"taxonomy":"product_tag","embeddable":true,"href":"https:\/\/emcglobalindustrial.com\/fr\/wp-json\/wp\/v2\/product_tag?post=2507"}],"curies":[{"name":"wp","href":"https:\/\/api.w.org\/{rel}","templated":true}]}}