{"id":2209,"date":"2023-03-31T16:32:08","date_gmt":"2023-03-31T20:32:08","guid":{"rendered":"http:\/\/emcglobalindustrial.com\/?post_type=product&#038;p=2209"},"modified":"2025-11-10T16:11:08","modified_gmt":"2025-11-10T21:11:08","slug":"fence-gate-4hx4w","status":"publish","type":"product","link":"https:\/\/emcglobalindustrial.com\/fr\/produit\/fence-gate-4hx4w\/","title":{"rendered":"Porte de cl\u00f4ture (4'H\u00d74'W)"},"content":{"rendered":"<h2><strong><b>Mod\u00e8le: <\/b><\/strong>FG-4<\/h2>\n<h2><strong><b>Sp\u00e9cifications<\/b><\/strong><\/h2>\n<ul>\n<li>Height: 43.3\u201d<\/li>\n<li>Width: 47.3\u201d<\/li>\n<\/ul>\n<h2><strong>Warranty<\/strong><\/h2>\n<ul>\n<li><a href=\"http:\/\/emcglobalindustrial.com\/wp-content\/uploads\/2025\/10\/EMC-Farm-Industrial-Inc.-Warranty-Terms-and-Conditions-EN.pdf\" target=\"_blank\" rel=\"noopener\">Warranty Terms and Conditions (EN)<\/a><\/li>\n<li><a href=\"http:\/\/emcglobalindustrial.com\/wp-content\/uploads\/2025\/10\/EMC-Farm-Industrial-Inc.-Conditions-de-Garantie-FR.pdf\" target=\"_blank\" rel=\"noopener\">Conditions de Garantie (FR)<\/a><\/li>\n<\/ul>\n<h2><strong><b>D\u00e9tails d'emballage<\/b><\/strong><\/h2>\n<ul>\n<li>Size(Inch): L47*D2.4*H43<\/li>\n<li>Length(lb): 45<\/li>\n<\/ul>","protected":false},"excerpt":{"rendered":"<p>Model: FG-4 Specifications Height: 43.3\u201d Width: 47.3\u201d Warranty Warranty Terms and Conditions (EN) Conditions de Garantie (FR) Packing Details Size(Inch): L47*D2.4*H43 Length(lb): 45<\/p>","protected":false},"featured_media":3625,"comment_status":"open","ping_status":"closed","template":"","meta":[],"product_brand":[],"product_cat":[92,71],"product_tag":[],"class_list":{"0":"post-2209","1":"product","2":"type-product","3":"status-publish","4":"has-post-thumbnail","6":"product_cat-homegarden","7":"product_cat-iron-fence","9":"first","10":"instock","11":"shipping-taxable","12":"purchasable","13":"product-type-simple"},"_links":{"self":[{"href":"https:\/\/emcglobalindustrial.com\/fr\/wp-json\/wp\/v2\/product\/2209","targetHints":{"allow":["GET"]}}],"collection":[{"href":"https:\/\/emcglobalindustrial.com\/fr\/wp-json\/wp\/v2\/product"}],"about":[{"href":"https:\/\/emcglobalindustrial.com\/fr\/wp-json\/wp\/v2\/types\/product"}],"replies":[{"embeddable":true,"href":"https:\/\/emcglobalindustrial.com\/fr\/wp-json\/wp\/v2\/comments?post=2209"}],"wp:featuredmedia":[{"embeddable":true,"href":"https:\/\/emcglobalindustrial.com\/fr\/wp-json\/wp\/v2\/media\/3625"}],"wp:attachment":[{"href":"https:\/\/emcglobalindustrial.com\/fr\/wp-json\/wp\/v2\/media?parent=2209"}],"wp:term":[{"taxonomy":"product_brand","embeddable":true,"href":"https:\/\/emcglobalindustrial.com\/fr\/wp-json\/wp\/v2\/product_brand?post=2209"},{"taxonomy":"product_cat","embeddable":true,"href":"https:\/\/emcglobalindustrial.com\/fr\/wp-json\/wp\/v2\/product_cat?post=2209"},{"taxonomy":"product_tag","embeddable":true,"href":"https:\/\/emcglobalindustrial.com\/fr\/wp-json\/wp\/v2\/product_tag?post=2209"}],"curies":[{"name":"wp","href":"https:\/\/api.w.org\/{rel}","templated":true}]}}