{"id":2197,"date":"2023-03-30T15:31:28","date_gmt":"2023-03-30T19:31:28","guid":{"rendered":"http:\/\/emcglobalindustrial.com\/?post_type=product&#038;p=2197"},"modified":"2025-10-30T13:32:50","modified_gmt":"2025-10-30T17:32:50","slug":"remote-control-motorized-roll-up-door-kit-for-sg2119-metal-garage-shed","status":"publish","type":"product","link":"https:\/\/emcglobalindustrial.com\/fr\/produit\/remote-control-motorized-roll-up-door-kit-for-sg2119-metal-garage-shed\/","title":{"rendered":"Kit de porte \u00e0 enroulement motoris\u00e9e t\u00e9l\u00e9command\u00e9e pour abri de garage en m\u00e9tal SG2119"},"content":{"rendered":"<h2><strong><b>Mod\u00e8le:<\/b><\/strong><strong><b>\u00a0<\/b><\/strong>SG2119- RD100<\/h2>\n<h2><strong><b>Caract\u00e9ristiques<\/b><\/strong><\/h2>\n<ul>\n<li>Con\u00e7u pour s'adapter \u00e0 l'abri de garage en m\u00e9tal SG2119<\/li>\n<li>Mat\u00e9riel: Aluminium<\/li>\n<li>AC motoris\u00e9 et traction manuelle (uniquement de l'int\u00e9rieur par manuel)<\/li>\n<li>1 roll-up door, 2 remote controls, 1 controller, guide-rails, brackets and hardware included<\/li>\n<\/ul>\n<h2><strong><b>\u00a0<\/b><\/strong><strong><b>Sp\u00e9cifications<\/b><\/strong><\/h2>\n<ul>\n<li>Taille de la porte : 100\u2033 (L) x 88\u2033 (H)<\/li>\n<li>Moteur AC : 110 VCA, 60 Hz, certifi\u00e9 cUL<\/li>\n<li>Deux portes sont n\u00e9cessaires pour un abri de garage en m\u00e9tal SG2119<\/li>\n<\/ul>\n<h2><strong>Warranty<\/strong><\/h2>\n<ul>\n<li><a href=\"http:\/\/emcglobalindustrial.com\/wp-content\/uploads\/2025\/10\/EMC-Farm-Industrial-Inc.-Warranty-Terms-and-Conditions-EN.pdf\" target=\"_blank\" rel=\"noopener\">Warranty Terms and Conditions (EN)<\/a><\/li>\n<li><a href=\"http:\/\/emcglobalindustrial.com\/wp-content\/uploads\/2025\/10\/EMC-Farm-Industrial-Inc.-Conditions-de-Garantie-FR.pdf\" target=\"_blank\" rel=\"noopener\">Conditions de Garantie (FR)<\/a><\/li>\n<\/ul>\n<h2><strong><b>D\u00e9tails d'emballage\u00a0:<\/b><\/strong><\/h2>\n<ul>\n<li>Dimensions du colis : 113\"(L)*10\"(W)*10\"(H)<\/li>\n<li>Poids du colis\u00a0:\u00a0130\u00a0lb<\/li>\n<\/ul>","protected":false},"excerpt":{"rendered":"<p>Model:\u00a0SG2119- RD100 Features Designed to fit Metal Garage Shed\u00a0SG2119 Material: Aluminum AC motorized and manual pull (only from inside by manual) 1 roll-up door, 2 remote controls, 1 controller, guide-rails, brackets and hardware included \u00a0Specifications Door size: 100&#8243; (W) x 88&#8243; (H) AC Motor: 110 VAC, 60 Hz, cUL certified&hellip; <\/p>","protected":false},"featured_media":2198,"comment_status":"open","ping_status":"closed","template":"","meta":[],"product_brand":[],"product_cat":[69,62],"product_tag":[],"class_list":{"0":"post-2197","1":"product","2":"type-product","3":"status-publish","4":"has-post-thumbnail","6":"product_cat-metal-shelter","7":"product_cat-storage-equipment","9":"first","10":"instock","11":"shipping-taxable","12":"purchasable","13":"product-type-simple"},"_links":{"self":[{"href":"https:\/\/emcglobalindustrial.com\/fr\/wp-json\/wp\/v2\/product\/2197","targetHints":{"allow":["GET"]}}],"collection":[{"href":"https:\/\/emcglobalindustrial.com\/fr\/wp-json\/wp\/v2\/product"}],"about":[{"href":"https:\/\/emcglobalindustrial.com\/fr\/wp-json\/wp\/v2\/types\/product"}],"replies":[{"embeddable":true,"href":"https:\/\/emcglobalindustrial.com\/fr\/wp-json\/wp\/v2\/comments?post=2197"}],"wp:featuredmedia":[{"embeddable":true,"href":"https:\/\/emcglobalindustrial.com\/fr\/wp-json\/wp\/v2\/media\/2198"}],"wp:attachment":[{"href":"https:\/\/emcglobalindustrial.com\/fr\/wp-json\/wp\/v2\/media?parent=2197"}],"wp:term":[{"taxonomy":"product_brand","embeddable":true,"href":"https:\/\/emcglobalindustrial.com\/fr\/wp-json\/wp\/v2\/product_brand?post=2197"},{"taxonomy":"product_cat","embeddable":true,"href":"https:\/\/emcglobalindustrial.com\/fr\/wp-json\/wp\/v2\/product_cat?post=2197"},{"taxonomy":"product_tag","embeddable":true,"href":"https:\/\/emcglobalindustrial.com\/fr\/wp-json\/wp\/v2\/product_tag?post=2197"}],"curies":[{"name":"wp","href":"https:\/\/api.w.org\/{rel}","templated":true}]}}