{"id":2192,"date":"2023-03-30T15:10:14","date_gmt":"2023-03-30T19:10:14","guid":{"rendered":"http:\/\/emcglobalindustrial.com\/?post_type=product&#038;p=2192"},"modified":"2025-10-29T17:16:13","modified_gmt":"2025-10-29T21:16:13","slug":"double-truss-storage-shelter-w50xl100xh26","status":"publish","type":"product","link":"https:\/\/emcglobalindustrial.com\/fr\/produit\/double-truss-storage-shelter-w50xl100xh26\/","title":{"rendered":"Abri de stockage \u00e0 double treillis (W50'\u00d7L100'\u00d7H26')"},"content":{"rendered":"<h2><b>M<\/b><strong><b>od\u00e8le: <\/b><\/strong>SS5010026DP<\/h2>\n<h2><strong><b>Caract\u00e9ristiques<\/b><\/strong><\/h2>\n<ul>\n<li>Travail de la charpente\u00a0: Double treillis mural droit avec acier galvanis\u00e9 \u00e0 chaud.<\/li>\n<li>Housse en tissu : ignifuge, r\u00e9sistant \u00e0 l'eau, protection UV.<\/li>\n<\/ul>\n<h2><strong><b>S<\/b><\/strong><strong><b>p\u00e9cifications<\/b><\/strong><\/h2>\n<ul>\n<li>Largeur de l'abri : 50pi<\/li>\n<li>Longueur de l'abri : 100pi<\/li>\n<li>Hauteur de l'abri : 26pi<\/li>\n<li>Forme : Peak \/ Double Truss<\/li>\n<li>Housse: 27oz (750GSM) PVC<\/li>\n<li>2 portes \u00e0 treuil \/ homme avant et arri\u00e8re aux deux extr\u00e9mit\u00e9s<\/li>\n<li>\u200bDimension d'ouverture de la porte du treuil\u00a0:\u00a0L5m x H5,8m<\/li>\n<li>Dimension de d\u00e9gagement de la porte du treuil:\u00a0L5m x H5,3m<\/li>\n<li>Dimension de la porte principale : L1m x H1,9m<\/li>\n<li>\u200bHauteur d'avant-toit\u00a0:\u00a03,97m<\/li>\n<li>\u200bNombre de fermes: 11<\/li>\n<li>Espacement approximatif des fermes : 10pi (3,05 m)<\/li>\n<li>\u200bNombre de grandes plaques d'ancrage: 22<\/li>\n<li>Fen\u00eatres de ventilation aux deux extr\u00e9mit\u00e9s<\/li>\n<\/ul>\n<h2><strong>Warranty<\/strong><\/h2>\n<ul>\n<li><a href=\"http:\/\/emcglobalindustrial.com\/wp-content\/uploads\/2025\/10\/EMC-Farm-Industrial-Inc.-Warranty-Terms-and-Conditions-EN.pdf\" target=\"_blank\" rel=\"noopener\">Warranty Terms and Conditions (EN)<\/a><\/li>\n<li><a href=\"http:\/\/emcglobalindustrial.com\/wp-content\/uploads\/2025\/10\/EMC-Farm-Industrial-Inc.-Conditions-de-Garantie-FR.pdf\" target=\"_blank\" rel=\"noopener\">Conditions de Garantie (FR)<\/a><\/li>\n<\/ul>\n<h2><strong><b>Taille d'emballage<\/b><\/strong><\/h2>\n<ul>\n<li>Box 1: 110\u2033(L)*43\u2033(W)*49\u2033(H)<\/li>\n<li>Box 2: 110\u2033(L)*43\u2033(W)*49\u2033(H)<\/li>\n<li>Box 3: 115&#8243;(L)\u00d743&#8243;(W)\u00d749&#8243;(H)<\/li>\n<li>Box 4: 124\u2033(L)*43\u2033(W)*49\u2033(H)<\/li>\n<li>Box 5: 124&#8243;(L)\u00d743&#8243;(W)\u00d720&#8243;(H)<\/li>\n<\/ul>\n<h2><strong><b>Packing Weight<\/b><\/strong><\/h2>\n<ul>\n<li>Box 1: 2625 lbs<\/li>\n<li>Box 2: 1978 lbs<\/li>\n<li>Box 3: 2262 lbs<\/li>\n<li>Box 4: 3518 lbs<\/li>\n<li>Box 5: 887 lbs<\/li>\n<\/ul>\n<h2><strong><b>Recommended Foundations<\/b><\/strong><strong><b>\u200b<\/b><\/strong><\/h2>\n<ul>\n<li>Semelles\/rembourrage en b\u00e9ton<\/li>\n<li>Murs en b\u00e9ton coul\u00e9 sur place<\/li>\n<li>Murs en b\u00e9ton pr\u00e9fabriqu\u00e9<\/li>\n<li>Blocs de verrouillage<\/li>\n<li>Conteneurs maritimes<\/li>\n<\/ul>","protected":false},"excerpt":{"rendered":"<p>Model: SS5010026DP Features Frame Work: Straight Wall Peak Double Truss\u00a0with hot dipped\u00a0galvanized steel. Fabric Cover: Fire retardant, Water-resistant, UV protection. Specifications Shelter Width: 50FT Shelter Length: 100FT Shelter Height: 26FT Shape: Peak \/ Double Truss Cover: 27oz(750GSM) PVC 2 Front &amp; Back\u00a0winch \/ man doors on both ends \u200bWinch Door&hellip; <\/p>","protected":false},"featured_media":2195,"comment_status":"open","ping_status":"closed","template":"","meta":[],"product_brand":[],"product_cat":[62,63],"product_tag":[],"class_list":{"0":"post-2192","1":"product","2":"type-product","3":"status-publish","4":"has-post-thumbnail","6":"product_cat-storage-equipment","7":"product_cat-storage-shelter-storage-equipment","9":"first","10":"instock","11":"shipping-taxable","12":"purchasable","13":"product-type-simple"},"_links":{"self":[{"href":"https:\/\/emcglobalindustrial.com\/fr\/wp-json\/wp\/v2\/product\/2192","targetHints":{"allow":["GET"]}}],"collection":[{"href":"https:\/\/emcglobalindustrial.com\/fr\/wp-json\/wp\/v2\/product"}],"about":[{"href":"https:\/\/emcglobalindustrial.com\/fr\/wp-json\/wp\/v2\/types\/product"}],"replies":[{"embeddable":true,"href":"https:\/\/emcglobalindustrial.com\/fr\/wp-json\/wp\/v2\/comments?post=2192"}],"wp:featuredmedia":[{"embeddable":true,"href":"https:\/\/emcglobalindustrial.com\/fr\/wp-json\/wp\/v2\/media\/2195"}],"wp:attachment":[{"href":"https:\/\/emcglobalindustrial.com\/fr\/wp-json\/wp\/v2\/media?parent=2192"}],"wp:term":[{"taxonomy":"product_brand","embeddable":true,"href":"https:\/\/emcglobalindustrial.com\/fr\/wp-json\/wp\/v2\/product_brand?post=2192"},{"taxonomy":"product_cat","embeddable":true,"href":"https:\/\/emcglobalindustrial.com\/fr\/wp-json\/wp\/v2\/product_cat?post=2192"},{"taxonomy":"product_tag","embeddable":true,"href":"https:\/\/emcglobalindustrial.com\/fr\/wp-json\/wp\/v2\/product_tag?post=2192"}],"curies":[{"name":"wp","href":"https:\/\/api.w.org\/{rel}","templated":true}]}}