{"id":2191,"date":"2023-03-30T13:13:07","date_gmt":"2023-03-30T17:13:07","guid":{"rendered":"http:\/\/emcglobalindustrial.com\/?post_type=product&#038;p=2191"},"modified":"2025-10-29T17:13:10","modified_gmt":"2025-10-29T21:13:10","slug":"double-truss-storage-shelter-w40xl80xh24","status":"publish","type":"product","link":"https:\/\/emcglobalindustrial.com\/fr\/produit\/double-truss-storage-shelter-w40xl80xh24\/","title":{"rendered":"Abri de stockage \u00e0 double treillis (W40'\u00d7L80'\u00d7H24')"},"content":{"rendered":"<h2><strong><b>M<\/b><\/strong><strong><b>od\u00e8le: <\/b><\/strong>SS4080024DP<\/h2>\n<h2><strong><b>Caract\u00e9ristiques<\/b><\/strong><\/h2>\n<ul>\n<li>Travail de la charpente\u00a0: Double treillis mural droit avec acier galvanis\u00e9 \u00e0 chaud.<\/li>\n<li>Housse en tissu : ignifuge, r\u00e9sistant \u00e0 l'eau, protection UV.<\/li>\n<\/ul>\n<h2><strong><b>S<\/b><\/strong><strong><b>p\u00e9cifications<\/b><\/strong><\/h2>\n<ul>\n<li>Largeur de l'abri : 40pi<\/li>\n<li>Longueur de l'abri : 80pi<\/li>\n<li>Hauteur de l'abri : 24pi<\/li>\n<li>Forme : Peak \/ Double Truss<\/li>\n<li>Housse : PVC 22oz (610GSM)<\/li>\n<li>2 portes \u00e0 treuil \/ homme avant et arri\u00e8re aux deux extr\u00e9mit\u00e9s<\/li>\n<li>\u200bDimension d'ouverture de la porte du treuil\u00a0:\u00a0L4,6m x H5,3m<\/li>\n<li>Dimension de d\u00e9gagement de la porte du treuil\u00a0:\u00a0L4m x H4,8m<\/li>\n<li>Dimension de la porte principale : L1m x H1,9m<\/li>\n<li>\u200bHauteur d'avant-toit\u00a0:\u00a03,87m<\/li>\n<li>\u200bNombre de fermes\u00a0: 9<\/li>\n<li>Espacement approximatif des fermes : 10pi (3,05 m)<\/li>\n<li>\u200bNombre de grandes plaques d'ancrage : 18<\/li>\n<li>Fen\u00eatres de ventilation aux deux extr\u00e9mit\u00e9s<\/li>\n<\/ul>\n<h2><strong>Warranty<\/strong><\/h2>\n<ul>\n<li><a href=\"http:\/\/emcglobalindustrial.com\/wp-content\/uploads\/2025\/10\/EMC-Farm-Industrial-Inc.-Warranty-Terms-and-Conditions-EN.pdf\" target=\"_blank\" rel=\"noopener\">Warranty Terms and Conditions (EN)<\/a><\/li>\n<li><a href=\"http:\/\/emcglobalindustrial.com\/wp-content\/uploads\/2025\/10\/EMC-Farm-Industrial-Inc.-Conditions-de-Garantie-FR.pdf\" target=\"_blank\" rel=\"noopener\">Conditions de Garantie (FR)<\/a><\/li>\n<\/ul>\n<h2><strong><b>Taille d'emballage<\/b><\/strong><\/h2>\n<ul>\n<li>Bo\u00eete 1: 106\u2019 \u00d743\u2019 \u00d722\u2019<\/li>\n<li>Bo\u00eete 2: 106\u2019 \u00d743\u2019 \u00d749\u2019<\/li>\n<li>Bo\u00eete 3: 126\u2019 \u00d743\u2019 \u00d749\u2019<\/li>\n<\/ul>\n<h2><strong><b>Packing Weight<\/b><\/strong><\/h2>\n<ul>\n<li>Box 1: 2196 lbs<\/li>\n<li>Box 2: 1936 lbs<\/li>\n<li>Box 3: 3413 lbs<\/li>\n<\/ul>\n<h2><strong><b>Recommended Foundations<\/b><\/strong><strong><b>\u200b<\/b><\/strong><\/h2>\n<ul>\n<li>Semelles\/rembourrage en b\u00e9ton<\/li>\n<li>Murs en b\u00e9ton coul\u00e9 sur place<\/li>\n<li>Murs en b\u00e9ton pr\u00e9fabriqu\u00e9<\/li>\n<li>Blocs de verrouillage<\/li>\n<li>Conteneurs maritimes<\/li>\n<\/ul>","protected":false},"excerpt":{"rendered":"<p>Model: SS4080024DP Features Frame Work: Straight Wall Peak Double Truss\u00a0with hot dipped\u00a0galvanized steel. Fabric Cover: Fire retardant, Water-resistant, UV protection. Specifications Shelter Width: 40FT Shelter Length: 80FT Shelter Height: 24FT Shape: Peak \/ Double Truss Cover: 22oz(610GSM) PVC 2 Front &amp; Back\u00a0winch \/ man doors on both ends \u200bWinch Door&hellip; <\/p>","protected":false},"featured_media":2189,"comment_status":"open","ping_status":"closed","template":"","meta":[],"product_brand":[],"product_cat":[62,63],"product_tag":[],"class_list":{"0":"post-2191","1":"product","2":"type-product","3":"status-publish","4":"has-post-thumbnail","6":"product_cat-storage-equipment","7":"product_cat-storage-shelter-storage-equipment","9":"first","10":"instock","11":"shipping-taxable","12":"purchasable","13":"product-type-simple"},"_links":{"self":[{"href":"https:\/\/emcglobalindustrial.com\/fr\/wp-json\/wp\/v2\/product\/2191","targetHints":{"allow":["GET"]}}],"collection":[{"href":"https:\/\/emcglobalindustrial.com\/fr\/wp-json\/wp\/v2\/product"}],"about":[{"href":"https:\/\/emcglobalindustrial.com\/fr\/wp-json\/wp\/v2\/types\/product"}],"replies":[{"embeddable":true,"href":"https:\/\/emcglobalindustrial.com\/fr\/wp-json\/wp\/v2\/comments?post=2191"}],"wp:featuredmedia":[{"embeddable":true,"href":"https:\/\/emcglobalindustrial.com\/fr\/wp-json\/wp\/v2\/media\/2189"}],"wp:attachment":[{"href":"https:\/\/emcglobalindustrial.com\/fr\/wp-json\/wp\/v2\/media?parent=2191"}],"wp:term":[{"taxonomy":"product_brand","embeddable":true,"href":"https:\/\/emcglobalindustrial.com\/fr\/wp-json\/wp\/v2\/product_brand?post=2191"},{"taxonomy":"product_cat","embeddable":true,"href":"https:\/\/emcglobalindustrial.com\/fr\/wp-json\/wp\/v2\/product_cat?post=2191"},{"taxonomy":"product_tag","embeddable":true,"href":"https:\/\/emcglobalindustrial.com\/fr\/wp-json\/wp\/v2\/product_tag?post=2191"}],"curies":[{"name":"wp","href":"https:\/\/api.w.org\/{rel}","templated":true}]}}