{"id":2166,"date":"2023-03-27T13:53:55","date_gmt":"2023-03-27T17:53:55","guid":{"rendered":"http:\/\/emcglobalindustrial.com\/?post_type=product&#038;p=2166"},"modified":"2025-11-03T09:27:34","modified_gmt":"2025-11-03T14:27:34","slug":"tool-chests-cabinets","status":"publish","type":"product","link":"https:\/\/emcglobalindustrial.com\/fr\/produit\/tool-chests-cabinets\/","title":{"rendered":"Coffres \u00e0 outils et armoires"},"content":{"rendered":"<h2><strong>Mod\u00e8le: <\/strong>3.5FT-4D-1C<\/h2>\n<h2><strong><b>Caract\u00e9ristiques<\/b><\/strong><\/h2>\n<p>L'armoire roulante industrielle EMC a \u00e9t\u00e9 con\u00e7ue, test\u00e9e et construite pour durer. La finition de peinture industrielle est durable, facile \u00e0 nettoyer et a fi\u00e8re allure dans n'importe quel garage.<\/p>\n<h2><strong><b>Sp\u00e9cifications<\/b><\/strong><\/h2>\n<ul>\n<li>4 Tiroir \u00e0 roulement \u00e0 billes \u00e0 extension compl\u00e8te avec serrures<\/li>\n<li>Doublures antid\u00e9rapantes dans tous les tiroirs<\/li>\n<li>Capacit\u00e9 de poids du tiroir\u00a0: 100\u00a0lb\/45\u00a0kg<\/li>\n<li>Poign\u00e9es de tiroir en aluminium<\/li>\n<li>Avec 4 roues<\/li>\n<li>21-gauge frame, 19-gauge base and drawer<\/li>\n<\/ul>\n<h2><strong>Warranty<\/strong><\/h2>\n<ul>\n<li><a href=\"http:\/\/emcglobalindustrial.com\/wp-content\/uploads\/2025\/10\/EMC-Farm-Industrial-Inc.-Warranty-Terms-and-Conditions-EN.pdf\" target=\"_blank\" rel=\"noopener\">Warranty Terms and Conditions (EN)<\/a><\/li>\n<li><a href=\"http:\/\/emcglobalindustrial.com\/wp-content\/uploads\/2025\/10\/EMC-Farm-Industrial-Inc.-Conditions-de-Garantie-FR.pdf\" target=\"_blank\" rel=\"noopener\">Conditions de Garantie (FR)<\/a><\/li>\n<\/ul>\n<h2><strong><b>O<\/b><\/strong><strong><b>versize<\/b><\/strong><\/h2>\n<ul>\n<li>40\"(L)\u00d720\"(L)\u00d734\"(H)+ Panneau perfor\u00e9 20\"(H)<\/li>\n<\/ul>\n<p><strong style=\"color: #383634; font-size: 26px;\"><b>D<\/b><\/strong><strong style=\"color: #383634; font-size: 26px;\"><b>\u00e9tails d'emballage<\/b><\/strong><\/p>\n<ul>\n<li>Taille : 41 \u00d7 21 \u00d7 28 POUCES<\/li>\n<li>Poids\u00a0: 135\u00a0lb<\/li>\n<\/ul>","protected":false},"excerpt":{"rendered":"<p>Model: 3.5FT-4D-1C Features The EMC industrial roller cabinet was designed, tested, and built to last. The industrial paint finish is durable, easy to clean and looks great in any garage. Specifications 4 Full extension ball bearing drawer with locks Non-slip liners in all drawers Drawer weight capacity: 100lbs\/45kgs Aluminum drawer&hellip; <\/p>","protected":false},"featured_media":2169,"comment_status":"open","ping_status":"closed","template":"","meta":[],"product_brand":[],"product_cat":[60],"product_tag":[],"class_list":{"0":"post-2166","1":"product","2":"type-product","3":"status-publish","4":"has-post-thumbnail","6":"product_cat-workbench","8":"first","9":"instock","10":"shipping-taxable","11":"purchasable","12":"product-type-variable","13":"has-default-attributes"},"_links":{"self":[{"href":"https:\/\/emcglobalindustrial.com\/fr\/wp-json\/wp\/v2\/product\/2166","targetHints":{"allow":["GET"]}}],"collection":[{"href":"https:\/\/emcglobalindustrial.com\/fr\/wp-json\/wp\/v2\/product"}],"about":[{"href":"https:\/\/emcglobalindustrial.com\/fr\/wp-json\/wp\/v2\/types\/product"}],"replies":[{"embeddable":true,"href":"https:\/\/emcglobalindustrial.com\/fr\/wp-json\/wp\/v2\/comments?post=2166"}],"wp:featuredmedia":[{"embeddable":true,"href":"https:\/\/emcglobalindustrial.com\/fr\/wp-json\/wp\/v2\/media\/2169"}],"wp:attachment":[{"href":"https:\/\/emcglobalindustrial.com\/fr\/wp-json\/wp\/v2\/media?parent=2166"}],"wp:term":[{"taxonomy":"product_brand","embeddable":true,"href":"https:\/\/emcglobalindustrial.com\/fr\/wp-json\/wp\/v2\/product_brand?post=2166"},{"taxonomy":"product_cat","embeddable":true,"href":"https:\/\/emcglobalindustrial.com\/fr\/wp-json\/wp\/v2\/product_cat?post=2166"},{"taxonomy":"product_tag","embeddable":true,"href":"https:\/\/emcglobalindustrial.com\/fr\/wp-json\/wp\/v2\/product_tag?post=2166"}],"curies":[{"name":"wp","href":"https:\/\/api.w.org\/{rel}","templated":true}]}}