{"id":2014,"date":"2023-02-27T14:24:36","date_gmt":"2023-02-27T19:24:36","guid":{"rendered":"http:\/\/emcglobalindustrial.com\/?post_type=product&#038;p=2014"},"modified":"2025-11-10T16:19:08","modified_gmt":"2025-11-10T21:19:08","slug":"240ft-industrial-site-fencing-10x7-24-panels","status":"publish","type":"product","link":"https:\/\/emcglobalindustrial.com\/fr\/produit\/240ft-industrial-site-fencing-10x7-24-panels\/","title":{"rendered":"Cl\u00f4ture de site industriel de 240 pieds 10'\u00d77' (24 panneaux)"},"content":{"rendered":"<h2><strong><b>Caract\u00e9ristiques<\/b><\/strong><\/h2>\n<p>The EMC Industrial Site Fencing is 240FT includes 24 units 10FT\u00d77FT panel. Heavy-duty galvanized steel provides high quality fencing, quick &amp; easy installation.<\/p>\n<h2><strong><b>Sp\u00e9cifications<\/b><\/strong><\/h2>\n<ul>\n<li>Panneau : 24 unit\u00e9s (10\u2019 x7\u2019)<\/li>\n<li>Poids : 95 lb par panneau<\/li>\n<li>Poste : 25 unit\u00e9s<\/li>\n<li>Distance entre les rails : 4 pouces<\/li>\n<li>Connecteurs inclus<\/li>\n<\/ul>\n<h2><strong>Warranty<\/strong><\/h2>\n<ul>\n<li><a href=\"http:\/\/emcglobalindustrial.com\/wp-content\/uploads\/2025\/10\/EMC-Farm-Industrial-Inc.-Warranty-Terms-and-Conditions-EN.pdf\" target=\"_blank\" rel=\"noopener\">Warranty Terms and Conditions (EN)<\/a><\/li>\n<li><a href=\"http:\/\/emcglobalindustrial.com\/wp-content\/uploads\/2025\/10\/EMC-Farm-Industrial-Inc.-Conditions-de-Garantie-FR.pdf\" target=\"_blank\" rel=\"noopener\">Conditions de Garantie (FR)<\/a><\/li>\n<\/ul>\n<h2><strong><b>D\u00e9tails d'emballage<\/b><\/strong><\/h2>\n<ul>\n<li>Taille (pouces) : 118L*43W*87H<\/li>\n<li>Poids (lb): 2350<\/li>\n<\/ul>","protected":false},"excerpt":{"rendered":"<p>Features The EMC Industrial Site Fencing is 240FT includes 24 units 10FT\u00d77FT panel. Heavy-duty galvanized steel provides high quality fencing, quick &amp; easy installation. Specifications Panel: 24 units (10\u2019 x7\u2019) Weight: 95 lbs per panel Post: 25 units Distance between rail: 4 Inches Includingconnectors Warranty Warranty Terms and Conditions (EN)&hellip; <\/p>","protected":false},"featured_media":2015,"comment_status":"open","ping_status":"closed","template":"","meta":[],"product_brand":[],"product_cat":[92,71],"product_tag":[],"class_list":{"0":"post-2014","1":"product","2":"type-product","3":"status-publish","4":"has-post-thumbnail","6":"product_cat-homegarden","7":"product_cat-iron-fence","9":"first","10":"instock","11":"shipping-taxable","12":"purchasable","13":"product-type-simple"},"_links":{"self":[{"href":"https:\/\/emcglobalindustrial.com\/fr\/wp-json\/wp\/v2\/product\/2014","targetHints":{"allow":["GET"]}}],"collection":[{"href":"https:\/\/emcglobalindustrial.com\/fr\/wp-json\/wp\/v2\/product"}],"about":[{"href":"https:\/\/emcglobalindustrial.com\/fr\/wp-json\/wp\/v2\/types\/product"}],"replies":[{"embeddable":true,"href":"https:\/\/emcglobalindustrial.com\/fr\/wp-json\/wp\/v2\/comments?post=2014"}],"wp:featuredmedia":[{"embeddable":true,"href":"https:\/\/emcglobalindustrial.com\/fr\/wp-json\/wp\/v2\/media\/2015"}],"wp:attachment":[{"href":"https:\/\/emcglobalindustrial.com\/fr\/wp-json\/wp\/v2\/media?parent=2014"}],"wp:term":[{"taxonomy":"product_brand","embeddable":true,"href":"https:\/\/emcglobalindustrial.com\/fr\/wp-json\/wp\/v2\/product_brand?post=2014"},{"taxonomy":"product_cat","embeddable":true,"href":"https:\/\/emcglobalindustrial.com\/fr\/wp-json\/wp\/v2\/product_cat?post=2014"},{"taxonomy":"product_tag","embeddable":true,"href":"https:\/\/emcglobalindustrial.com\/fr\/wp-json\/wp\/v2\/product_tag?post=2014"}],"curies":[{"name":"wp","href":"https:\/\/api.w.org\/{rel}","templated":true}]}}