{"id":1993,"date":"2023-02-27T11:48:25","date_gmt":"2023-02-27T16:48:25","guid":{"rendered":"http:\/\/emcglobalindustrial.com\/?post_type=product&#038;p=1993"},"modified":"2025-11-27T16:05:39","modified_gmt":"2025-11-27T21:05:39","slug":"78-skid-steer-root-rake","status":"publish","type":"product","link":"https:\/\/emcglobalindustrial.com\/fr\/produit\/78-skid-steer-root-rake\/","title":{"rendered":"R\u00e2teau \u00e0 racines \u00e0 direction \u00e0 glissement de 78 po"},"content":{"rendered":"<h2><strong>Sp\u00e9cifications<\/strong><\/h2>\n<ul>\n<li>Largeur de fonctionnement : 1980mm<\/li>\n<li>Hauteur de fonctionnement : 1156mm<\/li>\n<li>Longueur de fonctionnement : 1026mm<\/li>\n<li>Poids propre\u00a0: 420kg<\/li>\n<li>Pression de fonctionnement : 16 MPa<\/li>\n<\/ul>\n<h2><strong>Warranty<\/strong><\/h2>\n<ul>\n<li><a href=\"http:\/\/emcglobalindustrial.com\/wp-content\/uploads\/2025\/10\/EMC-Farm-Industrial-Inc.-Warranty-Terms-and-Conditions-EN.pdf\" target=\"_blank\" rel=\"noopener\">Warranty Terms and Conditions (EN)<\/a><\/li>\n<li><a href=\"http:\/\/emcglobalindustrial.com\/wp-content\/uploads\/2025\/10\/EMC-Farm-Industrial-Inc.-Conditions-de-Garantie-FR.pdf\" target=\"_blank\" rel=\"noopener\">Conditions de Garantie (FR)<\/a><\/li>\n<\/ul>\n<h2><strong>D\u00e9tails d'emballage<\/strong><\/h2>\n<ul>\n<li>Taille de l'emballage : 87x48x34pouces<\/li>\n<li>Poids de l'emballage\u00a0: 978lb<\/li>\n<\/ul>","protected":false},"excerpt":{"rendered":"<p>Specifications Operating Width: 1980mm Operating Height: 1156mm Operating Length: 1026mm Self Weight: 420kgs Operating pressure: 16 Mpa Warranty Warranty Terms and Conditions (EN) Conditions de Garantie (FR) Packing Details Packing size: 87*48*34 Inches Packing weight: 978lbs<\/p>","protected":false},"featured_media":3041,"comment_status":"open","ping_status":"closed","template":"","meta":[],"product_brand":[],"product_cat":[100],"product_tag":[],"class_list":{"0":"post-1993","1":"product","2":"type-product","3":"status-publish","4":"has-post-thumbnail","6":"product_cat-attachment","8":"first","9":"instock","10":"shipping-taxable","11":"purchasable","12":"product-type-simple"},"_links":{"self":[{"href":"https:\/\/emcglobalindustrial.com\/fr\/wp-json\/wp\/v2\/product\/1993","targetHints":{"allow":["GET"]}}],"collection":[{"href":"https:\/\/emcglobalindustrial.com\/fr\/wp-json\/wp\/v2\/product"}],"about":[{"href":"https:\/\/emcglobalindustrial.com\/fr\/wp-json\/wp\/v2\/types\/product"}],"replies":[{"embeddable":true,"href":"https:\/\/emcglobalindustrial.com\/fr\/wp-json\/wp\/v2\/comments?post=1993"}],"wp:featuredmedia":[{"embeddable":true,"href":"https:\/\/emcglobalindustrial.com\/fr\/wp-json\/wp\/v2\/media\/3041"}],"wp:attachment":[{"href":"https:\/\/emcglobalindustrial.com\/fr\/wp-json\/wp\/v2\/media?parent=1993"}],"wp:term":[{"taxonomy":"product_brand","embeddable":true,"href":"https:\/\/emcglobalindustrial.com\/fr\/wp-json\/wp\/v2\/product_brand?post=1993"},{"taxonomy":"product_cat","embeddable":true,"href":"https:\/\/emcglobalindustrial.com\/fr\/wp-json\/wp\/v2\/product_cat?post=1993"},{"taxonomy":"product_tag","embeddable":true,"href":"https:\/\/emcglobalindustrial.com\/fr\/wp-json\/wp\/v2\/product_tag?post=1993"}],"curies":[{"name":"wp","href":"https:\/\/api.w.org\/{rel}","templated":true}]}}