{"id":1985,"date":"2023-02-27T10:20:07","date_gmt":"2023-02-27T15:20:07","guid":{"rendered":"http:\/\/emcglobalindustrial.com\/?post_type=product&#038;p=1985"},"modified":"2025-11-10T15:41:31","modified_gmt":"2025-11-10T20:41:31","slug":"14ft-driverway-gate-artworkhorse","status":"publish","type":"product","link":"https:\/\/emcglobalindustrial.com\/fr\/produit\/14ft-driverway-gate-artworkhorse\/","title":{"rendered":"Portail en fer pour all\u00e9e de 14 pieds (\u0153uvre d'art \"cheval\")"},"content":{"rendered":"<h2><strong><b>Caract\u00e9ristiques<\/b><\/strong><\/h2>\n<ul>\n<li>Double portail battant<\/li>\n<li>Oeuvre \"Cheval\" au milieu du cadre<\/li>\n<li>Construction en tube d'acier galvanis\u00e9 robuste<\/li>\n<li>Bien enduit de poudre<\/li>\n<li>R\u00e9sistant \u00e0 la rouille et \u00e0 la corrosion<\/li>\n<li>Facile \u00e0 installer<\/li>\n<li>Compatible avec tout type de cl\u00f4ture<\/li>\n<\/ul>\n<h2><strong><b>Sp\u00e9cifications<\/b><\/strong><\/h2>\n<ul>\n<li>Poids\u00a0: 255\u00a0lb<\/li>\n<li>Taille : 6'6\" sur le c\u00f4t\u00e9, 7'10\" au milieu<\/li>\n<li>Longueur : 14 pi<\/li>\n<\/ul>\n<h2><strong>Warranty<\/strong><\/h2>\n<ul>\n<li><a href=\"http:\/\/emcglobalindustrial.com\/wp-content\/uploads\/2025\/10\/EMC-Farm-Industrial-Inc.-Warranty-Terms-and-Conditions-EN.pdf\" target=\"_blank\" rel=\"noopener\">Warranty Terms and Conditions (EN)<\/a><\/li>\n<li><a href=\"http:\/\/emcglobalindustrial.com\/wp-content\/uploads\/2025\/10\/EMC-Farm-Industrial-Inc.-Conditions-de-Garantie-FR.pdf\" target=\"_blank\" rel=\"noopener\">Conditions de Garantie (FR)<\/a><\/li>\n<\/ul>","protected":false},"excerpt":{"rendered":"<p>Features Dual swing gates Artwork \u201dHorse\u201d in the middle of the frame Heavy-duty galvanized steel tube construction Well powder coated Rust and corrosion resistant Easy to install Compatible with all type of fence Specifications Weight: 255 LBS Height: 6\u20196\u201d on the side, 7\u201910\u201d in the middle Length: 14FT Warranty Warranty&hellip; <\/p>","protected":false},"featured_media":1987,"comment_status":"open","ping_status":"closed","template":"","meta":[],"product_brand":[],"product_cat":[92,70],"product_tag":[],"class_list":{"0":"post-1985","1":"product","2":"type-product","3":"status-publish","4":"has-post-thumbnail","6":"product_cat-homegarden","7":"product_cat-iron-drive-way-gate","9":"first","10":"instock","11":"shipping-taxable","12":"purchasable","13":"product-type-simple"},"_links":{"self":[{"href":"https:\/\/emcglobalindustrial.com\/fr\/wp-json\/wp\/v2\/product\/1985","targetHints":{"allow":["GET"]}}],"collection":[{"href":"https:\/\/emcglobalindustrial.com\/fr\/wp-json\/wp\/v2\/product"}],"about":[{"href":"https:\/\/emcglobalindustrial.com\/fr\/wp-json\/wp\/v2\/types\/product"}],"replies":[{"embeddable":true,"href":"https:\/\/emcglobalindustrial.com\/fr\/wp-json\/wp\/v2\/comments?post=1985"}],"wp:featuredmedia":[{"embeddable":true,"href":"https:\/\/emcglobalindustrial.com\/fr\/wp-json\/wp\/v2\/media\/1987"}],"wp:attachment":[{"href":"https:\/\/emcglobalindustrial.com\/fr\/wp-json\/wp\/v2\/media?parent=1985"}],"wp:term":[{"taxonomy":"product_brand","embeddable":true,"href":"https:\/\/emcglobalindustrial.com\/fr\/wp-json\/wp\/v2\/product_brand?post=1985"},{"taxonomy":"product_cat","embeddable":true,"href":"https:\/\/emcglobalindustrial.com\/fr\/wp-json\/wp\/v2\/product_cat?post=1985"},{"taxonomy":"product_tag","embeddable":true,"href":"https:\/\/emcglobalindustrial.com\/fr\/wp-json\/wp\/v2\/product_tag?post=1985"}],"curies":[{"name":"wp","href":"https:\/\/api.w.org\/{rel}","templated":true}]}}