{"id":1951,"date":"2023-02-07T12:46:29","date_gmt":"2023-02-07T17:46:29","guid":{"rendered":"http:\/\/emcglobalindustrial.com\/?post_type=product&#038;p=1951"},"modified":"2026-02-21T10:47:57","modified_gmt":"2026-02-21T15:47:57","slug":"10x5-corral-panel","status":"publish","type":"product","link":"https:\/\/emcglobalindustrial.com\/fr\/produit\/10x5-corral-panel\/","title":{"rendered":"Panneaux de corral de 10 pieds \u00d7 5 pieds (54 panneaux et 2 portes)"},"content":{"rendered":"<h2><strong><b>Caract\u00e9ristiques<\/b><\/strong><\/h2>\n<p>Les panneaux Corral sont con\u00e7us avec la s\u00e9curit\u00e9 de votre b\u00e9tail \u00e0 l'esprit. Ce panneau de haute qualit\u00e9 de 10 pieds \u00d7 5 pieds est fabriqu\u00e9 \u00e0 partir de tiges en acier extr\u00eamement durables et lisses qui maintiennent la s\u00e9curit\u00e9 de vos animaux enferm\u00e9e.<\/p>\n<p>La conception unique des pieds en J offre une petite surface de contact avec le sol pour emp\u00eacher les mouvements ind\u00e9sirables du panneau.<\/p>\n<h2><strong><b>Sp\u00e9cifications<\/b><\/strong><\/h2>\n<ul>\n<li>54 panneaux de corral + 2 portes en un seul lot<\/li>\n<li>Largeur du panneau de corral : 10 pieds<\/li>\n<li>Hauteur du panneau de corral : 5 pieds<\/li>\n<li>Hauteur de la porte : 7 pieds<\/li>\n<li>Largeur de la porte : 4,8 pieds<\/li>\n<li>Diam\u00e8tre du tube : 38mm (1,5 pouces)<\/li>\n<li>Traitement de surface : cadre tubulaire enduit de poudre<\/li>\n<li>Vertical tube: 18gauge<\/li>\n<li>Horizontal tube: 19gauge<\/li>\n<\/ul>\n<h2><strong>Warranty<\/strong><\/h2>\n<ul>\n<li><a href=\"http:\/\/emcglobalindustrial.com\/wp-content\/uploads\/2025\/10\/EMC-Farm-Industrial-Inc.-Warranty-Terms-and-Conditions-EN.pdf\" target=\"_blank\" rel=\"noopener\">Warranty Terms and Conditions (EN)<\/a><\/li>\n<li><a href=\"http:\/\/emcglobalindustrial.com\/wp-content\/uploads\/2025\/10\/EMC-Farm-Industrial-Inc.-Conditions-de-Garantie-FR.pdf\" target=\"_blank\" rel=\"noopener\">Conditions de Garantie (FR)<\/a><\/li>\n<\/ul>\n<h2><strong><b>D\u00e9tails d'emballage<\/b><\/strong><\/h2>\n<ul>\n<li>Taille (pouces) : 118L*59W*96H<\/li>\n<li>Poids (lb): 2511<\/li>\n<\/ul>","protected":false},"excerpt":{"rendered":"<p>Features The Corral Panels is designed with the security of your livestock in mind. This high quality 10FT \u00d75FT panel is made if extremely durable and smooth steel rods that keep your animals safety enclosed. Unique J-leg design offers a small contact surface with ground for preventing unwanted panel movement.&hellip; <\/p>","protected":false},"featured_media":2058,"comment_status":"open","ping_status":"closed","template":"","meta":[],"product_brand":[],"product_cat":[92,71],"product_tag":[],"class_list":{"0":"post-1951","1":"product","2":"type-product","3":"status-publish","4":"has-post-thumbnail","6":"product_cat-homegarden","7":"product_cat-iron-fence","9":"first","10":"instock","11":"shipping-taxable","12":"purchasable","13":"product-type-simple"},"_links":{"self":[{"href":"https:\/\/emcglobalindustrial.com\/fr\/wp-json\/wp\/v2\/product\/1951","targetHints":{"allow":["GET"]}}],"collection":[{"href":"https:\/\/emcglobalindustrial.com\/fr\/wp-json\/wp\/v2\/product"}],"about":[{"href":"https:\/\/emcglobalindustrial.com\/fr\/wp-json\/wp\/v2\/types\/product"}],"replies":[{"embeddable":true,"href":"https:\/\/emcglobalindustrial.com\/fr\/wp-json\/wp\/v2\/comments?post=1951"}],"wp:featuredmedia":[{"embeddable":true,"href":"https:\/\/emcglobalindustrial.com\/fr\/wp-json\/wp\/v2\/media\/2058"}],"wp:attachment":[{"href":"https:\/\/emcglobalindustrial.com\/fr\/wp-json\/wp\/v2\/media?parent=1951"}],"wp:term":[{"taxonomy":"product_brand","embeddable":true,"href":"https:\/\/emcglobalindustrial.com\/fr\/wp-json\/wp\/v2\/product_brand?post=1951"},{"taxonomy":"product_cat","embeddable":true,"href":"https:\/\/emcglobalindustrial.com\/fr\/wp-json\/wp\/v2\/product_cat?post=1951"},{"taxonomy":"product_tag","embeddable":true,"href":"https:\/\/emcglobalindustrial.com\/fr\/wp-json\/wp\/v2\/product_tag?post=1951"}],"curies":[{"name":"wp","href":"https:\/\/api.w.org\/{rel}","templated":true}]}}