{"id":1913,"date":"2023-02-06T10:06:45","date_gmt":"2023-02-06T15:06:45","guid":{"rendered":"http:\/\/emcglobalindustrial.com\/?post_type=product&#038;p=1913"},"modified":"2025-11-27T15:37:15","modified_gmt":"2025-11-27T20:37:15","slug":"1-6-2t-three-wheel-electric-forklift","status":"publish","type":"product","link":"https:\/\/emcglobalindustrial.com\/fr\/produit\/1-6-2t-three-wheel-electric-forklift\/","title":{"rendered":"Chariot \u00e9l\u00e9vateur \u00e9lectrique \u00e0 trois roues 1.6-2T"},"content":{"rendered":"<h2><strong>Sp\u00e9cifications<\/strong><\/h2>\n<ul>\n<li>Capacit\u00e9 de charge nominale (Kg): 2500<\/li>\n<li>Capacit\u00e9 de charge maximale au plus haut (Kg): 1700<\/li>\n<li>Centre de charge (mm): 500<\/li>\n<li>Hauteur de levage du m\u00e2t (mm) : 4800<\/li>\n<li>Lev\u00e9e libre du m\u00e2t (mm): 1150<\/li>\n<li>Vitesse de conduite (km\/h): 12<\/li>\n<li>Traction de la barre d'attelage (avec charge) (KN): 17<\/li>\n<li>Rayon de braquage (mm): 2200<\/li>\n<li>Longueur totale (sans fourches)(mm): 2410<\/li>\n<li>Largeur hors tout (mm): 1163<\/li>\n<li>Hauteur du prot\u00e8ge-conducteur(mm): 2145<\/li>\n<li>Hauteur du m\u00e2t, \u00e9tendu (mm): 5870<\/li>\n<li>Fourche(mm): 40x122x1220<\/li>\n<\/ul>\n<h2><strong>Warranty<\/strong><\/h2>\n<ul>\n<li><a href=\"http:\/\/emcglobalindustrial.com\/wp-content\/uploads\/2025\/10\/EMC-Farm-Industrial-Inc.-Warranty-Terms-and-Conditions-EN.pdf\" target=\"_blank\" rel=\"noopener\">Warranty Terms and Conditions (EN)<\/a><\/li>\n<li><a href=\"http:\/\/emcglobalindustrial.com\/wp-content\/uploads\/2025\/10\/EMC-Farm-Industrial-Inc.-Conditions-de-Garantie-FR.pdf\" target=\"_blank\" rel=\"noopener\">Conditions de Garantie (FR)<\/a><\/li>\n<\/ul>","protected":false},"excerpt":{"rendered":"<p>Specifications Rated load capacity (Kg): 2500 Max load capacity at highest (Kg): 1700 Load Center (mm): 500 Mast Lifting height (mm): 4800 Mast Free Lift (mm): 1150 Driving Speed (km\/h): 12 Drawbar Pulll(With Load) (KN): 17 Turning Radius(mm): 2200 Overall length(without forks)(mm): 2410 Overall width(mm): 1163 Height of overhead guard(mm):&hellip; <\/p>","protected":false},"featured_media":1914,"comment_status":"open","ping_status":"closed","template":"","meta":[],"product_brand":[],"product_cat":[64],"product_tag":[],"class_list":{"0":"post-1913","1":"product","2":"type-product","3":"status-publish","4":"has-post-thumbnail","6":"product_cat-electric-equipment-and-machinery","8":"first","9":"instock","10":"shipping-taxable","11":"purchasable","12":"product-type-simple"},"_links":{"self":[{"href":"https:\/\/emcglobalindustrial.com\/fr\/wp-json\/wp\/v2\/product\/1913","targetHints":{"allow":["GET"]}}],"collection":[{"href":"https:\/\/emcglobalindustrial.com\/fr\/wp-json\/wp\/v2\/product"}],"about":[{"href":"https:\/\/emcglobalindustrial.com\/fr\/wp-json\/wp\/v2\/types\/product"}],"replies":[{"embeddable":true,"href":"https:\/\/emcglobalindustrial.com\/fr\/wp-json\/wp\/v2\/comments?post=1913"}],"wp:featuredmedia":[{"embeddable":true,"href":"https:\/\/emcglobalindustrial.com\/fr\/wp-json\/wp\/v2\/media\/1914"}],"wp:attachment":[{"href":"https:\/\/emcglobalindustrial.com\/fr\/wp-json\/wp\/v2\/media?parent=1913"}],"wp:term":[{"taxonomy":"product_brand","embeddable":true,"href":"https:\/\/emcglobalindustrial.com\/fr\/wp-json\/wp\/v2\/product_brand?post=1913"},{"taxonomy":"product_cat","embeddable":true,"href":"https:\/\/emcglobalindustrial.com\/fr\/wp-json\/wp\/v2\/product_cat?post=1913"},{"taxonomy":"product_tag","embeddable":true,"href":"https:\/\/emcglobalindustrial.com\/fr\/wp-json\/wp\/v2\/product_tag?post=1913"}],"curies":[{"name":"wp","href":"https:\/\/api.w.org\/{rel}","templated":true}]}}