{"id":1886,"date":"2023-01-25T12:03:04","date_gmt":"2023-01-25T17:03:04","guid":{"rendered":"http:\/\/emcglobalindustrial.com\/?post_type=product&#038;p=1886"},"modified":"2023-10-16T13:27:46","modified_gmt":"2023-10-16T17:27:46","slug":"expandable-container-house-ech002-r","status":"publish","type":"product","link":"https:\/\/emcglobalindustrial.com\/fr\/produit\/expandable-container-house-ech002-r\/","title":{"rendered":"Maison de conteneur extensible (ECH002-R)"},"content":{"rendered":"<div style=\"width: 640px;\" class=\"wp-video\"><video class=\"wp-video-shortcode\" id=\"video-1886-1\" width=\"640\" height=\"368\" preload=\"metadata\" controls=\"controls\"><source type=\"video\/mp4\" src=\"http:\/\/emcglobalindustrial.com\/wp-content\/uploads\/2023\/01\/container_house_install_1.mp4?_=1\" \/><a href=\"http:\/\/emcglobalindustrial.com\/wp-content\/uploads\/2023\/01\/container_house_install_1.mp4\">http:\/\/emcglobalindustrial.com\/wp-content\/uploads\/2023\/01\/container_house_install_1.mp4<\/a><\/video><\/div>\n<h3>398 pi carr\u00e9s\u00a0avec une salle de bain et une cuisine, toit \u00e0 pignon<\/h3>\n<p>&nbsp;<\/p>\n<h2><strong><b>C<\/b><\/strong><strong><b>aract\u00e9ristiques<\/b><\/strong><\/h2>\n<p>La maison mobile extensible de 398\u00a0pieds carr\u00e9s EMC comprenant une salle de bain et une cuisine. Le toit \u00e0 pignon offre une meilleure isolation et augmente la capacit\u00e9 \u00e0 r\u00e9sister \u00e0 la neige. Il est facile \u00e0 transporter et \u00e0 installer, peut \u00eatre utilis\u00e9 comme bureau ou maison d'habitation. Le solide cadre en tube carr\u00e9 en acier galvanis\u00e9 et le toit renforc\u00e9 dureront de nombreuses ann\u00e9es.<\/p>\n<p>&nbsp;<\/p>\n<h2><strong><b>Sp\u00e9cifications<\/b><\/strong><\/h2>\n<ul>\n<li>Taille \u00e9tendue : 19,19pi\u00d720,66pi\u00d78,30pi<\/li>\n<li>Taille ferm\u00e9e\u00a0: 19,19pi\u00d77,38pi\u00d78,30pi<\/li>\n<li>Taille interne : 398 pieds carr\u00e9s<\/li>\n<li>Ch\u00e2ssis principal : tube carr\u00e9 en acier galvanis\u00e9<\/li>\n<li>1 porte battante et 9 fen\u00eatres \u00e0 double vitrage.<\/li>\n<li>Raccords \u00e9lectriques pr\u00e9assembl\u00e9s<\/li>\n<li>Tuyaux de plomberie pr\u00e9fabriqu\u00e9s<\/li>\n<li>The wall and roof had been insulated:<\/li>\n<li>&#8212;The house ceiling 50mm EPS panel + gable roof panel 50mm EPS panel<\/li>\n<li>\u00a0 \u00a0 Total R value is R24<\/li>\n<li>&#8212;House wall is 50mm EPS panel, R value is R12<\/li>\n<\/ul>\n<h2>D\u00e9tail d'emballage<\/h2>\n<ul>\n<li>Packing Size (Inch): 19.19FT*7.38FT*8.30FT<\/li>\n<li>Weight (lb): 8889 LBS<\/li>\n<\/ul>","protected":false},"excerpt":{"rendered":"<p>398Sq.ft\u00a0with one Bathroom and one Kitchen, Gable roof &nbsp; Features The EMC heavy duty 398Sq.ft Mobile Expandable\u00a0House Including one bathroom and one kitchen. Gable roof provides better insulation and increase the ability to withstand snow. It is easy to transport and install, can be used as an office or living&hellip; <\/p>","protected":false},"featured_media":2066,"comment_status":"open","ping_status":"closed","template":"","meta":[],"product_brand":[],"product_cat":[86,90],"product_tag":[],"class_list":{"0":"post-1886","1":"product","2":"type-product","3":"status-publish","4":"has-post-thumbnail","6":"product_cat-container","7":"product_cat-container-house","9":"first","10":"instock","11":"shipping-taxable","12":"purchasable","13":"product-type-simple"},"_links":{"self":[{"href":"https:\/\/emcglobalindustrial.com\/fr\/wp-json\/wp\/v2\/product\/1886","targetHints":{"allow":["GET"]}}],"collection":[{"href":"https:\/\/emcglobalindustrial.com\/fr\/wp-json\/wp\/v2\/product"}],"about":[{"href":"https:\/\/emcglobalindustrial.com\/fr\/wp-json\/wp\/v2\/types\/product"}],"replies":[{"embeddable":true,"href":"https:\/\/emcglobalindustrial.com\/fr\/wp-json\/wp\/v2\/comments?post=1886"}],"wp:featuredmedia":[{"embeddable":true,"href":"https:\/\/emcglobalindustrial.com\/fr\/wp-json\/wp\/v2\/media\/2066"}],"wp:attachment":[{"href":"https:\/\/emcglobalindustrial.com\/fr\/wp-json\/wp\/v2\/media?parent=1886"}],"wp:term":[{"taxonomy":"product_brand","embeddable":true,"href":"https:\/\/emcglobalindustrial.com\/fr\/wp-json\/wp\/v2\/product_brand?post=1886"},{"taxonomy":"product_cat","embeddable":true,"href":"https:\/\/emcglobalindustrial.com\/fr\/wp-json\/wp\/v2\/product_cat?post=1886"},{"taxonomy":"product_tag","embeddable":true,"href":"https:\/\/emcglobalindustrial.com\/fr\/wp-json\/wp\/v2\/product_tag?post=1886"}],"curies":[{"name":"wp","href":"https:\/\/api.w.org\/{rel}","templated":true}]}}