{"id":1853,"date":"2023-01-09T13:00:31","date_gmt":"2023-01-09T18:00:31","guid":{"rendered":"http:\/\/emcglobalindustrial.com\/?post_type=product&#038;p=1853"},"modified":"2025-11-27T15:50:44","modified_gmt":"2025-11-27T20:50:44","slug":"1-cy-self-dumping-hopper","status":"publish","type":"product","link":"https:\/\/emcglobalindustrial.com\/fr\/produit\/1-cy-self-dumping-hopper\/","title":{"rendered":"1 tr\u00e9mie auto-basculante CY"},"content":{"rendered":"<h2><strong><b>Caract\u00e9ristiques<\/b><\/strong><\/h2>\n<p>Les tr\u00e9mies en acier auto-basculantes \u00e0 usage intensif EMC sont l'un des \u00e9quipements de manutention les plus simples et les plus pratiques qu'une seule personne peut utiliser. La tr\u00e9mie peut se vider, se redresser et se verrouiller en toute s\u00e9curit\u00e9 avec tr\u00e8s peu d'effort humain.<\/p>\n<h2><strong><b>Sp\u00e9cifications<\/b><\/strong><\/h2>\n<ul>\n<li>Capacit\u00e9 : 1 verge cube<\/li>\n<li>Fork Pocket Height: 3&#8243;<\/li>\n<li>Fork Pocket Width: 28-1\/2&#8243;<\/li>\n<li>Fork Pocket Depth: 54&#8243;<\/li>\n<li>Hopper Base: Standard<\/li>\n<li>Y compris cha\u00eene de protection<\/li>\n<li>Couleur : Jaune<\/li>\n<\/ul>\n<h2><strong>Warranty<\/strong><\/h2>\n<ul>\n<li><a href=\"http:\/\/emcglobalindustrial.com\/wp-content\/uploads\/2025\/10\/EMC-Farm-Industrial-Inc.-Warranty-Terms-and-Conditions-EN.pdf\" target=\"_blank\" rel=\"noopener\">Warranty Terms and Conditions (EN)<\/a><\/li>\n<li><a href=\"http:\/\/emcglobalindustrial.com\/wp-content\/uploads\/2025\/10\/EMC-Farm-Industrial-Inc.-Conditions-de-Garantie-FR.pdf\" target=\"_blank\" rel=\"noopener\">Conditions de Garantie (FR)<\/a><\/li>\n<\/ul>\n<h2><strong><b>D<\/b><\/strong><strong><b>\u00e9tails d'emballage<\/b><\/strong><\/h2>\n<ul>\n<li>Taille : 63\"(L)\u00d741\"(W)\u00d743\"(H)<\/li>\n<li>Poids : 650 livres<\/li>\n<\/ul>","protected":false},"excerpt":{"rendered":"<p>Features The EMC Heavy Duty Self-Dumping Steel Hoppers are one of the easiest and most convenient pieces of material handling equipment that one person can operate. The hopper can dump itself, right itself, and lock itself safely back into position with very little human effort involved. Specifications Capacity: 1 Cubic&hellip; <\/p>","protected":false},"featured_media":2437,"comment_status":"open","ping_status":"closed","template":"","meta":[],"product_brand":[],"product_cat":[100],"product_tag":[],"class_list":{"0":"post-1853","1":"product","2":"type-product","3":"status-publish","4":"has-post-thumbnail","6":"product_cat-attachment","8":"first","9":"instock","10":"shipping-taxable","11":"purchasable","12":"product-type-simple"},"_links":{"self":[{"href":"https:\/\/emcglobalindustrial.com\/fr\/wp-json\/wp\/v2\/product\/1853","targetHints":{"allow":["GET"]}}],"collection":[{"href":"https:\/\/emcglobalindustrial.com\/fr\/wp-json\/wp\/v2\/product"}],"about":[{"href":"https:\/\/emcglobalindustrial.com\/fr\/wp-json\/wp\/v2\/types\/product"}],"replies":[{"embeddable":true,"href":"https:\/\/emcglobalindustrial.com\/fr\/wp-json\/wp\/v2\/comments?post=1853"}],"wp:featuredmedia":[{"embeddable":true,"href":"https:\/\/emcglobalindustrial.com\/fr\/wp-json\/wp\/v2\/media\/2437"}],"wp:attachment":[{"href":"https:\/\/emcglobalindustrial.com\/fr\/wp-json\/wp\/v2\/media?parent=1853"}],"wp:term":[{"taxonomy":"product_brand","embeddable":true,"href":"https:\/\/emcglobalindustrial.com\/fr\/wp-json\/wp\/v2\/product_brand?post=1853"},{"taxonomy":"product_cat","embeddable":true,"href":"https:\/\/emcglobalindustrial.com\/fr\/wp-json\/wp\/v2\/product_cat?post=1853"},{"taxonomy":"product_tag","embeddable":true,"href":"https:\/\/emcglobalindustrial.com\/fr\/wp-json\/wp\/v2\/product_tag?post=1853"}],"curies":[{"name":"wp","href":"https:\/\/api.w.org\/{rel}","templated":true}]}}