{"id":1849,"date":"2023-01-09T11:23:49","date_gmt":"2023-01-09T16:23:49","guid":{"rendered":"http:\/\/emcglobalindustrial.com\/?post_type=product&#038;p=1849"},"modified":"2025-11-10T16:16:27","modified_gmt":"2025-11-10T21:16:27","slug":"350ft-temporary-site-fencing","status":"publish","type":"product","link":"https:\/\/emcglobalindustrial.com\/fr\/produit\/350ft-temporary-site-fencing\/","title":{"rendered":"350FT Temporary Site Fencing"},"content":{"rendered":"<h2><strong><b>Caract\u00e9ristiques<\/b><\/strong><\/h2>\n<p>La cl\u00f4ture de site temporaire galvanis\u00e9e \u00e0 usage intensif EMC offre une solution simple pour assurer la s\u00e9curit\u00e9 et le contr\u00f4le d'une zone. Sa polyvalence et sa facilit\u00e9 d'installation en font un excellent choix pour de nombreux propri\u00e9taires \u00e0 des fins diff\u00e9rentes.<\/p>\n<h2><strong><b>Sp\u00e9cifications<\/b><\/strong><\/h2>\n<ul>\n<li>Largeur : 7\"<\/li>\n<li>Hauteur : 4\"<\/li>\n<li>Poids : 26 lb par panneau<\/li>\n<\/ul>\n<h2><strong>Warranty<\/strong><\/h2>\n<ul>\n<li><a href=\"http:\/\/emcglobalindustrial.com\/wp-content\/uploads\/2025\/10\/EMC-Farm-Industrial-Inc.-Warranty-Terms-and-Conditions-EN.pdf\" target=\"_blank\" rel=\"noopener\">Warranty Terms and Conditions (EN)<\/a><\/li>\n<li><a href=\"http:\/\/emcglobalindustrial.com\/wp-content\/uploads\/2025\/10\/EMC-Farm-Industrial-Inc.-Conditions-de-Garantie-FR.pdf\" target=\"_blank\" rel=\"noopener\">Conditions de Garantie (FR)<\/a><\/li>\n<\/ul>","protected":false},"excerpt":{"rendered":"<p>Features The EMC Heavy Duty Galvanized Temporary Site Fencing offers an easy solution to ensure safety and control of an area. Its versatility and ease of set up make it an excellent choice for many property owners to serve different purposes. Specifications Width: 7\u201d Height: 4\u201d Weight: 26 lbs per&hellip; <\/p>","protected":false},"featured_media":3337,"comment_status":"open","ping_status":"closed","template":"","meta":[],"product_brand":[],"product_cat":[92,71],"product_tag":[],"class_list":{"0":"post-1849","1":"product","2":"type-product","3":"status-publish","4":"has-post-thumbnail","6":"product_cat-homegarden","7":"product_cat-iron-fence","9":"first","10":"instock","11":"shipping-taxable","12":"purchasable","13":"product-type-simple"},"_links":{"self":[{"href":"https:\/\/emcglobalindustrial.com\/fr\/wp-json\/wp\/v2\/product\/1849","targetHints":{"allow":["GET"]}}],"collection":[{"href":"https:\/\/emcglobalindustrial.com\/fr\/wp-json\/wp\/v2\/product"}],"about":[{"href":"https:\/\/emcglobalindustrial.com\/fr\/wp-json\/wp\/v2\/types\/product"}],"replies":[{"embeddable":true,"href":"https:\/\/emcglobalindustrial.com\/fr\/wp-json\/wp\/v2\/comments?post=1849"}],"wp:featuredmedia":[{"embeddable":true,"href":"https:\/\/emcglobalindustrial.com\/fr\/wp-json\/wp\/v2\/media\/3337"}],"wp:attachment":[{"href":"https:\/\/emcglobalindustrial.com\/fr\/wp-json\/wp\/v2\/media?parent=1849"}],"wp:term":[{"taxonomy":"product_brand","embeddable":true,"href":"https:\/\/emcglobalindustrial.com\/fr\/wp-json\/wp\/v2\/product_brand?post=1849"},{"taxonomy":"product_cat","embeddable":true,"href":"https:\/\/emcglobalindustrial.com\/fr\/wp-json\/wp\/v2\/product_cat?post=1849"},{"taxonomy":"product_tag","embeddable":true,"href":"https:\/\/emcglobalindustrial.com\/fr\/wp-json\/wp\/v2\/product_tag?post=1849"}],"curies":[{"name":"wp","href":"https:\/\/api.w.org\/{rel}","templated":true}]}}