{"id":1848,"date":"2023-01-09T11:09:10","date_gmt":"2023-01-09T16:09:10","guid":{"rendered":"http:\/\/emcglobalindustrial.com\/?post_type=product&#038;p=1848"},"modified":"2025-11-27T16:18:26","modified_gmt":"2025-11-27T21:18:26","slug":"72-skid-steer-rock-grapple-bucket","status":"publish","type":"product","link":"https:\/\/emcglobalindustrial.com\/fr\/produit\/72-skid-steer-rock-grapple-bucket\/","title":{"rendered":"Godet \u00e0 grappin \u00e0 roche de 72 po"},"content":{"rendered":"<h2><strong>Sp\u00e9cifications<\/strong><\/h2>\n<ul>\n<li>Largeur de fonctionnement : 1830mm<\/li>\n<li>Largeurs de grappin : 20\u2033 (I.D.)<\/li>\n<li>Pression de fonctionnement : 16-21 MPa<\/li>\n<\/ul>\n<h2><strong>Warranty<\/strong><\/h2>\n<ul>\n<li><a href=\"http:\/\/emcglobalindustrial.com\/wp-content\/uploads\/2025\/10\/EMC-Farm-Industrial-Inc.-Warranty-Terms-and-Conditions-EN.pdf\" target=\"_blank\" rel=\"noopener\">Warranty Terms and Conditions (EN)<\/a><\/li>\n<li><a href=\"http:\/\/emcglobalindustrial.com\/wp-content\/uploads\/2025\/10\/EMC-Farm-Industrial-Inc.-Conditions-de-Garantie-FR.pdf\" target=\"_blank\" rel=\"noopener\">Conditions de Garantie (FR)<\/a><\/li>\n<\/ul>\n<h2><strong>D\u00e9tails d'emballage<\/strong><\/h2>\n<ul>\n<li>Taille de l'emballage : 80x44x31 pouces<\/li>\n<li>Poids de l'emballage\u00a0: 670\u00a0lb<\/li>\n<\/ul>\n<h2><em><strong>Godet \u00e0 grappin \u00e0 roche de 72 po<\/strong><\/em><\/h2>\n<div style=\"width: 368px;\" class=\"wp-video\"><video class=\"wp-video-shortcode\" id=\"video-1848-1\" width=\"368\" height=\"640\" autoplay preload=\"metadata\" controls=\"controls\"><source type=\"video\/mp4\" src=\"http:\/\/emcglobalindustrial.com\/wp-content\/uploads\/2023\/01\/72-Skid-Steer-Rock-Grapple-Bucket.mp4?_=1\" \/><a href=\"http:\/\/emcglobalindustrial.com\/wp-content\/uploads\/2023\/01\/72-Skid-Steer-Rock-Grapple-Bucket.mp4\">http:\/\/emcglobalindustrial.com\/wp-content\/uploads\/2023\/01\/72-Skid-Steer-Rock-Grapple-Bucket.mp4<\/a><\/video><\/div>","protected":false},"excerpt":{"rendered":"<p>Specifications Operating Width: 1830mm Grapple Widths: 20&#8243; (I.D.) Operating pressure: 16-21 Mpa Warranty Warranty Terms and Conditions (EN) Conditions de Garantie (FR) Packing Details Packing size: 80*44*31 Inches Packing weight: 670 lbs 72\u201d Skid Steer Rock Grapple Bucket<\/p>","protected":false},"featured_media":1843,"comment_status":"open","ping_status":"closed","template":"","meta":[],"product_brand":[],"product_cat":[100],"product_tag":[],"class_list":{"0":"post-1848","1":"product","2":"type-product","3":"status-publish","4":"has-post-thumbnail","6":"product_cat-attachment","8":"first","9":"instock","10":"shipping-taxable","11":"purchasable","12":"product-type-simple"},"_links":{"self":[{"href":"https:\/\/emcglobalindustrial.com\/fr\/wp-json\/wp\/v2\/product\/1848","targetHints":{"allow":["GET"]}}],"collection":[{"href":"https:\/\/emcglobalindustrial.com\/fr\/wp-json\/wp\/v2\/product"}],"about":[{"href":"https:\/\/emcglobalindustrial.com\/fr\/wp-json\/wp\/v2\/types\/product"}],"replies":[{"embeddable":true,"href":"https:\/\/emcglobalindustrial.com\/fr\/wp-json\/wp\/v2\/comments?post=1848"}],"wp:featuredmedia":[{"embeddable":true,"href":"https:\/\/emcglobalindustrial.com\/fr\/wp-json\/wp\/v2\/media\/1843"}],"wp:attachment":[{"href":"https:\/\/emcglobalindustrial.com\/fr\/wp-json\/wp\/v2\/media?parent=1848"}],"wp:term":[{"taxonomy":"product_brand","embeddable":true,"href":"https:\/\/emcglobalindustrial.com\/fr\/wp-json\/wp\/v2\/product_brand?post=1848"},{"taxonomy":"product_cat","embeddable":true,"href":"https:\/\/emcglobalindustrial.com\/fr\/wp-json\/wp\/v2\/product_cat?post=1848"},{"taxonomy":"product_tag","embeddable":true,"href":"https:\/\/emcglobalindustrial.com\/fr\/wp-json\/wp\/v2\/product_tag?post=1848"}],"curies":[{"name":"wp","href":"https:\/\/api.w.org\/{rel}","templated":true}]}}