{"id":1847,"date":"2023-01-09T11:06:44","date_gmt":"2023-01-09T16:06:44","guid":{"rendered":"http:\/\/emcglobalindustrial.com\/?post_type=product&#038;p=1847"},"modified":"2025-11-27T15:57:17","modified_gmt":"2025-11-27T20:57:17","slug":"84-skid-steer-snow-plow","status":"publish","type":"product","link":"https:\/\/emcglobalindustrial.com\/fr\/produit\/84-skid-steer-snow-plow\/","title":{"rendered":"Chasse-neige \u00e0 direction \u00e0 glissement de 84 po"},"content":{"rendered":"<h2><strong>Sp\u00e9cifications<\/strong><\/h2>\n<ul>\n<li>Largeur de fonctionnement : 2130mm<\/li>\n<li>Hauteur de fonctionnement\u00a0: 720mm<\/li>\n<li>Longueur de fonctionnement\u00a0: 970mm<\/li>\n<li>Poids propre\u00a0: 380kg<\/li>\n<li>Degr\u00e9 de rotation : \u00b122\u00b0<\/li>\n<\/ul>\n<h2><strong>Warranty<\/strong><\/h2>\n<ul>\n<li><a href=\"http:\/\/emcglobalindustrial.com\/wp-content\/uploads\/2025\/10\/EMC-Farm-Industrial-Inc.-Warranty-Terms-and-Conditions-EN.pdf\" target=\"_blank\" rel=\"noopener\">Warranty Terms and Conditions (EN)<\/a><\/li>\n<li><a href=\"http:\/\/emcglobalindustrial.com\/wp-content\/uploads\/2025\/10\/EMC-Farm-Industrial-Inc.-Conditions-de-Garantie-FR.pdf\" target=\"_blank\" rel=\"noopener\">Conditions de Garantie (FR)<\/a><\/li>\n<\/ul>\n<h2><strong>D\u00e9tails d'emballage<\/strong><\/h2>\n<ul>\n<li>Taille de l'emballage : 87x42x31pouces<\/li>\n<li>Poids de l'emballage : 956lb<\/li>\n<\/ul>\n<div style=\"width: 720px;\" class=\"wp-video\"><video class=\"wp-video-shortcode\" id=\"video-1847-1\" width=\"720\" height=\"1280\" preload=\"metadata\" controls=\"controls\"><source type=\"video\/mp4\" src=\"http:\/\/emcglobalindustrial.com\/wp-content\/uploads\/2023\/09\/Skid-Steer-Snow-Plow.mp4?_=1\" \/><a href=\"http:\/\/emcglobalindustrial.com\/wp-content\/uploads\/2023\/09\/Skid-Steer-Snow-Plow.mp4\">http:\/\/emcglobalindustrial.com\/wp-content\/uploads\/2023\/09\/Skid-Steer-Snow-Plow.mp4<\/a><\/video><\/div>","protected":false},"excerpt":{"rendered":"<p>Specifications Operating Width: 2130mm Operating Height: 720mm Operating Length: 970mm Self Weight: 380kgs Rotation degree: \u00b122\u00b0 Warranty Warranty Terms and Conditions (EN) Conditions de Garantie (FR) Packing Details Packing size: 87*42*31 Inches Packing weight: 956 lbs<\/p>","protected":false},"featured_media":2585,"comment_status":"open","ping_status":"closed","template":"","meta":[],"product_brand":[],"product_cat":[122],"product_tag":[],"class_list":{"0":"post-1847","1":"product","2":"type-product","3":"status-publish","4":"has-post-thumbnail","6":"product_cat-snow-remove","8":"first","9":"instock","10":"shipping-taxable","11":"purchasable","12":"product-type-simple"},"_links":{"self":[{"href":"https:\/\/emcglobalindustrial.com\/fr\/wp-json\/wp\/v2\/product\/1847","targetHints":{"allow":["GET"]}}],"collection":[{"href":"https:\/\/emcglobalindustrial.com\/fr\/wp-json\/wp\/v2\/product"}],"about":[{"href":"https:\/\/emcglobalindustrial.com\/fr\/wp-json\/wp\/v2\/types\/product"}],"replies":[{"embeddable":true,"href":"https:\/\/emcglobalindustrial.com\/fr\/wp-json\/wp\/v2\/comments?post=1847"}],"wp:featuredmedia":[{"embeddable":true,"href":"https:\/\/emcglobalindustrial.com\/fr\/wp-json\/wp\/v2\/media\/2585"}],"wp:attachment":[{"href":"https:\/\/emcglobalindustrial.com\/fr\/wp-json\/wp\/v2\/media?parent=1847"}],"wp:term":[{"taxonomy":"product_brand","embeddable":true,"href":"https:\/\/emcglobalindustrial.com\/fr\/wp-json\/wp\/v2\/product_brand?post=1847"},{"taxonomy":"product_cat","embeddable":true,"href":"https:\/\/emcglobalindustrial.com\/fr\/wp-json\/wp\/v2\/product_cat?post=1847"},{"taxonomy":"product_tag","embeddable":true,"href":"https:\/\/emcglobalindustrial.com\/fr\/wp-json\/wp\/v2\/product_tag?post=1847"}],"curies":[{"name":"wp","href":"https:\/\/api.w.org\/{rel}","templated":true}]}}